{"id":9999,"date":"2016-11-24T13:29:04","date_gmt":"2016-11-24T18:29:04","guid":{"rendered":"http:\/\/52.229.122.34\/fr\/?page_id=9999"},"modified":"2021-03-30T13:27:23","modified_gmt":"2021-03-30T17:27:23","slug":"centre-de-readaptation","status":"publish","type":"page","link":"https:\/\/www.ottawahospital.on.ca\/fr\/services-cliniques\/deptpgrmcs\/departements\/centre-de-readaptation\/","title":{"rendered":"Centre de r\u00e9adaptation"},"content":{"rendered":"<div class=\"row paddingright15\">\n<div class=\"relatedlinks links1 col-md-4 nopaddingright\">\n<h3>J&rsquo;ai besoin de r\u00e9adaptation<\/h3>\n<ul>\n<li class=\"paddingtop20 paddingbottom20\"><a href=\"\/fr\/services-cliniques\/deptpgrmcs\/departements\/centre-de-readaptation\/services-et-cliniques\/\">Services offerts<\/a><\/li>\n<\/ul>\n<\/div>\n<div class=\"relatedlinks links2 col-md-4 nopaddingright\">\n<h3>Je vais \u00eatre hospitalis\u00e9<\/h3>\n<ul>\n<li class=\"paddingtop20 paddingbottom20\"><a href=\"\/fr\/services-cliniques\/deptpgrmcs\/departements\/centre-de-readaptation\/demande-de-service\/\">Mon admission<\/a><\/li>\n<li class=\"paddingtop20 paddingbottom20\"><a href=\"\/fr\/services-cliniques\/deptpgrmcs\/departements\/centre-de-readaptation\/au-sujet-du-centre-de-readaptation\/equipes-de-readaptation\/\">Mon \u00e9quipe de soins<\/a><\/li>\n<\/ul>\n<\/div>\n<div class=\"relatedlinks links3 col-md-4 nopaddingright\">\n<h3>J\u2019ai besoin de soutien et de suivi<\/h3>\n<ul>\n<li class=\"paddingtop10 paddingbottom10\"><a href=\"\/fr\/services-cliniques\/deptpgrmcs\/departements\/centre-de-readaptation\/retour-dans-la-collectivite\/\">Soutien apr\u00e8s le traitement<\/a><\/li>\n<li class=\"paddingtop10 paddingbottom10\"><a href=\"\/fr\/services-cliniques\/deptpgrmcs\/departements\/centre-de-readaptation\/au-sujet-du-centre-de-readaptation\/pour-nous-joindre\/\">Renseignements sur mes soins<\/a><\/li>\n<\/ul>\n<\/div>\n<\/div>\n","protected":false},"excerpt":{"rendered":"<p>J&rsquo;ai besoin de r\u00e9adaptation Services offerts Je vais \u00eatre hospitalis\u00e9 Mon admission Mon \u00e9quipe de soins J\u2019ai besoin de soutien et de suivi Soutien apr\u00e8s le traitement Renseignements sur mes soins<\/p>\n","protected":false},"author":25,"featured_media":0,"parent":7868,"menu_order":21,"comment_status":"closed","ping_status":"closed","template":"template_landingpage.php","meta":{"_acf_changed":false,"_mc_calendar":[],"footnotes":""},"class_list":["post-9999","page","type-page","status-publish","hentry"],"acf":[],"wps_subtitle":"","_links":{"self":[{"href":"https:\/\/www.ottawahospital.on.ca\/fr\/wp-json\/wp\/v2\/pages\/9999","targetHints":{"allow":["GET"]}}],"collection":[{"href":"https:\/\/www.ottawahospital.on.ca\/fr\/wp-json\/wp\/v2\/pages"}],"about":[{"href":"https:\/\/www.ottawahospital.on.ca\/fr\/wp-json\/wp\/v2\/types\/page"}],"author":[{"embeddable":true,"href":"https:\/\/www.ottawahospital.on.ca\/fr\/wp-json\/wp\/v2\/users\/25"}],"replies":[{"embeddable":true,"href":"https:\/\/www.ottawahospital.on.ca\/fr\/wp-json\/wp\/v2\/comments?post=9999"}],"version-history":[{"count":0,"href":"https:\/\/www.ottawahospital.on.ca\/fr\/wp-json\/wp\/v2\/pages\/9999\/revisions"}],"up":[{"embeddable":true,"href":"https:\/\/www.ottawahospital.on.ca\/fr\/wp-json\/wp\/v2\/pages\/7868"}],"wp:attachment":[{"href":"https:\/\/www.ottawahospital.on.ca\/fr\/wp-json\/wp\/v2\/media?parent=9999"}],"curies":[{"name":"wp","href":"https:\/\/api.w.org\/{rel}","templated":true}]}}