{"id":9591,"date":"2016-11-23T11:33:40","date_gmt":"2016-11-23T16:33:40","guid":{"rendered":"http:\/\/52.229.122.34\/fr\/?page_id=9591"},"modified":"2024-12-17T18:29:09","modified_gmt":"2024-12-17T23:29:09","slug":"nous-joindre","status":"publish","type":"page","link":"https:\/\/www.ottawahospital.on.ca\/fr\/services-cliniques\/deptpgrmcs\/programmes\/centre-foustanellas-dendocrinologie-et-du-diabete\/nous-joindre\/","title":{"rendered":"Nous joindre"},"content":{"rendered":"<h2>Par t\u00e9l\u00e9phone<\/h2>\n<p>Veuillez noter que nous r\u00e9pondons aux appels du lundi au vendredi, de 8 h 30 \u00e0 11 h 15, et de 13 h 30 \u00e0 16 h 15.<\/p>\n<p>T\u00e9l\u00e9phone\u00a0: 613 738-8333<br \/>\nT\u00e9l\u00e9copieur : 613 738-8261<\/p>\n<h2>Patients<\/h2>\n<p><strong>Avant de nous appeler<\/strong>\u00a0pour prendre un rendez-vous ou obtenir des renseignements \u00e0 ce sujet, veuillez visiter\u00a0la page <a href=\"https:\/\/www.ottawahospital.on.ca\/fr\/services-cliniques\/deptpgrmcs\/programmes\/centre-foustanellas-dendocrinologie-et-du-diabete\/pour-les-patients\/votre-rendez-vous\/\">Votre rendez-vous<\/a>. Cette page renferme aussi des d\u00e9tails qui vous aideront \u00e0 vous pr\u00e9parer \u00e0 un prochain rendez-vous.<\/p>\n<p>Centre d\u2019endocrinologie et du diab\u00e8te<br \/>\nL\u2019H\u00f4pital d\u2019Ottawa \u2013 Campus Riverside, 4<sup>e<\/sup> \u00e9tage<br \/>\n1967, promenade Riverside<br \/>\nOttawa ON\u00a0 K1H 7W9<br \/>\nT\u00e9l\u00e9phone : 613 738-8333<br \/>\nT\u00e9l\u00e9copieur : 613 738-8261<br \/>\n<a href=\"https:\/\/www.ottawahospital.on.ca\/fr\/patients-et-visiteurs\/directions-et-plans-des-campus\/comment-se-rendre\/\"><strong>Directions, plans, stationnement<\/strong><\/a><\/p>\n<h2>Heures d\u2019ouverture<\/h2>\n<p>Nos bureaux sont ouverts du lundi au vendredi, de 8\u00a0h \u00e0 17\u00a0h.<\/p>\n<p>Information importante : veuillez noter que nous sommes ferm\u00e9s tous les jours f\u00e9ri\u00e9s.<\/p>\n","protected":false},"excerpt":{"rendered":"<p>Par t\u00e9l\u00e9phone Veuillez noter que nous r\u00e9pondons aux appels du lundi au vendredi, de 8 h 30 \u00e0 11 h 15, et de 13 h 30 \u00e0 16 h 15. T\u00e9l\u00e9phone\u00a0: 613 738-8333 T\u00e9l\u00e9copieur : 613 738-8261 Patients Avant de nous appeler\u00a0pour prendre un rendez-vous ou obtenir des renseignements \u00e0 ce sujet, veuillez visiter\u00a0la page [&hellip;]<\/p>\n","protected":false},"author":25,"featured_media":0,"parent":9536,"menu_order":5,"comment_status":"closed","ping_status":"closed","template":"","meta":{"_acf_changed":false,"_mc_calendar":[],"footnotes":""},"class_list":["post-9591","page","type-page","status-publish","hentry"],"acf":[],"wps_subtitle":"","_links":{"self":[{"href":"https:\/\/www.ottawahospital.on.ca\/fr\/wp-json\/wp\/v2\/pages\/9591","targetHints":{"allow":["GET"]}}],"collection":[{"href":"https:\/\/www.ottawahospital.on.ca\/fr\/wp-json\/wp\/v2\/pages"}],"about":[{"href":"https:\/\/www.ottawahospital.on.ca\/fr\/wp-json\/wp\/v2\/types\/page"}],"author":[{"embeddable":true,"href":"https:\/\/www.ottawahospital.on.ca\/fr\/wp-json\/wp\/v2\/users\/25"}],"replies":[{"embeddable":true,"href":"https:\/\/www.ottawahospital.on.ca\/fr\/wp-json\/wp\/v2\/comments?post=9591"}],"version-history":[{"count":0,"href":"https:\/\/www.ottawahospital.on.ca\/fr\/wp-json\/wp\/v2\/pages\/9591\/revisions"}],"up":[{"embeddable":true,"href":"https:\/\/www.ottawahospital.on.ca\/fr\/wp-json\/wp\/v2\/pages\/9536"}],"wp:attachment":[{"href":"https:\/\/www.ottawahospital.on.ca\/fr\/wp-json\/wp\/v2\/media?parent=9591"}],"curies":[{"name":"wp","href":"https:\/\/api.w.org\/{rel}","templated":true}]}}