{"id":9587,"date":"2016-11-23T11:31:21","date_gmt":"2016-11-23T16:31:21","guid":{"rendered":"http:\/\/52.229.122.34\/fr\/?page_id=9587"},"modified":"2024-12-17T18:27:57","modified_gmt":"2024-12-17T23:27:57","slug":"recherche","status":"publish","type":"page","link":"https:\/\/www.ottawahospital.on.ca\/fr\/services-cliniques\/deptpgrmcs\/programmes\/centre-foustanellas-dendocrinologie-et-du-diabete\/recherche\/","title":{"rendered":"Recherche"},"content":{"rendered":"<p>La recherche fait partie int\u00e9grante de notre travail au Centre d\u2019endocrinologie et du diab\u00e8te. Nos chercheurs participent \u00e0 de nombreuses \u00e9tudes au niveau national et international. Certains de nos m\u00e9decins-chercheurs consacrent plus de 70 % de leur temps \u00e0 la recherche.<\/p>\n<p>Nos chercheurs recrutent des patients afin de participer \u00e0 de la recherche pour mieux cerner la nature du diab\u00e8te, les probl\u00e8mes de cholest\u00e9rol et d\u2019autres maladies, en plus de tester l\u2019efficacit\u00e9 de nouveaux m\u00e9dicaments, appareils ou autres traitements susceptibles d\u2019\u00eatre ensuite approuv\u00e9s en vue leur g\u00e9n\u00e9ralisation.<\/p>\n<p>En outre, la recherche sur le diab\u00e8te englobe trois des programmes de recherche de l\u2019Institut de recherche de l\u2019H\u00f4pital d\u2019Ottawa (<a href=\"https:\/\/www.irho.ca\/OurResearch\/Default.asp\">Maladies chroniques<\/a>,\u00a0<a href=\"https:\/\/www.irho.ca\/OurResearch\/Default.asp\">\u00c9pid\u00e9miologie clinique<\/a>,\u00a0<a href=\"https:\/\/www.irho.ca\/Programs\/Regenerative_Medicine\/default.asp\">M\u00e9decine r\u00e9g\u00e9n\u00e9ratrice<\/a>), et il est actuellement pr\u00e9vu de mettre sur pied un centre de programme pluridisciplinaire consacr\u00e9 \u00e0 la recherche sur le diab\u00e8te, en confortant ainsi l\u2019engagement de l\u2019IRHO de trouver des moyens d\u2019aider les personnes diab\u00e9tiques \u00e0 vivre plus longtemps et en meilleure sant\u00e9.<\/p>\n<p><strong>Participation des patients \u00e0 des \u00e9tudes de recherche <\/strong><\/p>\n<p>Les chercheurs b\u00e9n\u00e9voles au Centre d\u2019endocrinologie et du diab\u00e8te jouent un r\u00f4le pr\u00e9pond\u00e9rant dans la progression des traitements et la compr\u00e9hension du diab\u00e8te et d\u2019autres troubles endocriniens.<\/p>\n<p>Les personnes participant \u00e0 des \u00e9tudes de recherche doivent satisfaire \u00e0 certaines conditions en fonction de l\u2019\u00e9tude et signer un formulaire de consentement \u00e9clair\u00e9. Le consentement \u00e9clair\u00e9 est d\u00e9fini comme \u00e9tant le consentement volontaire donn\u00e9 par la personne (ou le mandataire responsable) pour participer \u00e0 l&rsquo;\u00e9tude apr\u00e8s avoir \u00e9t\u00e9 inform\u00e9e des m\u00e9thodes, proc\u00e9dures, risques et avantages qui r\u00e9sulteront de sa participation. Toute personne doit librement donner son consentement et sans influence indue. Vous avez le droit de vous retirer \u00e0 tout moment de l\u2019\u00e9tude.<\/p>\n<p><a href=\"https:\/\/www.ottawahospital.on.ca\/en\/clinical-services\/deptpgrmcs\/programs\/foustanellas-endocrine-diabetes-centre\/\"><strong>\u00c9tudes acceptant actuellement des participants<\/strong><\/a><\/p>\n<ul>\n<li><strong><a href=\"https:\/\/type1better.com\/en\/the-better-project\/the-better-registry\/\">The BETTER registry<\/a><\/strong><\/li>\n<\/ul>\n","protected":false},"excerpt":{"rendered":"<p>La recherche fait partie int\u00e9grante de notre travail au Centre d\u2019endocrinologie et du diab\u00e8te. Nos chercheurs participent \u00e0 de nombreuses \u00e9tudes au niveau national et international. Certains de nos m\u00e9decins-chercheurs consacrent plus de 70 % de leur temps \u00e0 la recherche. Nos chercheurs recrutent des patients afin de participer \u00e0 de la recherche pour mieux [&hellip;]<\/p>\n","protected":false},"author":25,"featured_media":0,"parent":9536,"menu_order":4,"comment_status":"closed","ping_status":"closed","template":"","meta":{"_acf_changed":false,"_mc_calendar":[],"footnotes":""},"class_list":["post-9587","page","type-page","status-publish","hentry"],"acf":[],"wps_subtitle":"","_links":{"self":[{"href":"https:\/\/www.ottawahospital.on.ca\/fr\/wp-json\/wp\/v2\/pages\/9587","targetHints":{"allow":["GET"]}}],"collection":[{"href":"https:\/\/www.ottawahospital.on.ca\/fr\/wp-json\/wp\/v2\/pages"}],"about":[{"href":"https:\/\/www.ottawahospital.on.ca\/fr\/wp-json\/wp\/v2\/types\/page"}],"author":[{"embeddable":true,"href":"https:\/\/www.ottawahospital.on.ca\/fr\/wp-json\/wp\/v2\/users\/25"}],"replies":[{"embeddable":true,"href":"https:\/\/www.ottawahospital.on.ca\/fr\/wp-json\/wp\/v2\/comments?post=9587"}],"version-history":[{"count":0,"href":"https:\/\/www.ottawahospital.on.ca\/fr\/wp-json\/wp\/v2\/pages\/9587\/revisions"}],"up":[{"embeddable":true,"href":"https:\/\/www.ottawahospital.on.ca\/fr\/wp-json\/wp\/v2\/pages\/9536"}],"wp:attachment":[{"href":"https:\/\/www.ottawahospital.on.ca\/fr\/wp-json\/wp\/v2\/media?parent=9587"}],"curies":[{"name":"wp","href":"https:\/\/api.w.org\/{rel}","templated":true}]}}