{"id":9582,"date":"2016-11-23T11:29:30","date_gmt":"2016-11-23T16:29:30","guid":{"rendered":"http:\/\/52.229.122.34\/fr\/?page_id=9582"},"modified":"2024-12-17T18:26:24","modified_gmt":"2024-12-17T23:26:24","slug":"professionnels-de-la-sante","status":"publish","type":"page","link":"https:\/\/www.ottawahospital.on.ca\/fr\/services-cliniques\/deptpgrmcs\/programmes\/centre-foustanellas-dendocrinologie-et-du-diabete\/professionnels-de-la-sante\/","title":{"rendered":"Professionnels de la sant\u00e9"},"content":{"rendered":"<h2>Demandes de consultation<strong>\u00a0<\/strong><\/h2>\n<p><strong>Une demande de consultation de son m\u00e9decin est obligatoire.<\/strong><\/p>\n<p>Les demandes de consultation doivent \u00eatre accompagn\u00e9es des r\u00e9cents r\u00e9sultats de tests et des documents justificatifs pertinents.<\/p>\n<p>De telles demandes peuvent \u00e0 pr\u00e9sent \u00eatre transmises via la plateforme <a href=\"https:\/\/www.oceanmd.com\/\">Ocean <\/a>ou t\u00e9l\u00e9copi\u00e9es directement au 613\u00a0738-8261.<\/p>\n<h2>Clinique du diab\u00e8te<\/h2>\n<p>Un de nos endocrinologues re\u00e7oit tous les patients dirig\u00e9s vers le programme du diab\u00e8te. Il consulte et recommande des traitements. Il renseignera le patient sur la prise en charge de sa maladie \u00e0 court et \u00e0 long terme, selon le cas. Notre objectif est d\u2019aider le patient \u00e0 mieux g\u00e9rer son diab\u00e8te et faciliter la transition pour qu\u2019il retourne se faire soigner par son m\u00e9decin traitant, si cela est appropri\u00e9.<\/p>\n<p>Toute demande de consultation doit comprendre les renseignements suivants\u00a0:<\/p>\n<ul>\n<li>glyc\u00e9mie \u00e0 jeun et profil lipidique<\/li>\n<li>HbA1c, ratio albumine\/cr\u00e9atinine dans l\u2019urine<\/li>\n<li>liste des m\u00e9dicaments<\/li>\n<li>ant\u00e9c\u00e9dents m\u00e9dicaux pertinents<\/li>\n<\/ul>\n<h2>Clinique d\u2019endocrinologie g\u00e9n\u00e9rale<\/h2>\n<p>Cette clinique accueille les patients atteints de troubles endocriniens en raison d\u2019un mauvais fonctionnement de la thyro\u00efde, de l\u2019hypophyse, de la parathyro\u00efde, des glandes surr\u00e9nales ou des glandes de reproduction (ovaires, testicules).<\/p>\n<p>L\u2019\u00e9valuation pourrait comprendre des examens de r\u00e9f\u00e9rence ou des tests dynamiques de la fonction endocrine, ainsi qu\u2019une biopsie des nodules thyro\u00efdiens par aspiration \u00e0 l\u2019aiguille. On pourrait ensuite pr\u00e9voir un traitement m\u00e9dical des troubles endocriniens dans le cadre d\u2019une prise en charge partag\u00e9e avec le m\u00e9decin de soins primaires.<\/p>\n<p>Toute demande de consultation doit comprendre les renseignements suivants\u00a0:<\/p>\n<ul>\n<li>r\u00e9sultats de r\u00e9cents tests de laboratoire pertinents<\/li>\n<li>r\u00e9sultats d\u2019imagerie<\/li>\n<li>m\u00e9dicaments d\u00e9j\u00e0 essay\u00e9s<\/li>\n<\/ul>\n<h2>Clinique de la diversit\u00e9 des genres<\/h2>\n<p>La Clinique de la diversit\u00e9 des genres \u00e0 L\u2019H\u00f4pital d\u2019Ottawa a pour but d\u2019offrir des soins d\u2019affirmation de genre aux patients atteints de probl\u00e8mes m\u00e9dicaux complexes.\u202f Cette clinique n\u2019a actuellement pas les moyens d\u2019accepter des recommandations pour des soins courants d\u2019affirmation du genre concernant des patients autrement en bonne sant\u00e9.<\/p>\n<p>Voici des exemples de probl\u00e8mes m\u00e9dicaux pouvant faire l\u2019objet d\u2019une recommandation :<\/p>\n<ul>\n<li>cancers hormono-d\u00e9pendants (cancer du sein ou de la prostate)<\/li>\n<li>maladie coronarienne ou accident vasculaire c\u00e9r\u00e9bral pr\u00e9existant<\/li>\n<li>ant\u00e9c\u00e9dents personnels de thrombo-embolie veineuse, d\u2019embolie pulmonaire ou de thrombophilie<\/li>\n<li>hypertension et (ou) diab\u00e8te non contr\u00f4l\u00e9s<\/li>\n<li>patients recevant un traitement interf\u00e9rant avec les \u0153strog\u00e8nes et la testost\u00e9rone<br \/>\n(p. ex. des antir\u00e9troviraux ou un traitement immunosuppresseur)<\/li>\n<li>maladie du foie pr\u00e9existante<\/li>\n<\/ul>\n<p>Pour plus d\u2019information, consulter les sites suivants :<\/p>\n<p>Sherbourne Guidelines for Gender-Affirming Primary Care with Trans and Non-binary Patient :<\/p>\n<p><a href=\"https:\/\/can01.safelinks.protection.outlook.com\/?url=https%3A%2F%2Fwww.rainbowhealthontario.ca%2Fproduct%2F4th-edition-sherbournes-guidelines-for-gender-affirming-primary-care-with-trans-and-non-binary-patients%2F&amp;data=05%7C02%7Csfairchild1%40toh.ca%7C08ad8667e6154f46332e08dc18fc6bc0%7C859b41b6130f4d13a6931ffec4e7cb5a%7C0%7C0%7C638412719607003936%7CUnknown%7CTWFpbGZsb3d8eyJWIjoiMC4wLjAwMDAiLCJQIjoiV2luMzIiLCJBTiI6Ik1haWwiLCJXVCI6Mn0%3D%7C3000%7C%7C%7C&amp;sdata=qKVFB1rghKS43sJY193XW05DAqWmRllu7lgYdwV7nzI%3D&amp;reserved=0\">https:\/\/www.rainbowhealthontario.ca\/product\/4th-edition-sherbournes-guidelines-for-gender-affirming-primary-care-with-trans-and-non-binary-patients\/<\/a><\/p>\n<p>Rainbow Health Ontario : <a href=\"https:\/\/can01.safelinks.protection.outlook.com\/?url=https%3A%2F%2Fwww.rainbowhealthontario.ca%2F&amp;data=05%7C02%7Csfairchild1%40toh.ca%7C08ad8667e6154f46332e08dc18fc6bc0%7C859b41b6130f4d13a6931ffec4e7cb5a%7C0%7C0%7C638412719607003936%7CUnknown%7CTWFpbGZsb3d8eyJWIjoiMC4wLjAwMDAiLCJQIjoiV2luMzIiLCJBTiI6Ik1haWwiLCJXVCI6Mn0%3D%7C3000%7C%7C%7C&amp;sdata=NTpyB%2BAfF4kGuXlOLT%2Bk8pOQ8dvjcX6sJKfN3P3snPE%3D&amp;reserved=0\">https:\/\/www.rainbowhealthontario.ca\/<\/a><\/p>\n<h2>Clinique des lipides<\/h2>\n<p>Cette clinique sert au diagnostic et \u00e0 la prise en charge des patients atteints de dyslipid\u00e9mie. Nous faisons aussi des tests g\u00e9n\u00e9tiques pour les anomalies lipidiques rares.<\/p>\n<p>Toute demande de consultation doit comprendre les renseignements suivants\u00a0:<\/p>\n<ul>\n<li>glyc\u00e9mie \u00e0 jeun et profil lipidique (cholest\u00e9rol total, triglyc\u00e9rides, HDL-C et LDL-C)<\/li>\n<li>TSH, cr\u00e9atinine<\/li>\n<li>m\u00e9dicaments d\u00e9j\u00e0 essay\u00e9s<\/li>\n<\/ul>\n<h2>Clinique d\u2019ost\u00e9oporose<\/h2>\n<p>Cette clinique accueille les patients atteints d\u2019ost\u00e9oporose et d\u2019autres maladies osseuses m\u00e9taboliques. L\u2019\u00e9valuation pourrait comprendre des radiographies, la mesure de la densit\u00e9 min\u00e9rale osseuse ainsi que des analyses de sang et d\u2019urine.<\/p>\n<p>Toute demande de consultation doit comprendre les renseignements suivants\u00a0:<\/p>\n<ul>\n<li>r\u00e9sultats de r\u00e9cents tests de laboratoire pertinents<\/li>\n<li>r\u00e9sultats d\u2019imagerie<\/li>\n<li>m\u00e9dicaments d\u00e9j\u00e0 essay\u00e9s<\/li>\n<li>ant\u00e9c\u00e9dents de fracture<\/li>\n<\/ul>\n<h2>Clinique du cancer de la thyro\u00efde<\/h2>\n<p>Cette clinique offre une prise en charge globale et des soins de suivi, y compris la consultation m\u00e9dicale et le traitement. Nous prenons des dispositions pour le traitement \u00e0 l\u2019iode radioactif et l\u2019imagerie. Nous assurons un suivi pour les r\u00e9cidives, l\u2019observance du traitement tel qu\u2019indiqu\u00e9 et la gestion du traitement de suppression des hormones thyro\u00efdiennes.<\/p>\n<p>Les patients qui nous sont adress\u00e9s pour des traitements postop\u00e9ratoires du cancer de la thyro\u00efde pourront consulter rapidement un m\u00e9decin, mais nous recommandons d\u2019entamer imm\u00e9diatement une hormonoth\u00e9rapie thyro\u00efdienne \u00e0 la thyroxine (T4) ou \u00e0 la liothyronine (T3). L\u2019hormonoth\u00e9rapie thyro\u00efdienne sera ensuite ajust\u00e9e au besoin.<\/p>\n<p>Toute demande de consultation doit comprendre les renseignements suivants\u00a0:<\/p>\n<ul>\n<li>r\u00e9sultats de r\u00e9cents tests de laboratoire<\/li>\n<li>rapports de pathologie, d\u2019imagerie et op\u00e9ratoires pertinents<\/li>\n<\/ul>\n","protected":false},"excerpt":{"rendered":"<p>Demandes de consultation\u00a0 Une demande de consultation de son m\u00e9decin est obligatoire. Les demandes de consultation doivent \u00eatre accompagn\u00e9es des r\u00e9cents r\u00e9sultats de tests et des documents justificatifs pertinents. De telles demandes peuvent \u00e0 pr\u00e9sent \u00eatre transmises via la plateforme Ocean ou t\u00e9l\u00e9copi\u00e9es directement au 613\u00a0738-8261. Clinique du diab\u00e8te Un de nos endocrinologues re\u00e7oit tous [&hellip;]<\/p>\n","protected":false},"author":25,"featured_media":0,"parent":9536,"menu_order":3,"comment_status":"closed","ping_status":"closed","template":"","meta":{"_acf_changed":false,"_mc_calendar":[],"footnotes":""},"class_list":["post-9582","page","type-page","status-publish","hentry"],"acf":[],"wps_subtitle":"","_links":{"self":[{"href":"https:\/\/www.ottawahospital.on.ca\/fr\/wp-json\/wp\/v2\/pages\/9582","targetHints":{"allow":["GET"]}}],"collection":[{"href":"https:\/\/www.ottawahospital.on.ca\/fr\/wp-json\/wp\/v2\/pages"}],"about":[{"href":"https:\/\/www.ottawahospital.on.ca\/fr\/wp-json\/wp\/v2\/types\/page"}],"author":[{"embeddable":true,"href":"https:\/\/www.ottawahospital.on.ca\/fr\/wp-json\/wp\/v2\/users\/25"}],"replies":[{"embeddable":true,"href":"https:\/\/www.ottawahospital.on.ca\/fr\/wp-json\/wp\/v2\/comments?post=9582"}],"version-history":[{"count":0,"href":"https:\/\/www.ottawahospital.on.ca\/fr\/wp-json\/wp\/v2\/pages\/9582\/revisions"}],"up":[{"embeddable":true,"href":"https:\/\/www.ottawahospital.on.ca\/fr\/wp-json\/wp\/v2\/pages\/9536"}],"wp:attachment":[{"href":"https:\/\/www.ottawahospital.on.ca\/fr\/wp-json\/wp\/v2\/media?parent=9582"}],"curies":[{"name":"wp","href":"https:\/\/api.w.org\/{rel}","templated":true}]}}