{"id":9576,"date":"2016-11-23T11:25:23","date_gmt":"2016-11-23T16:25:23","guid":{"rendered":"http:\/\/52.229.122.34\/fr\/?page_id=9576"},"modified":"2024-12-17T18:21:09","modified_gmt":"2024-12-17T23:21:09","slug":"liens-utiles","status":"publish","type":"page","link":"https:\/\/www.ottawahospital.on.ca\/fr\/services-cliniques\/deptpgrmcs\/programmes\/centre-foustanellas-dendocrinologie-et-du-diabete\/pour-les-patients\/liens-utiles\/","title":{"rendered":"Liens Utiles"},"content":{"rendered":"<p><a href=\"https:\/\/diabetes.ca\/\"><strong>Diab\u00e8te Canada<\/strong><\/a><strong><br \/>\n<\/strong>Ce site fournit d\u2019excellents renseignements aux personnes atteintes de diab\u00e8te et \u00e0 leur famille, entre autres sur les sujets suivants : Qu\u2019est-ce que le diab\u00e8te? \u2022 Vivre avec le diab\u00e8te \u2022 Nutrition \u2022 Jeunesse \u2022 Commander des publications\/brochures. Le site contient une liste des bureaux r\u00e9gionaux de l\u2019ACD dans votre communaut\u00e9 o\u00f9 vous pouvez obtenir de l\u2019information et des documents.<\/p>\n<p><a href=\"https:\/\/type1better.com\/en\/the-better-project\/the-better-registry\/\"><strong>The BETTER registry<\/strong><\/a><\/p>\n<p><a href=\"https:\/\/www.diabetes.org\/\"><strong>American Diabetes Association<\/strong><\/a> Ce site fournit de l\u2019information sur une vari\u00e9t\u00e9 de sujets, dont la <a href=\"https:\/\/diabetes.org\/food-and-fitness\/food\/planning-meals\/holiday-meal-planning\/\"><strong>planification des repas des F\u00eates<\/strong><\/a> (en anglais).\u00a0Remarque : Aux \u00c9tats-Unis, la glyc\u00e9mie se mesure en mg\/dl, alors qu\u2019au Canada, elle se mesure en mmol\/L. Pour convertir votre glyc\u00e9mie du syst\u00e8me am\u00e9ricain au syst\u00e8me canadien, divisez par 18. Par exemple\u00a0: 72\u00a0mg\/dl = 4\u00a0mmol\/L.<\/p>\n<p><a href=\"https:\/\/www.heartandstroke.on.ca\/\"><strong>Fondation des maladies du c\u0153ur du Canada<\/strong><strong>\u00a0<\/strong><\/a><strong><br \/>\n<\/strong>Le site Web de la Fondation des maladies du c\u0153ur contient de pr\u00e9cieux \u00a0renseignements pratiques.<\/p>\n<p><a href=\"http:\/\/www.osteoporosecanada.ca\/french\/home\/default.asp?s=1\"><strong>Ost\u00e9oporose Canada <\/strong><\/a><strong><br \/>\n<\/strong>Le site Web d\u2019Ost\u00e9oporose Canada contient des renseignements pour les patients sur des programmes et des ressources, les endroits o\u00f9 ils peuvent obtenir des renseignements ainsi que sur le R\u00e9seau canadien des personnes atteintes d\u2019ost\u00e9oporose (RCPO).<\/p>\n<p><a href=\"https:\/\/www.thyroid.ca\/\"><strong>Fondation canadienne de la thyro\u00efde<\/strong><strong>\u00a0<\/strong><\/a><strong><br \/>\n<\/strong>Ce site contient du mat\u00e9riel p\u00e9dagogique \u00e0 l\u2019intention des patients, des renseignements sur les conf\u00e9rences et les activit\u00e9s \u00e0 venir ainsi que les coordonn\u00e9es du si\u00e8ge social et des sections provinciales de la Fondation.<\/p>\n<p><a href=\"http:\/\/www.dietitians.ca\/index.asp\"><strong>Les di\u00e9t\u00e9tistes du Canada<\/strong><\/a><strong><br \/>\n<\/strong>Ce site d\u2019information comprend une section interactive intitul\u00e9e \u00ab\u00a0Manger mieux, c\u2019est meilleur\u00a0\u00bb o\u00f9 les visiteurs sont invit\u00e9s \u00e0 participer et \u00e0 s\u2019instruire en utilisant une vari\u00e9t\u00e9 d\u2019outils, tels que\u00a0: ProfilAN \u2022 Pr\u00e9paration d\u2019un repas \u2022 D\u00e9fi nutrition \u2022 Analyseur de recettes \u2022 \u00c9picerie virtuelle \u2022 Recettes sant\u00e9 et savoureuses.<\/p>\n","protected":false},"excerpt":{"rendered":"<p>Diab\u00e8te Canada Ce site fournit d\u2019excellents renseignements aux personnes atteintes de diab\u00e8te et \u00e0 leur famille, entre autres sur les sujets suivants : Qu\u2019est-ce que le diab\u00e8te? \u2022 Vivre avec le diab\u00e8te \u2022 Nutrition \u2022 Jeunesse \u2022 Commander des publications\/brochures. Le site contient une liste des bureaux r\u00e9gionaux de l\u2019ACD dans votre communaut\u00e9 o\u00f9 vous [&hellip;]<\/p>\n","protected":false},"author":25,"featured_media":0,"parent":9544,"menu_order":4,"comment_status":"closed","ping_status":"closed","template":"","meta":{"_acf_changed":false,"_mc_calendar":[],"footnotes":""},"class_list":["post-9576","page","type-page","status-publish","hentry"],"acf":[],"wps_subtitle":"","_links":{"self":[{"href":"https:\/\/www.ottawahospital.on.ca\/fr\/wp-json\/wp\/v2\/pages\/9576","targetHints":{"allow":["GET"]}}],"collection":[{"href":"https:\/\/www.ottawahospital.on.ca\/fr\/wp-json\/wp\/v2\/pages"}],"about":[{"href":"https:\/\/www.ottawahospital.on.ca\/fr\/wp-json\/wp\/v2\/types\/page"}],"author":[{"embeddable":true,"href":"https:\/\/www.ottawahospital.on.ca\/fr\/wp-json\/wp\/v2\/users\/25"}],"replies":[{"embeddable":true,"href":"https:\/\/www.ottawahospital.on.ca\/fr\/wp-json\/wp\/v2\/comments?post=9576"}],"version-history":[{"count":0,"href":"https:\/\/www.ottawahospital.on.ca\/fr\/wp-json\/wp\/v2\/pages\/9576\/revisions"}],"up":[{"embeddable":true,"href":"https:\/\/www.ottawahospital.on.ca\/fr\/wp-json\/wp\/v2\/pages\/9544"}],"wp:attachment":[{"href":"https:\/\/www.ottawahospital.on.ca\/fr\/wp-json\/wp\/v2\/media?parent=9576"}],"curies":[{"name":"wp","href":"https:\/\/api.w.org\/{rel}","templated":true}]}}