{"id":9552,"date":"2016-11-23T11:11:06","date_gmt":"2016-11-23T16:11:06","guid":{"rendered":"http:\/\/52.229.122.34\/fr\/?page_id=9552"},"modified":"2024-12-17T18:30:58","modified_gmt":"2024-12-17T23:30:58","slug":"education-des-patients","status":"publish","type":"page","link":"https:\/\/www.ottawahospital.on.ca\/fr\/services-cliniques\/deptpgrmcs\/programmes\/centre-foustanellas-dendocrinologie-et-du-diabete\/pour-les-patients\/education-des-patients\/","title":{"rendered":"\u00c9ducation des patients"},"content":{"rendered":"<p>Nous offrons \u00e9galement une vari\u00e9t\u00e9 de cours en groupe aux patients qui sont suivis par un endocrinologue dans notre clinique. Les cours en groupe actuellement offerts sont les suivants :<\/p>\n<ul>\n<li>Cours d\u2019\u00e9valuation de la pompe : Une pompe \u00e0 insuline vous convient-elle?<\/li>\n<li>Cours sur le type 1 : Apprendre \u00e0 vivre avec un diab\u00e8te de type 1.<\/li>\n<li>Cours sur le type 2 : Apprendre \u00e0 g\u00e9rer son insuline au repas.<\/li>\n<\/ul>\n","protected":false},"excerpt":{"rendered":"<p>Nous offrons \u00e9galement une vari\u00e9t\u00e9 de cours en groupe aux patients qui sont suivis par un endocrinologue dans notre clinique. Les cours en groupe actuellement offerts sont les suivants : Cours d\u2019\u00e9valuation de la pompe : Une pompe \u00e0 insuline vous convient-elle? Cours sur le type 1 : Apprendre \u00e0 vivre avec un diab\u00e8te de [&hellip;]<\/p>\n","protected":false},"author":25,"featured_media":0,"parent":9544,"menu_order":2,"comment_status":"closed","ping_status":"closed","template":"","meta":{"_acf_changed":false,"_mc_calendar":[],"footnotes":""},"class_list":["post-9552","page","type-page","status-publish","hentry"],"acf":[],"wps_subtitle":"","_links":{"self":[{"href":"https:\/\/www.ottawahospital.on.ca\/fr\/wp-json\/wp\/v2\/pages\/9552","targetHints":{"allow":["GET"]}}],"collection":[{"href":"https:\/\/www.ottawahospital.on.ca\/fr\/wp-json\/wp\/v2\/pages"}],"about":[{"href":"https:\/\/www.ottawahospital.on.ca\/fr\/wp-json\/wp\/v2\/types\/page"}],"author":[{"embeddable":true,"href":"https:\/\/www.ottawahospital.on.ca\/fr\/wp-json\/wp\/v2\/users\/25"}],"replies":[{"embeddable":true,"href":"https:\/\/www.ottawahospital.on.ca\/fr\/wp-json\/wp\/v2\/comments?post=9552"}],"version-history":[{"count":0,"href":"https:\/\/www.ottawahospital.on.ca\/fr\/wp-json\/wp\/v2\/pages\/9552\/revisions"}],"up":[{"embeddable":true,"href":"https:\/\/www.ottawahospital.on.ca\/fr\/wp-json\/wp\/v2\/pages\/9544"}],"wp:attachment":[{"href":"https:\/\/www.ottawahospital.on.ca\/fr\/wp-json\/wp\/v2\/media?parent=9552"}],"curies":[{"name":"wp","href":"https:\/\/api.w.org\/{rel}","templated":true}]}}