{"id":9548,"date":"2016-11-23T11:08:19","date_gmt":"2016-11-23T16:08:19","guid":{"rendered":"http:\/\/52.229.122.34\/fr\/?page_id=9548"},"modified":"2024-12-17T18:34:57","modified_gmt":"2024-12-17T23:34:57","slug":"votre-rendez-vous","status":"publish","type":"page","link":"https:\/\/www.ottawahospital.on.ca\/fr\/services-cliniques\/deptpgrmcs\/programmes\/centre-foustanellas-dendocrinologie-et-du-diabete\/pour-les-patients\/votre-rendez-vous\/","title":{"rendered":"Votre rendez-vous"},"content":{"rendered":"<h2>Pour prendre un rendez-vous<\/h2>\n<p>Informations importantes :<\/p>\n<ul>\n<li>Les nouveaux patients doivent avoir une recommandation de leur m\u00e9decin.<\/li>\n<li>Le Service des Admissisions appellera les nouveaux patients pour leur proposer un premier rendez-vous.<\/li>\n<li>Tous les patients doivent avoir pris rendez-vous au pr\u00e9alable.<\/li>\n<li>Nous r\u00e9pondons aux appels du lundi au vendredi, de 8 h 30 \u00e0 11\u00a0h 15, et de 13 h 30 \u00e0 16\u00a0h 15.<\/li>\n<li>T\u00e9l\u00e9phone : 613 738-8333<\/li>\n<\/ul>\n<h2>Si vous \u00eates diab\u00e9tique, veuillez apporter\u2026<\/h2>\n<ul>\n<li>votre carnet de glyc\u00e9mie et votre glucom\u00e8tre.<\/li>\n<li>tous vos m\u00e9dicaments, notamment votre insuline.<\/li>\n<li>une collation (en raison du possible temps d\u2019attente).<\/li>\n<\/ul>\n<h2>Adresse<\/h2>\n<p>Centre d\u2019endocrinologie et du diab\u00e8te<br \/>\nL\u2019H\u00f4pital d\u2019Ottawa \u2013 Campus Riverside, 4<sup>e<\/sup> \u00e9tage<br \/>\n1967, promenade Riverside<br \/>\nOttawa ON\u00a0 K1H 7W9<\/p>\n<p>T\u00e9l\u00e9phone\u00a0: 613 738-8333<br \/>\nT\u00e9l\u00e9copieur\u00a0: 613-738-8261<br \/>\n<a href=\"https:\/\/www.ottawahospital.on.ca\/fr\/patients-et-visiteurs\/directions-et-plans-des-campus\/comment-se-rendre\/\"><strong>Directions, plans, stationnement<\/strong><\/a><\/p>\n<h2>Heures d\u2019ouverture<\/h2>\n<p>Nous sommes ouverts du lundi au vendredi, de 8\u00a0h \u00e0 17\u00a0h.<\/p>\n","protected":false},"excerpt":{"rendered":"<p>Pour prendre un rendez-vous Informations importantes : Les nouveaux patients doivent avoir une recommandation de leur m\u00e9decin. Le Service des Admissisions appellera les nouveaux patients pour leur proposer un premier rendez-vous. Tous les patients doivent avoir pris rendez-vous au pr\u00e9alable. Nous r\u00e9pondons aux appels du lundi au vendredi, de 8 h 30 \u00e0 11\u00a0h 15, [&hellip;]<\/p>\n","protected":false},"author":25,"featured_media":0,"parent":9544,"menu_order":1,"comment_status":"closed","ping_status":"closed","template":"","meta":{"_acf_changed":false,"_mc_calendar":[],"footnotes":""},"class_list":["post-9548","page","type-page","status-publish","hentry"],"acf":[],"wps_subtitle":"","_links":{"self":[{"href":"https:\/\/www.ottawahospital.on.ca\/fr\/wp-json\/wp\/v2\/pages\/9548","targetHints":{"allow":["GET"]}}],"collection":[{"href":"https:\/\/www.ottawahospital.on.ca\/fr\/wp-json\/wp\/v2\/pages"}],"about":[{"href":"https:\/\/www.ottawahospital.on.ca\/fr\/wp-json\/wp\/v2\/types\/page"}],"author":[{"embeddable":true,"href":"https:\/\/www.ottawahospital.on.ca\/fr\/wp-json\/wp\/v2\/users\/25"}],"replies":[{"embeddable":true,"href":"https:\/\/www.ottawahospital.on.ca\/fr\/wp-json\/wp\/v2\/comments?post=9548"}],"version-history":[{"count":0,"href":"https:\/\/www.ottawahospital.on.ca\/fr\/wp-json\/wp\/v2\/pages\/9548\/revisions"}],"up":[{"embeddable":true,"href":"https:\/\/www.ottawahospital.on.ca\/fr\/wp-json\/wp\/v2\/pages\/9544"}],"wp:attachment":[{"href":"https:\/\/www.ottawahospital.on.ca\/fr\/wp-json\/wp\/v2\/media?parent=9548"}],"curies":[{"name":"wp","href":"https:\/\/api.w.org\/{rel}","templated":true}]}}