{"id":9544,"date":"2016-11-23T11:02:37","date_gmt":"2016-11-23T16:02:37","guid":{"rendered":"http:\/\/52.229.122.34\/fr\/?page_id=9544"},"modified":"2024-12-17T18:44:51","modified_gmt":"2024-12-17T23:44:51","slug":"pour-les-patients","status":"publish","type":"page","link":"https:\/\/www.ottawahospital.on.ca\/fr\/services-cliniques\/deptpgrmcs\/programmes\/centre-foustanellas-dendocrinologie-et-du-diabete\/pour-les-patients\/","title":{"rendered":"Pour les patients"},"content":{"rendered":"<h2>Cliniques<\/h2>\n<div class=\"row\">\n<div class=\"col-md-6\">\n<ul>\n<li><a href=\"#diabetesclinic\">Clinique du diab\u00e8te<\/a><\/li>\n<li><a href=\"#endocrineclinic\">Clinique d\u2019endocrinologie g\u00e9n\u00e9rale<\/a><\/li>\n<li><a href=\"#dd\">Clinique de la diversit\u00e9 des genres<\/a><\/li>\n<\/ul>\n<\/div>\n<div class=\"col-md-6\">\n<ul>\n<li><a href=\"#lipidclinic\">Clinique des lipides<\/a><\/li>\n<li><a href=\"#osteoporosisclinic\">Clinique d\u2019ost\u00e9oporose<\/a><\/li>\n<li><a href=\"#thyroidcancerclinic\">Clinique du cancer de la thyro\u00efde<\/a><\/li>\n<\/ul>\n<\/div>\n<\/div>\n<h3 id=\"diabetesclinic\">Clinique du diab\u00e8te<\/h3>\n<p>Notre programme est le principal centre de recommandation de l&rsquo;Est de l&rsquo;Ontario pour les soins complexes du diab\u00e8te. Notre \u00e9quipe combine l&rsquo;exp\u00e9rience et l&rsquo;expertise avec les derni\u00e8res avanc\u00e9es en mati\u00e8re de recherche et d&rsquo;\u00e9ducation afin d&rsquo;obtenir des soins optimaux pour le traitement du diab\u00e8te.<\/p>\n<p>Les membres de notre \u00e9quipe travailleront avec vous pour \u00e9laborer un plan de soins individualis\u00e9 bas\u00e9 sur votre profil de sant\u00e9 et votre mode de vie. Cela comprend un programme d&rsquo;enseignement au patient et de soins multidisciplinaires pour g\u00e9rer votre diab\u00e8te. Il peut \u00e9galement comprendre des recommandations aupr\u00e8s de sp\u00e9cialistes afin de pr\u00e9venir ou de retarder la progression de complications.<\/p>\n<p>Que vous veniez de recevoir un diagnostic de diab\u00e8te, que vous souhaitiez am\u00e9liorer votre contr\u00f4le de la maladie ou que vous vous rendiez compte que vos efforts pour g\u00e9rer votre diab\u00e8te ne sont pas couronn\u00e9s de succ\u00e8s, nous pouvons vous aider \u00e0 atteindre vos objectifs.<\/p>\n<h3>Clinique d\u2019endocrinologie g\u00e9n\u00e9rale<\/h3>\n<p>La Clinique d&rsquo;endocrinologie g\u00e9n\u00e9rale diagnostique et traite les patients recommand\u00e9s par leur m\u00e9decin et pr\u00e9sentant des troubles lipidiques<br \/>\n(\u00ab cholest\u00e9rol \u00bb), des maladies thyro\u00efdiennes (b\u00e9nignes et malignes) et des troubles d&rsquo;autres glandes endocrines (pituitaires, parathyro\u00efdes, surr\u00e9nales et certains troubles de la reproduction chez l&rsquo;homme et la femme). Les soins sont dispens\u00e9s par des \u00e9quipes de sp\u00e9cialistes, des m\u00e9decins en formation et d&rsquo;autres professionnels de la sant\u00e9. Certains m\u00e9decins pratiquent des biopsies \u00e0 l&rsquo;aiguille fine des nodules thyro\u00efdiens.<\/p>\n<h3 id=\"dd\">Clinique de la diversit\u00e9 des genres<\/h3>\n<p>La Clinique de la diversit\u00e9 des genres au sein de L\u2019H\u00f4pital d\u2019Ottawa a pour but d\u2019offrir des soins d\u2019affirmation de genre aux patients atteints de probl\u00e8mes m\u00e9dicaux complexes.\u202f Cette clinique n\u2019a actuellement pas les moyens d\u2019accepter des recommandations pour des soins courants d\u2019affirmation du genre concernant des patients autrement en bonne sant\u00e9.<\/p>\n<h3 id=\"lipidclinic\">Clinique des lipides<\/h3>\n<p>Cette clinique sert au diagnostic et \u00e0 la prise en charge des patients atteints de dyslipid\u00e9mie. Le sp\u00e9cialiste des lipides peut faire passer des tests g\u00e9n\u00e9tiques pour des anomalies lipidiques rares.<\/p>\n<h3 id=\"osteoporosisclinic\">Clinique d\u2019ost\u00e9oporose<\/h3>\n<p>L&rsquo;ost\u00e9oporose est une pathologie courante qui entra\u00eene un affaiblissement des os et des fractures. Les patients sont recommand\u00e9s \u00e0 cette clinique par des m\u00e9decins de famille et des sp\u00e9cialistes. Les patients sont \u00e9valu\u00e9s par un sp\u00e9cialiste de l&rsquo;ost\u00e9oporose afin de d\u00e9terminer les probl\u00e8mes osseux sous-jacents et des traitements sont propos\u00e9s. Outre l&rsquo;ost\u00e9oporose, des soins sont prodigu\u00e9s pour diverses maladies m\u00e9taboliques des os. Des patients sont fr\u00e9quemment \u00e9valu\u00e9s \u00e0 l&rsquo;aide de radiographies sp\u00e9ciales appel\u00e9es densitom\u00e9trie min\u00e9rale osseuse et des analyses de sang sont souvent n\u00e9cessaires.<\/p>\n<h3 id=\"thyroidcancerclinic\">Clinique du cancer de la thyro\u00efde<\/h3>\n<p>Nous assurons les soins, la prise en charge et le suivi des patients atteints d&rsquo;un cancer de la thyro\u00efde. Cela comprend la consultation et la th\u00e9rapie m\u00e9dicale par les sp\u00e9cialistes. Nos commis organiseront un traitement \u00e0 l&rsquo;iode radioactif, des examens d&rsquo;imagerie et d&rsquo;autres tests si n\u00e9cessaire. L&rsquo;infirmi\u00e8re auxiliaire autoris\u00e9e fournira des informations, un enseignement et un soutien continu aux patients qui sont trait\u00e9s pour un cancer de la thyro\u00efde.<\/p>\n","protected":false},"excerpt":{"rendered":"<p>Cliniques Clinique du diab\u00e8te Clinique d\u2019endocrinologie g\u00e9n\u00e9rale Clinique de la diversit\u00e9 des genres Clinique des lipides Clinique d\u2019ost\u00e9oporose Clinique du cancer de la thyro\u00efde Clinique du diab\u00e8te Notre programme est le principal centre de recommandation de l&rsquo;Est de l&rsquo;Ontario pour les soins complexes du diab\u00e8te. Notre \u00e9quipe combine l&rsquo;exp\u00e9rience et l&rsquo;expertise avec les derni\u00e8res avanc\u00e9es [&hellip;]<\/p>\n","protected":false},"author":25,"featured_media":0,"parent":9536,"menu_order":2,"comment_status":"closed","ping_status":"closed","template":"","meta":{"_acf_changed":false,"_mc_calendar":[],"footnotes":""},"class_list":["post-9544","page","type-page","status-publish","hentry"],"acf":[],"wps_subtitle":"","_links":{"self":[{"href":"https:\/\/www.ottawahospital.on.ca\/fr\/wp-json\/wp\/v2\/pages\/9544","targetHints":{"allow":["GET"]}}],"collection":[{"href":"https:\/\/www.ottawahospital.on.ca\/fr\/wp-json\/wp\/v2\/pages"}],"about":[{"href":"https:\/\/www.ottawahospital.on.ca\/fr\/wp-json\/wp\/v2\/types\/page"}],"author":[{"embeddable":true,"href":"https:\/\/www.ottawahospital.on.ca\/fr\/wp-json\/wp\/v2\/users\/25"}],"replies":[{"embeddable":true,"href":"https:\/\/www.ottawahospital.on.ca\/fr\/wp-json\/wp\/v2\/comments?post=9544"}],"version-history":[{"count":0,"href":"https:\/\/www.ottawahospital.on.ca\/fr\/wp-json\/wp\/v2\/pages\/9544\/revisions"}],"up":[{"embeddable":true,"href":"https:\/\/www.ottawahospital.on.ca\/fr\/wp-json\/wp\/v2\/pages\/9536"}],"wp:attachment":[{"href":"https:\/\/www.ottawahospital.on.ca\/fr\/wp-json\/wp\/v2\/media?parent=9544"}],"curies":[{"name":"wp","href":"https:\/\/api.w.org\/{rel}","templated":true}]}}