{"id":9540,"date":"2016-11-23T11:00:57","date_gmt":"2016-11-23T16:00:57","guid":{"rendered":"http:\/\/52.229.122.34\/fr\/?page_id=9540"},"modified":"2024-12-17T18:48:43","modified_gmt":"2024-12-17T23:48:43","slug":"notre-equipe","status":"publish","type":"page","link":"https:\/\/www.ottawahospital.on.ca\/fr\/services-cliniques\/deptpgrmcs\/programmes\/centre-foustanellas-dendocrinologie-et-du-diabete\/notre-equipe\/","title":{"rendered":"Notre \u00e9quipe"},"content":{"rendered":"<p>Notre \u00e9quipe comprend du personnel administratif, des commis, des endocrinologues, des di\u00e9t\u00e9tistes, des infirmi\u00e8res autoris\u00e9es, des infirmi\u00e8res auxiliaires autoris\u00e9es, des coordonnateurs de recherche et des b\u00e9n\u00e9voles.<\/p>\n<p><strong>D<sup>re <\/sup>Heather Lochnan, FRCPC<br \/>\n<\/strong><em>Chef, Division d\u2019endocrinologie et du m\u00e9tabolisme<\/em><br \/>\nL\u2019H\u00f4pital d\u2019Ottawa \u2013 Campus Riverside<br \/>\n1967, chemin Riverside, 4\u00e8me \u00e9tage<br \/>\nOttawa (Ontario) Canada K1H 7W9<\/p>\n<p><strong>Jenni-Ann Supino, IA,<\/strong> <strong>B.Sc.inf., M.Sc.inf.<\/strong><br \/>\n<em>Gestionnaire clinique<\/em><br \/>\nCentre d\u2019endocrinologie et du diab\u00e8te, Centre de l\u2018arthrite, Clinique de chirurgie, Clinique de m\u00e9decine interne g\u00e9n\u00e9rale, Campus Riverside<\/p>\n<p><strong>Annie Garon-Mailer IA, B.Sc.inf., MN(c), CDE<\/strong><br \/>\n<em>Infirmi\u00e8re de pratique avanc\u00e9e<\/em><br \/>\nCentre d\u2019endocrinologie et du diab\u00e8te<br \/>\nCampus Riverside<\/p>\n<h2>Endocrinologues<\/h2>\n<ul>\n<li>D<sup>r <\/sup>Hussein Abujrad<\/li>\n<li>D<sup>re<\/sup> Amel Arnaout<\/li>\n<li>D<sup>re<\/sup> Irena Druce<\/li>\n<li>D<sup>re<\/sup> Heidi Dutton<\/li>\n<li>D<sup>re<\/sup> Erin Keely<\/li>\n<li>D<sup>re<\/sup> Dora Liu<\/li>\n<li>D<sup>re<\/sup> Heather Lochnan<\/li>\n<li>D<sup>re<\/sup> Janine Malcolm<\/li>\n<li>D<sup>r<\/sup> Justin Morein<\/li>\n<li>D<sup>r<\/sup> Alexander Sorisky<\/li>\n<li>D<sup>re<\/sup>Cathy\u00a0Sun<\/li>\n<li>D<sup>r<\/sup> Christopher Tran<\/li>\n<\/ul>\n<h2>Personnel administratif<\/h2>\n<p>Les employ\u00e9s administratifs aident les m\u00e9decins \u00e0 ex\u00e9cuter diverses t\u00e2ches, comme renouveler vos ordonnances aupr\u00e8s de votre pharmacie et remplir des formulaires. Ils organisent l\u2019horaire de formation des r\u00e9sidents, des \u00e9tudiants et des moniteurs cliniques. Ils sont le lien entre les patients, les m\u00e9decins et les autres professionnels de la sant\u00e9.<\/p>\n<h2>\u00c9quipe des commis<\/h2>\n<p>Les commis travaillent \u00e0 la r\u00e9ception. Ils r\u00e9pondent aux appels t\u00e9l\u00e9phoniques, vous accueillent et fixent vos rendez-vous de suivi et les tests prescrits par votre m\u00e9decin. Ils r\u00e9pondent \u00e0 vos questions et vous dirigent vers d\u2019autres membres de l\u2019\u00e9quipe au besoin.<\/p>\n<h2>Endocrinologues<\/h2>\n<p>Nos m\u00e9decins sont des sp\u00e9cialistes de l\u2019endocrinologie et du m\u00e9tabolisme. Ils ont fait des \u00e9tudes pouss\u00e9es sur les maladies affectant le syst\u00e8me endocrinien, comme les troubles hormonaux et le diab\u00e8te. Ces m\u00e9decins poseront un diagnostic et traiteront vos troubles endocriniens et m\u00e9taboliques. Ils pourraient vous adresser \u00e0 d\u2019autres m\u00e9decins ou \u00e0 d\u2019autres services, selon le cas. Ils vous aideront \u00e0 comprendre votre maladie et \u00e0 vous adapter \u00e0 votre situation.<\/p>\n<h2>Di\u00e9t\u00e9tistes professionnelles<\/h2>\n<p>Les di\u00e9t\u00e9tistes professionnelles sont les personnes les plus comp\u00e9tentes pour vous conseiller au sujet de votre alimentation. Au Canada, une personne doit d\u00e9tenir un certificat officiel et les titres de comp\u00e9tence appropri\u00e9s pour utiliser le titre \u00ab di\u00e9t\u00e9tiste professionnelle \u00bb. Notre \u00e9quipe de di\u00e9t\u00e9tistes travaille avec les patients de la clinique du diab\u00e8te et de la clinique des lipides. Leur r\u00f4le est de vous aider \u00e0 prendre en charge votre alimentation tout en vivant avec votre maladie. Nos di\u00e9t\u00e9tistes peuvent \u00e9laborer avec vous un plan adapt\u00e9 \u00e0 votre style de vie et \u00e0 vos besoins ethniques, culturels et religieux.<\/p>\n<h2>Infirmi\u00e8res autoris\u00e9es<\/h2>\n<p>Nos infirmi\u00e8res autoris\u00e9es sont connues sous le nom d\u2019\u00e9ducatrices en diab\u00e8te, car elles sont sp\u00e9cialis\u00e9es dans les soins du diab\u00e8te et l\u2019\u00e9ducation. En tant que membres de l\u2019\u00e9quipe qui s\u2019occupe des personnes diab\u00e9tiques, elles vous parleront de ce que signifie pour vous et votre famille le fait de vivre avec le diab\u00e8te. Elles \u00e9valueront vos besoins d\u2019information et vos objectifs personnels pour g\u00e9rer votre diab\u00e8te. Elles vous donneront des renseignements \u00e0 jour et des ressources. Elles vous aideront \u00e0 d\u00e9velopper des aptitudes \u00e0 r\u00e9soudre des probl\u00e8mes pour bien g\u00e9rer votre diab\u00e8te \u00e0 votre fa\u00e7on.<\/p>\n<h2>Infirmi\u00e8res auxiliaires autoris\u00e9es<\/h2>\n<p>Les infirmi\u00e8res auxiliaires autoris\u00e9es sont des dipl\u00f4m\u00e9es de niveau coll\u00e9gial qui ont r\u00e9ussi un examen national pour devenir membres en r\u00e8gle de l\u2019Ordre des infirmi\u00e8res et infirmiers de l\u2019Ontario. Au Centre Foustanellas, les infirmi\u00e8res auxiliaires autoris\u00e9es peuvent faire une \u00e9valuation sommaire qui comprend la prise de la tension art\u00e9rielle et du pouls, la mesure de la grandeur, du poids et du tour de taille, et le calcul de l\u2019indice de masse corporelle. Elles pourraient vous poser des questions sur votre \u00e9tat de sant\u00e9 et les m\u00e9dicaments que vous prenez pour vous pr\u00e9parer \u00e0 votre rendez-vous avec votre m\u00e9decin.<\/p>\n<h2>Coordonnatrices de recherche<\/h2>\n<p>Les coordonnatrices de recherche g\u00e8rent les nombreux projets de recherche au Centre. Ce sont des infirmi\u00e8res autoris\u00e9es, des di\u00e9t\u00e9tistes professionnelles ou des physiologistes de l\u2019exercice. Elles travaillent en \u00e9troite collaboration avec votre m\u00e9decin et vous. Elles pourraient vous demander de participer \u00e0 des recherches qui pourraient vous int\u00e9resser. Vous \u00eates libre de participer ou non, et votre d\u00e9cision n\u2019aura aucun effet sur les soins que vous recevrez au Centre. Les coordonnatrices vous expliqueront en quoi consistent les diverses \u00e9tudes et r\u00e9pondront \u00e0 vos questions.<\/p>\n<h2>B\u00e9n\u00e9voles<\/h2>\n<p>Les b\u00e9n\u00e9voles de L\u2019H\u00f4pital d\u2019Ottawa sont des membres tr\u00e8s importants de notre clinique. Ils accueillent les patients au bureau d\u2019information, donnent des renseignements g\u00e9n\u00e9raux sur l\u2019H\u00f4pital ou des indications pour se rendre \u00e0 d\u2019autres services et accompagnent le patient ou les membres de sa famille \u00e0 leur destination.<\/p>\n","protected":false},"excerpt":{"rendered":"<p>Notre \u00e9quipe comprend du personnel administratif, des commis, des endocrinologues, des di\u00e9t\u00e9tistes, des infirmi\u00e8res autoris\u00e9es, des infirmi\u00e8res auxiliaires autoris\u00e9es, des coordonnateurs de recherche et des b\u00e9n\u00e9voles. Dre Heather Lochnan, FRCPC Chef, Division d\u2019endocrinologie et du m\u00e9tabolisme L\u2019H\u00f4pital d\u2019Ottawa \u2013 Campus Riverside 1967, chemin Riverside, 4\u00e8me \u00e9tage Ottawa (Ontario) Canada K1H 7W9 Jenni-Ann Supino, IA, B.Sc.inf., [&hellip;]<\/p>\n","protected":false},"author":25,"featured_media":0,"parent":9536,"menu_order":1,"comment_status":"closed","ping_status":"closed","template":"","meta":{"_acf_changed":false,"_mc_calendar":[],"footnotes":""},"class_list":["post-9540","page","type-page","status-publish","hentry"],"acf":[],"wps_subtitle":"","_links":{"self":[{"href":"https:\/\/www.ottawahospital.on.ca\/fr\/wp-json\/wp\/v2\/pages\/9540","targetHints":{"allow":["GET"]}}],"collection":[{"href":"https:\/\/www.ottawahospital.on.ca\/fr\/wp-json\/wp\/v2\/pages"}],"about":[{"href":"https:\/\/www.ottawahospital.on.ca\/fr\/wp-json\/wp\/v2\/types\/page"}],"author":[{"embeddable":true,"href":"https:\/\/www.ottawahospital.on.ca\/fr\/wp-json\/wp\/v2\/users\/25"}],"replies":[{"embeddable":true,"href":"https:\/\/www.ottawahospital.on.ca\/fr\/wp-json\/wp\/v2\/comments?post=9540"}],"version-history":[{"count":0,"href":"https:\/\/www.ottawahospital.on.ca\/fr\/wp-json\/wp\/v2\/pages\/9540\/revisions"}],"up":[{"embeddable":true,"href":"https:\/\/www.ottawahospital.on.ca\/fr\/wp-json\/wp\/v2\/pages\/9536"}],"wp:attachment":[{"href":"https:\/\/www.ottawahospital.on.ca\/fr\/wp-json\/wp\/v2\/media?parent=9540"}],"curies":[{"name":"wp","href":"https:\/\/api.w.org\/{rel}","templated":true}]}}