{"id":9536,"date":"2016-11-23T10:55:00","date_gmt":"2016-11-23T15:55:00","guid":{"rendered":"http:\/\/52.229.122.34\/fr\/?page_id=9536"},"modified":"2024-12-17T18:51:04","modified_gmt":"2024-12-17T23:51:04","slug":"centre-foustanellas-dendocrinologie-et-du-diabete","status":"publish","type":"page","link":"https:\/\/www.ottawahospital.on.ca\/fr\/services-cliniques\/deptpgrmcs\/programmes\/centre-foustanellas-dendocrinologie-et-du-diabete\/","title":{"rendered":"Centre d\u2019endocrinologie et du diab\u00e8te"},"content":{"rendered":"<p>Bienvenue au Centre d\u2019endocrinologie et du diab\u00e8te, qui a vu le jour au Campus Riverside de L\u2019H\u00f4pital d\u2019Ottawa gr\u00e2ce \u00e0 un don g\u00e9n\u00e9reux de Peter Foustanellas.<\/p>\n<p>Nous sommes reconnus comme le principal centre en la mati\u00e8re dans l\u2019Est de l\u2019Ontario qui est sp\u00e9cialis\u00e9 en soins cliniques complexes, en recherche et en formation professionnelle. Nous prenons soin de 1,3 million de personnes.<\/p>\n<p>Notre centre se consacre \u00e0 offrir des soins sp\u00e9cialis\u00e9s bilingues aux patients et aux familles qui doivent composer avec une vari\u00e9t\u00e9 de troubles endocriniens et m\u00e9taboliques. L\u2019ensemble de nos services englobe des soins centr\u00e9s sur le patient et la famille, l\u2019enseignement au patient et une aide pour que celui-ci puisse prendre soin de soi dans le cadre de soins \u00e0 des patients hospitalis\u00e9s ou en clinique externe, en veillant \u00e0 ce que les personnes re\u00e7oivent l\u2019aide et le traitement n\u00e9cessaires adapt\u00e9s \u00e0 leurs propres besoins.<\/p>\n","protected":false},"excerpt":{"rendered":"<p>Bienvenue au Centre d\u2019endocrinologie et du diab\u00e8te, qui a vu le jour au Campus Riverside de L\u2019H\u00f4pital d\u2019Ottawa gr\u00e2ce \u00e0 un don g\u00e9n\u00e9reux de Peter Foustanellas. Nous sommes reconnus comme le principal centre en la mati\u00e8re dans l\u2019Est de l\u2019Ontario qui est sp\u00e9cialis\u00e9 en soins cliniques complexes, en recherche et en formation professionnelle. Nous prenons [&hellip;]<\/p>\n","protected":false},"author":25,"featured_media":0,"parent":7866,"menu_order":12,"comment_status":"closed","ping_status":"closed","template":"","meta":{"_acf_changed":false,"_mc_calendar":[],"footnotes":""},"class_list":["post-9536","page","type-page","status-publish","hentry"],"acf":[],"wps_subtitle":"","_links":{"self":[{"href":"https:\/\/www.ottawahospital.on.ca\/fr\/wp-json\/wp\/v2\/pages\/9536","targetHints":{"allow":["GET"]}}],"collection":[{"href":"https:\/\/www.ottawahospital.on.ca\/fr\/wp-json\/wp\/v2\/pages"}],"about":[{"href":"https:\/\/www.ottawahospital.on.ca\/fr\/wp-json\/wp\/v2\/types\/page"}],"author":[{"embeddable":true,"href":"https:\/\/www.ottawahospital.on.ca\/fr\/wp-json\/wp\/v2\/users\/25"}],"replies":[{"embeddable":true,"href":"https:\/\/www.ottawahospital.on.ca\/fr\/wp-json\/wp\/v2\/comments?post=9536"}],"version-history":[{"count":0,"href":"https:\/\/www.ottawahospital.on.ca\/fr\/wp-json\/wp\/v2\/pages\/9536\/revisions"}],"up":[{"embeddable":true,"href":"https:\/\/www.ottawahospital.on.ca\/fr\/wp-json\/wp\/v2\/pages\/7866"}],"wp:attachment":[{"href":"https:\/\/www.ottawahospital.on.ca\/fr\/wp-json\/wp\/v2\/media?parent=9536"}],"curies":[{"name":"wp","href":"https:\/\/api.w.org\/{rel}","templated":true}]}}