{"id":9532,"date":"2016-11-23T10:48:31","date_gmt":"2016-11-23T15:48:31","guid":{"rendered":"http:\/\/52.229.122.34\/fr\/?page_id=9532"},"modified":"2025-05-12T15:04:51","modified_gmt":"2025-05-12T19:04:51","slug":"centre-regional-de-traitement-des-troubles-de-lalimentation","status":"publish","type":"page","link":"https:\/\/www.ottawahospital.on.ca\/fr\/services-cliniques\/deptpgrmcs\/programmes\/centre-regional-de-traitement-des-troubles-de-lalimentation\/","title":{"rendered":"Centre r\u00e9gional de traitement des troubles de l&rsquo;alimentation"},"content":{"rendered":"\n<h2 class=\"wp-block-heading\">Aper\u00e7u<\/h2>\n\n\n\n<p>Le Centre r\u00e9gional de traitement des troubles de l\u2019alimentation fourni des \u00e9valuations aux personnes de 18 ans et plus ayant un trouble de l\u2019alimentation. Nos traitements pour l\u2019anorexie mentale, la boulimie mentale, l\u2019anorexie mentale atypique et le trouble des m\u00e9thodes compensatoires sont offerts en consultation externe (faible intensit\u00e9), \u00e0 l\u2019h\u00f4pital de jour (intensif) et en hospitalisation (intensif). Pour l\u2019hyperphagie boulimique, les services se limitent seulement \u00e0 un traitement pharmacologique (\u00e0 base de m\u00e9dicaments).<\/p>\n\n\n\n<p>Nous sommes engag\u00e9s \u00e0 offrir des traitements bas\u00e9s sur des donn\u00e9es probantes pour aider nos patients \u00e0 se r\u00e9tablir d\u2019un trouble de l\u2019alimentation. Nous reconnaissons que le cheminement vers le r\u00e9tablissement est propre \u00e0 chaque patient. Ainsi, nous t\u00e2chons de l\u2019accompagner \u00e0 partir de l\u2019\u00e9tape o\u00f9 il se trouve dans la gestion des sympt\u00f4mes du trouble de l\u2019alimentation. Nous nous effor\u00e7ons d\u2019aider le patient \u00e0 cerner les incidences de ses sympt\u00f4mes sur sa vie, ses prochains objectifs et des solutions pour retrouver une alimentation normale et un poids normal (le cas \u00e9ch\u00e9ant), et \u00e0 soulager ou \u00e0 \u00e9liminer les sympt\u00f4mes du trouble de l\u2019alimentation. Nous aidons aussi le patient \u00e0 r\u00e9soudre les probl\u00e8mes qui contribuent au trouble de l\u2019alimentation et \u00e0 \u00e9tablir ou retrouver un style de vie sain et productif.<\/p>\n\n\n\n<p>Nous fournissons un traitement multidisciplinaire complet dans le cadre de s\u00e9ances individuelles ou en groupe. L\u2019\u00e9quipe multidisciplinaire, dirig\u00e9e par la <strong>D<sup>r<\/sup> Marco Solmi<\/strong>, directrice du programme et psychiatre, comprend des psychiatres, des infirmi\u00e8res autoris\u00e9es, une infirmi\u00e8re praticienne, des psychologues cliniciens, des di\u00e9t\u00e9tistes, une travailleuse sociale, un \u00e9valuateur de programme et du personnel administratif.<\/p>\n\n\n\n<p>Pour obtenir une \u00e9valuation en vue d\u2019une admission au Programme de traitement des troubles de l\u2019alimentation, la recommandation d\u2019un m\u00e9decin ou d\u2019une infirmi\u00e8re praticienne est requise. Vous obtiendrez alors un rendez-vous d\u2019\u00e9valuation avec un sp\u00e9cialiste des troubles de l\u2019alimentation. La gravit\u00e9 et la nature de votre trouble de l\u2019alimentation d\u00e9termineront le programme de traitement qui vous sera offert, le cas \u00e9ch\u00e9ant. Apr\u00e8s la consultation, vous pouvez accepter ou refuser le traitement recommand\u00e9. Si vous l\u2019acceptez, vous serez inscrit sur une liste d\u2019attente. Nous vous communiquerons par t\u00e9l\u00e9phone la date de d\u00e9but de votre traitement d\u00e8s qu\u2019une place sera disponible (cela peut prendre plusieurs mois).<\/p>\n\n\n\n<p><strong>Soutient de pr\u00e9paration:<\/strong>&nbsp;Pour vous pr\u00e9parer pour votre traitement, nous avons une \u00e9quipe qui vous soutiennent lorsque vous commencez les d\u00e9marches&nbsp; envers la gu\u00e9rison . L&rsquo;objectif de notre programme de pr\u00e9paration, &nbsp;est de vous pr\u00e9parer le mieux possible pour le traitement. Vous pouvez vous attendre \u00e0 b\u00e9n\u00e9ficier d&rsquo;une s\u00e9ance d&rsquo;information virtuelle, d&rsquo;une s\u00e9ance individuelle qui vous aidera \u00e0 identifier vos objectifs de r\u00e9tablissement et \u00e0 discuter de ce que vous pouvez faire avant le traitement, et de s\u00e9ances de groupe hebdomadaires qui se concentreront sur des sujets tels que les repas, la nutrition, la motivation et de s&rsquo;assurer une compr\u00e9hension de votre plan envers le r\u00e9tablissement.<\/p>\n\n\n\n<p><strong>Traitement intensif de jour&nbsp;<\/strong>: Ce programme de huit semaines accueille un maximum de huit patients en tout temps. Il s\u2019adresse aux personnes atteintes d\u2019un trouble grave de l\u2019alimentation.<\/p>\n\n\n\n<p><strong>Hospitalisation pour le contr\u00f4le des sympt\u00f4mes (unit\u00e9 de six lits)<\/strong>&nbsp;: Ce programme est offert aux personnes atteintes d\u2019un trouble grave de l\u2019alimentation et dont la sant\u00e9 risque d\u2019\u00eatre gravement compromise en raison d\u2019une perte de poids importante et de sympt\u00f4mes graves de purgation. L\u2019objectif est de contr\u00f4ler les sympt\u00f4mes en vue de stabiliser l\u2019\u00e9tat de sant\u00e9 du patient. Par la suite, le patient peut recevoir des soins intensifs virtuels en consultation externe.<\/p>\n\n\n\n<p><strong>Traitement en clinique externe&nbsp;<\/strong>: Ce programme de 10 semaines s\u2019adresse aux personnes atteintes d\u2019un trouble de l\u2019alimentation l\u00e9ger \u00e0 mod\u00e9r\u00e9. Il comprend des conseils en nutrition d\u2019une di\u00e9t\u00e9tiste et une th\u00e9rapie cognitivo-comportementale par un psychologue.<\/p>\n\n\n\n<p>Pour plus de renseignements, consultez le <a href=\"https:\/\/www.ottawahospital.on.ca\/en\/documents\/2021\/04\/guide-regional-centre-for-the-treatment-of-eating-disorders-en-wcag.pdf\" target=\"_blank\" rel=\"noopener\">Guide du Centre r\u00e9gional de traitement des troubles de l\u2019alimentation.<\/a> (Seulement en Anglais)<\/p>\n\n\n\n<h2 class=\"wp-block-heading\">Pour prendre rendez-vous<\/h2>\n\n\n\n<p><strong>Une recommandation d\u2019un m\u00e9decin ou d\u2019une infirmi\u00e8re praticienne est requise.<\/strong> Soumettez par t\u00e9l\u00e9copieur une demande d\u2019\u00e9valuation pour la clinique des troubles de l\u2019alimentation&nbsp;ou communiquez avec nous par t\u00e9l\u00e9phone au 613-737-8042 pour obtenir des renseignements.<\/p>\n\n\n\n<ul class=\"wp-block-list\">\n<li><a href=\"https:\/\/www.ottawahospital.on.ca\/en\/documents\/2025\/04\/eating-disorder-referral-for-assessment-form.pdf\">Formulaire de r\u00e9f\u00e9rence pour \u00e9valuation <\/a>(Seulement en Anglais)<\/li>\n\n\n\n<li><a href=\"https:\/\/www.ottawahospital.on.ca\/en\/documents\/2021\/04\/eating-disorder-medical-monitoring-recommendations-wcag.pdf\" target=\"_blank\" rel=\"noopener\">Recommandations de surveillance m\u00e9dicale&nbsp;<\/a>(Seulement en Anglais)<\/li>\n<\/ul>\n\n\n\n<h2 class=\"wp-block-heading\">Ressources \u00e0 t\u00e9l\u00e9charger<\/h2>\n\n\n\n<p>Nous vous encourageons \u00e0 consulter les ressources ci-dessous pendant que vous \u00eates sur la liste d\u2019attente de notre Programme des troubles de l\u2019alimentation et tout au long de votre parcours de r\u00e9tablissement. Parcourez-les et discutez-en avec un conseiller ou un psychoth\u00e9rapeute dans la collectivit\u00e9, un m\u00e9decin ou les membres de votre r\u00e9seau de soutien. Et lisez-les vous-m\u00eame.<\/p>\n\n\n\n<p>Elles s\u2019articulent autour de trois grands th\u00e8mes&nbsp;:<\/p>\n\n\n\n<p><strong>Enseignement&nbsp;:<\/strong> Renseignez-vous sur quelques-uns des concepts cl\u00e9s abord\u00e9s dans notre programme et qui font partie du traitement et du r\u00e9tablissement d\u2019un trouble de l\u2019alimentation. Ces concepts comprennent notamment la th\u00e9rapie cognitivo-comportementale et l\u2019image de soi, la th\u00e9rapie comportementale dialectique et l\u2019efficacit\u00e9 interpersonnelle.<\/p>\n\n\n\n<p><strong>D\u00e9veloppement des comp\u00e9tences&nbsp;:<\/strong> Commencez \u00e0 mettre en \u0153uvre plusieurs des techniques d\u2019adaptation que nous employons dans notre programme. Elles vous appuieront pendant votre parcours de r\u00e9tablissement, peu importe l\u2019\u00e9tape \u00e0 laquelle vous vous trouvez.<\/p>\n\n\n\n<p><strong>Motivation&nbsp;: <\/strong>Cultivez la motivation de choisir le r\u00e9tablissement tous les jours.<\/p>\n\n\n\n<h3 class=\"wp-block-heading\">Enseignement<\/h3>\n\n\n\n<ul class=\"wp-block-list\">\n<li><a href=\"https:\/\/www.ottawahospital.on.ca\/wp-content\/uploads\/2024\/12\/Enseignement-Ressource-pour-les-troubles-de-lalimentation_Page_1.jpg\">Aper\u00e7u<\/a><\/li>\n\n\n\n<li><a href=\"https:\/\/www.ottawahospital.on.ca\/wp-content\/uploads\/2024\/12\/Enseignement-Ressource-pour-les-troubles-de-lalimentation_Page_2.jpg\">Th\u00e9rapie cognitivo-comportementale \/ Image de soi<\/a><\/li>\n\n\n\n<li><a href=\"https:\/\/www.ottawahospital.on.ca\/wp-content\/uploads\/2024\/12\/Enseignement-Ressource-pour-les-troubles-de-lalimentation_Page_3.jpg\">Th\u00e9rapie comportementale dialectique<\/a><\/li>\n\n\n\n<li><a href=\"https:\/\/www.ottawahospital.on.ca\/wp-content\/uploads\/2024\/12\/Enseignement-Ressource-pour-les-troubles-de-lalimentation_Page_4.jpg\">Efficacit\u00e9 interpersonnelle<\/a><\/li>\n\n\n\n<li><a href=\"https:\/\/www.ottawahospital.on.ca\/wp-content\/uploads\/2024\/12\/Enseignement-Ressource-pour-les-troubles-de-lalimentation_Page_5-scaled.jpg\">R\u00e9f\u00e9rences<\/a><\/li>\n<\/ul>\n\n\n\n<h3 class=\"wp-block-heading\">D\u00e9veloppement des comp\u00e9tences<\/h3>\n\n\n\n<ul class=\"wp-block-list\">\n<li>&nbsp;<a href=\"https:\/\/www.ottawahospital.on.ca\/wp-content\/uploads\/2024\/12\/Developpement-des-competences-Ressource-pour-les-troubles-de-lalimentation_Page_1.jpg\">Aper\u00e7u<\/a><\/li>\n\n\n\n<li><a href=\"https:\/\/www.ottawahospital.on.ca\/wp-content\/uploads\/2024\/12\/Developpement-des-competences-Ressource-pour-les-troubles-de-lalimentation_Page_2.jpg\">Menu des comp\u00e9tences<\/a><\/li>\n\n\n\n<li><a href=\"https:\/\/www.ottawahospital.on.ca\/wp-content\/uploads\/2024\/12\/Developpement-des-competences-Ressource-pour-les-troubles-de-lalimentation_Page_3.jpg\">Glossaire du menu des comp\u00e9tences \u2013 partie&nbsp;1<\/a><\/li>\n\n\n\n<li><a href=\"https:\/\/www.ottawahospital.on.ca\/wp-content\/uploads\/2024\/12\/Developpement-des-competences-Ressource-pour-les-troubles-de-lalimentation_Page_4.jpg\">Glossaire du menu des comp\u00e9tences \u2013 partie&nbsp;2<\/a><\/li>\n\n\n\n<li><a href=\"https:\/\/www.ottawahospital.on.ca\/wp-content\/uploads\/2024\/12\/Developpement-des-competences-Ressource-pour-les-troubles-de-lalimentation_Page_5.jpg\">Glossaire du menu des comp\u00e9tences \u2013 partie&nbsp;3<\/a><\/li>\n\n\n\n<li><a href=\"https:\/\/www.ottawahospital.on.ca\/wp-content\/uploads\/2024\/12\/Developpement-des-competences-Ressource-pour-les-troubles-de-lalimentation_Page_6.jpg\">Trousse de tol\u00e9rance \u00e0 la d\u00e9tresse<\/a><\/li>\n<\/ul>\n\n\n\n<h3 class=\"wp-block-heading\">Motivation<\/h3>\n\n\n\n<ul class=\"wp-block-list\">\n<li><a href=\"https:\/\/www.ottawahospital.on.ca\/wp-content\/uploads\/2024\/12\/Motivation-Ressource-pour-les-troubles-de-lalimentaion_Page_1.jpg\">Aper\u00e7u<\/a><\/li>\n\n\n\n<li><a href=\"https:\/\/www.ottawahospital.on.ca\/wp-content\/uploads\/2024\/12\/Motivation-Ressource-pour-les-troubles-de-lalimentaion_Page_2.jpg\">Cultiver une vie au-del\u00e0 de votre trouble de l\u2019alimentation<\/a><\/li>\n\n\n\n<li><a href=\"https:\/\/www.ottawahospital.on.ca\/wp-content\/uploads\/2024\/12\/Motivation-Ressource-pour-les-troubles-de-lalimentaion_Page_3.jpg\">Motivation pour le r\u00e9tablissement<\/a><\/li>\n\n\n\n<li><a href=\"https:\/\/www.ottawahospital.on.ca\/wp-content\/uploads\/2024\/12\/Motivation-Ressource-pour-les-troubles-de-lalimentaion_Page_4.jpg\">Messages de r\u00e9tablissement sur cartes \u2013 partie&nbsp;1<\/a><\/li>\n\n\n\n<li><a href=\"https:\/\/www.ottawahospital.on.ca\/wp-content\/uploads\/2024\/12\/Motivation-Ressource-pour-les-troubles-de-lalimentaion_Page_5.jpg\">Messages de r\u00e9tablissement sur cartes \u2013 partie&nbsp;2<\/a><\/li>\n<\/ul>\n\n\n\n<h2 class=\"wp-block-heading\">Pour nous joindre<\/h2>\n\n\n\n<p>Campus G\u00e9n\u00e9ral : Salle 4306<br>T\u00e9l. : 613-737-8010<br>T\u00e9l\u00e9c. : 613-737-8652<\/p>\n","protected":false},"excerpt":{"rendered":"<p>Aper\u00e7u Le Centre r\u00e9gional de traitement des troubles de l\u2019alimentation fourni des \u00e9valuations aux personnes de 18 ans et plus ayant un trouble de l\u2019alimentation. Nos traitements pour l\u2019anorexie mentale, la boulimie mentale, l\u2019anorexie mentale atypique et le trouble des m\u00e9thodes compensatoires sont offerts en consultation externe (faible intensit\u00e9), \u00e0 l\u2019h\u00f4pital de jour (intensif) et [&hellip;]<\/p>\n","protected":false},"author":25,"featured_media":0,"parent":7866,"menu_order":24,"comment_status":"closed","ping_status":"closed","template":"","meta":{"_acf_changed":false,"_mc_calendar":[],"footnotes":""},"class_list":["post-9532","page","type-page","status-publish","hentry"],"acf":[],"wps_subtitle":"","_links":{"self":[{"href":"https:\/\/www.ottawahospital.on.ca\/fr\/wp-json\/wp\/v2\/pages\/9532","targetHints":{"allow":["GET"]}}],"collection":[{"href":"https:\/\/www.ottawahospital.on.ca\/fr\/wp-json\/wp\/v2\/pages"}],"about":[{"href":"https:\/\/www.ottawahospital.on.ca\/fr\/wp-json\/wp\/v2\/types\/page"}],"author":[{"embeddable":true,"href":"https:\/\/www.ottawahospital.on.ca\/fr\/wp-json\/wp\/v2\/users\/25"}],"replies":[{"embeddable":true,"href":"https:\/\/www.ottawahospital.on.ca\/fr\/wp-json\/wp\/v2\/comments?post=9532"}],"version-history":[{"count":0,"href":"https:\/\/www.ottawahospital.on.ca\/fr\/wp-json\/wp\/v2\/pages\/9532\/revisions"}],"up":[{"embeddable":true,"href":"https:\/\/www.ottawahospital.on.ca\/fr\/wp-json\/wp\/v2\/pages\/7866"}],"wp:attachment":[{"href":"https:\/\/www.ottawahospital.on.ca\/fr\/wp-json\/wp\/v2\/media?parent=9532"}],"curies":[{"name":"wp","href":"https:\/\/api.w.org\/{rel}","templated":true}]}}