{"id":9501,"date":"2016-11-23T10:24:34","date_gmt":"2016-11-23T15:24:34","guid":{"rendered":"http:\/\/52.229.122.34\/fr\/?page_id=9501"},"modified":"2016-11-23T10:24:34","modified_gmt":"2016-11-23T15:24:34","slug":"pour-nous-joindre","status":"publish","type":"page","link":"https:\/\/www.ottawahospital.on.ca\/fr\/services-cliniques\/deptpgrmcs\/programmes\/programme-de-gestion-de-la-douleur-chronique\/pour-nous-joindre\/","title":{"rendered":"Pour nous joindre"},"content":{"rendered":"<p>Pour en savoir plus, communiquez avec\u00a0:<\/p>\n<p>Programme de gestion de la douleur chronique<br \/>\nAdmissions<br \/>\nCentre de r\u00e9adaptation de L\u2019H\u00f4pital d\u2019Ottawa<br \/>\n505, chemin Smyth, Ottawa ON<br \/>\nK1H 8M2<\/p>\n<p>T\u00e9l\u00e9phone : 613-737-7350, poste 75673<br \/>\nT\u00e9l\u00e9copieur : 613-733-8336<\/p>\n","protected":false},"excerpt":{"rendered":"<p>Pour en savoir plus, communiquez avec\u00a0: Programme de gestion de la douleur chronique Admissions Centre de r\u00e9adaptation de L\u2019H\u00f4pital d\u2019Ottawa 505, chemin Smyth, Ottawa ON K1H 8M2 T\u00e9l\u00e9phone : 613-737-7350, poste 75673 T\u00e9l\u00e9copieur : 613-733-8336<\/p>\n","protected":false},"author":25,"featured_media":0,"parent":9464,"menu_order":5,"comment_status":"closed","ping_status":"closed","template":"","meta":{"_acf_changed":false,"_mc_calendar":[],"footnotes":""},"class_list":["post-9501","page","type-page","status-publish","hentry"],"acf":[],"wps_subtitle":"","_links":{"self":[{"href":"https:\/\/www.ottawahospital.on.ca\/fr\/wp-json\/wp\/v2\/pages\/9501","targetHints":{"allow":["GET"]}}],"collection":[{"href":"https:\/\/www.ottawahospital.on.ca\/fr\/wp-json\/wp\/v2\/pages"}],"about":[{"href":"https:\/\/www.ottawahospital.on.ca\/fr\/wp-json\/wp\/v2\/types\/page"}],"author":[{"embeddable":true,"href":"https:\/\/www.ottawahospital.on.ca\/fr\/wp-json\/wp\/v2\/users\/25"}],"replies":[{"embeddable":true,"href":"https:\/\/www.ottawahospital.on.ca\/fr\/wp-json\/wp\/v2\/comments?post=9501"}],"version-history":[{"count":0,"href":"https:\/\/www.ottawahospital.on.ca\/fr\/wp-json\/wp\/v2\/pages\/9501\/revisions"}],"up":[{"embeddable":true,"href":"https:\/\/www.ottawahospital.on.ca\/fr\/wp-json\/wp\/v2\/pages\/9464"}],"wp:attachment":[{"href":"https:\/\/www.ottawahospital.on.ca\/fr\/wp-json\/wp\/v2\/media?parent=9501"}],"curies":[{"name":"wp","href":"https:\/\/api.w.org\/{rel}","templated":true}]}}