{"id":9496,"date":"2016-11-23T10:23:21","date_gmt":"2016-11-23T15:23:21","guid":{"rendered":"http:\/\/52.229.122.34\/fr\/?page_id=9496"},"modified":"2016-11-23T10:23:21","modified_gmt":"2016-11-23T15:23:21","slug":"demande-de-services","status":"publish","type":"page","link":"https:\/\/www.ottawahospital.on.ca\/fr\/services-cliniques\/deptpgrmcs\/programmes\/programme-de-gestion-de-la-douleur-chronique\/demande-de-services\/","title":{"rendered":"Demande de services"},"content":{"rendered":"<p><img decoding=\"async\" class=\"size-full wp-image-9493 alignright img-responsive\" src=\"\/wp-content\/uploads\/2016\/11\/CPMP_ReferralInformation.jpg\" alt=\"cpmp_referralinformation\" width=\"300\" height=\"200\" \/>Un m\u00e9decin ou un sp\u00e9cialiste doit faire une demande de services. Il peut envoyer une lettre de demande d\u2019\u00e9valuation en physiatrie par t\u00e9l\u00e9copieur ou par la poste au :<\/p>\n<p>Programme de gestion de la douleur chronique<br \/>\nAdmissions<br \/>\nCentre de r\u00e9adaptation de L\u2019H\u00f4pital d\u2019Ottawa<br \/>\n505, chemin Smyth<br \/>\nOttawa ON<br \/>\nK1H 8M2<\/p>\n<p>T\u00e9l\u00e9copieur : 613-733-8336<\/p>\n<p><strong>Veuillez noter <\/strong>que nous <strong>n<\/strong>\u2019acceptons <strong>pas<\/strong> les patients qui :<\/p>\n<ul>\n<li>sont couverts par la <strong>R\u00e9gie de l\u2019assurance maladie du Qu\u00e9bec (RAMQ)<\/strong><\/li>\n<li>ont moins de 18 ans<\/li>\n<li>n\u2019ont pas de carte d\u2019assurance-sant\u00e9 valide.<\/li>\n<\/ul>\n<p>Nous n\u2019acceptons pas non plus les patients qui consultent principalement pour des maux de t\u00eate ou des probl\u00e8mes gastro-intestinaux, pelviens, gyn\u00e9cologiques ou urinaires, ou encore la gestion de la toxicomanie. Malgr\u00e9 ces crit\u00e8res d\u2019exclusion, nous examinerons toutes les demandes de services d\u00fbment remplies pour en d\u00e9terminer la pertinence.<\/p>\n","protected":false},"excerpt":{"rendered":"<p>Un m\u00e9decin ou un sp\u00e9cialiste doit faire une demande de services. Il peut envoyer une lettre de demande d\u2019\u00e9valuation en physiatrie par t\u00e9l\u00e9copieur ou par la poste au : Programme de gestion de la douleur chronique Admissions Centre de r\u00e9adaptation de L\u2019H\u00f4pital d\u2019Ottawa 505, chemin Smyth Ottawa ON K1H 8M2 T\u00e9l\u00e9copieur : 613-733-8336 Veuillez noter [&hellip;]<\/p>\n","protected":false},"author":25,"featured_media":0,"parent":9464,"menu_order":4,"comment_status":"closed","ping_status":"closed","template":"","meta":{"_acf_changed":false,"_mc_calendar":[],"footnotes":""},"class_list":["post-9496","page","type-page","status-publish","hentry"],"acf":[],"wps_subtitle":"","_links":{"self":[{"href":"https:\/\/www.ottawahospital.on.ca\/fr\/wp-json\/wp\/v2\/pages\/9496","targetHints":{"allow":["GET"]}}],"collection":[{"href":"https:\/\/www.ottawahospital.on.ca\/fr\/wp-json\/wp\/v2\/pages"}],"about":[{"href":"https:\/\/www.ottawahospital.on.ca\/fr\/wp-json\/wp\/v2\/types\/page"}],"author":[{"embeddable":true,"href":"https:\/\/www.ottawahospital.on.ca\/fr\/wp-json\/wp\/v2\/users\/25"}],"replies":[{"embeddable":true,"href":"https:\/\/www.ottawahospital.on.ca\/fr\/wp-json\/wp\/v2\/comments?post=9496"}],"version-history":[{"count":0,"href":"https:\/\/www.ottawahospital.on.ca\/fr\/wp-json\/wp\/v2\/pages\/9496\/revisions"}],"up":[{"embeddable":true,"href":"https:\/\/www.ottawahospital.on.ca\/fr\/wp-json\/wp\/v2\/pages\/9464"}],"wp:attachment":[{"href":"https:\/\/www.ottawahospital.on.ca\/fr\/wp-json\/wp\/v2\/media?parent=9496"}],"curies":[{"name":"wp","href":"https:\/\/api.w.org\/{rel}","templated":true}]}}