{"id":9490,"date":"2016-11-23T10:21:18","date_gmt":"2016-11-23T15:21:18","guid":{"rendered":"http:\/\/52.229.122.34\/fr\/?page_id=9490"},"modified":"2016-11-23T10:21:18","modified_gmt":"2016-11-23T15:21:18","slug":"notre-equipe","status":"publish","type":"page","link":"https:\/\/www.ottawahospital.on.ca\/fr\/services-cliniques\/deptpgrmcs\/programmes\/programme-de-gestion-de-la-douleur-chronique\/notre-equipe\/","title":{"rendered":"Notre \u00e9quipe"},"content":{"rendered":"<p><img decoding=\"async\" class=\"size-full wp-image-9487 alignright img-responsive\" src=\"\/wp-content\/uploads\/2016\/11\/CPMP_OurTeam.jpg\" alt=\"cpmp_ourteam\" width=\"300\" height=\"198\" \/>Une \u00e9quipe interdisciplinaire compos\u00e9e de professionnels de la sant\u00e9 d\u00e9vou\u00e9s et empreints de compassion offre les services du Programme de gestion de la douleur chronique.<\/p>\n<p>Elle comprend des professionnels des secteurs suivants :<\/p>\n<ul>\n<li>Physiatrie (une branche de la m\u00e9decine ax\u00e9e sur la m\u00e9decine physique et la r\u00e9adaptation)<\/li>\n<li>Soins infirmiers<\/li>\n<li>Psychologie<\/li>\n<li>Ergoth\u00e9rapie<\/li>\n<li>Physioth\u00e9rapie<\/li>\n<li>Travail social<\/li>\n<li>Pharmacie<\/li>\n<li>R\u00e9adaptation professionnelle<\/li>\n<li>Loisirs th\u00e9rapeutiques<\/li>\n<\/ul>\n<p>&nbsp;<\/p>\n<p>L\u2019\u00e9quipe travaille en collaboration afin d\u2019offrir des soins coordonn\u00e9s et complets. Elle b\u00e9n\u00e9ficie de l\u2019appui d\u2019un personnel de soutien sp\u00e9cialis\u00e9.<\/p>\n","protected":false},"excerpt":{"rendered":"<p>Une \u00e9quipe interdisciplinaire compos\u00e9e de professionnels de la sant\u00e9 d\u00e9vou\u00e9s et empreints de compassion offre les services du Programme de gestion de la douleur chronique. Elle comprend des professionnels des secteurs suivants : Physiatrie (une branche de la m\u00e9decine ax\u00e9e sur la m\u00e9decine physique et la r\u00e9adaptation) Soins infirmiers Psychologie Ergoth\u00e9rapie Physioth\u00e9rapie Travail social Pharmacie [&hellip;]<\/p>\n","protected":false},"author":25,"featured_media":0,"parent":9464,"menu_order":3,"comment_status":"closed","ping_status":"closed","template":"","meta":{"_acf_changed":false,"_mc_calendar":[],"footnotes":""},"class_list":["post-9490","page","type-page","status-publish","hentry"],"acf":[],"wps_subtitle":"","_links":{"self":[{"href":"https:\/\/www.ottawahospital.on.ca\/fr\/wp-json\/wp\/v2\/pages\/9490","targetHints":{"allow":["GET"]}}],"collection":[{"href":"https:\/\/www.ottawahospital.on.ca\/fr\/wp-json\/wp\/v2\/pages"}],"about":[{"href":"https:\/\/www.ottawahospital.on.ca\/fr\/wp-json\/wp\/v2\/types\/page"}],"author":[{"embeddable":true,"href":"https:\/\/www.ottawahospital.on.ca\/fr\/wp-json\/wp\/v2\/users\/25"}],"replies":[{"embeddable":true,"href":"https:\/\/www.ottawahospital.on.ca\/fr\/wp-json\/wp\/v2\/comments?post=9490"}],"version-history":[{"count":0,"href":"https:\/\/www.ottawahospital.on.ca\/fr\/wp-json\/wp\/v2\/pages\/9490\/revisions"}],"up":[{"embeddable":true,"href":"https:\/\/www.ottawahospital.on.ca\/fr\/wp-json\/wp\/v2\/pages\/9464"}],"wp:attachment":[{"href":"https:\/\/www.ottawahospital.on.ca\/fr\/wp-json\/wp\/v2\/media?parent=9490"}],"curies":[{"name":"wp","href":"https:\/\/api.w.org\/{rel}","templated":true}]}}