{"id":9473,"date":"2016-11-23T10:12:56","date_gmt":"2016-11-23T15:12:56","guid":{"rendered":"http:\/\/52.229.122.34\/fr\/?page_id=9473"},"modified":"2023-06-08T09:59:01","modified_gmt":"2023-06-08T13:59:01","slug":"notre-objectif","status":"publish","type":"page","link":"https:\/\/www.ottawahospital.on.ca\/fr\/services-cliniques\/deptpgrmcs\/programmes\/programme-de-gestion-de-la-douleur-chronique\/notre-objectif\/","title":{"rendered":"Notre Objectif"},"content":{"rendered":"<h2><img decoding=\"async\" class=\"aligncenter size-full wp-image-9471 img-responsive\" src=\"\/wp-content\/uploads\/2016\/11\/CPMP_OurGoal.jpg\" alt=\"cpmp_ourgoal\" width=\"720\" height=\"240\" srcset=\"https:\/\/www.ottawahospital.on.ca\/wp-content\/uploads\/2016\/11\/CPMP_OurGoal.jpg 720w, https:\/\/www.ottawahospital.on.ca\/wp-content\/uploads\/2016\/11\/CPMP_OurGoal-600x200.jpg 600w, https:\/\/www.ottawahospital.on.ca\/wp-content\/uploads\/2016\/11\/CPMP_OurGoal-300x100.jpg 300w\" sizes=\"(max-width: 720px) 100vw, 720px\" \/>Notre objectif<\/h2>\n<p>Nous visons \u00e0 offrir \u00e0 chaque patient ayant une douleur chronique des soins de calibre mondial et des services exceptionnels avec une compassion digne des personnes qui nous sont ch\u00e8res. Nous visons aussi \u00e0 \u00eatre reconnus comme un chef de file de la gestion de la douleur chronique dans le domaine des soins cliniques, de l\u2019enseignement, de la qualit\u00e9 et de la recherche.<\/p>\n<h2>Notre mission<\/h2>\n<p><strong>Programme clinique<br \/>\n<\/strong>Le Programme de gestion de la douleur chronique emploie une \u00e9quipe interdisciplinaire qui offre des soins centr\u00e9s sur les patients et empreints de compassion, et met l\u2019accent sur l\u2019\u00e9valuation, l\u2019enseignement et la promotion de l\u2019autogestion de la douleur chronique et de l\u2019incapacit\u00e9 qui en d\u00e9coule pour les patients du R\u00e9seau local d\u2019int\u00e9gration des services de sant\u00e9 (RLISS) de Champlain.<\/p>\n<p><strong>Enseignement<br \/>\n<\/strong>Le Programme de gestion de la douleur chronique se consacre \u00e0 l\u2019enseignement des professionnels de la sant\u00e9 pr\u00e9sents et futurs dans le cadre d\u2019un mod\u00e8le de soins interdisciplinaires.<\/p>\n<p><strong>Qualit\u00e9 et recherche<br \/>\n<\/strong>Le Programme de gestion de la douleur chronique s\u2019engage \u00e0 offrir aux patients des soins fond\u00e9s sur des donn\u00e9es probantes gr\u00e2ce \u00e0 la cr\u00e9ation, au partage et \u00e0 l\u2019application de nouvelles connaissances et approches cliniques ainsi que de nouveaux syst\u00e8mes de solutions num\u00e9riques.<\/p>\n<h2>Nos valeurs<\/h2>\n<p><strong>Compassion<br \/>\n<\/strong>L\u2019un des grands objectifs du Programme de gestion de la douleur chronique est d\u2019outiller et d\u2019encourager les patients en leur donnant des strat\u00e9gies et des principes pour accro\u00eetre leurs capacit\u00e9s fonctionnelles. Dans le cadre de ce programme, on incite les patients \u00e0 faire des changements positifs et des choix sains pour am\u00e9liorer leur qualit\u00e9 de vie.<\/p>\n<p><strong>Engagement \u00e0 la qualit\u00e9<br \/>\n<\/strong>Le Programme de gestion de la douleur chronique repose sur un mod\u00e8le de soins centr\u00e9s sur les patients et fond\u00e9s sur des donn\u00e9es probantes pour une prise en charge globale de la personne. L\u2019\u00e9quipe du programme s\u2019engage fermement \u00e0 l\u2019assurance de la qualit\u00e9 et \u00e0 \u00e9valuer le succ\u00e8s chez les patients durant et apr\u00e8s les interventions en groupe.<\/p>\n<p><strong>Collaboration<br \/>\n<\/strong>Le Programme de gestion de la douleur chronique adopte une approche interdisciplinaire pour une prise en charge globale de la personne. La structure collective de son mod\u00e8le d\u2019enseignement permet aux patients de b\u00e9n\u00e9ficier \u00e0 la fois de l\u2019expertise des cliniciens et des exp\u00e9riences partag\u00e9es avec les autres participants.<\/p>\n<p><strong>Respect de la personne<br \/>\n<\/strong>Chaque patient du Programme de gestion de la douleur chronique est trait\u00e9 avec courtoisie, dignit\u00e9 et respect. L\u2019\u00e9quipe interdisciplinaire est \u00e0 l\u2019\u00e9coute des besoins individuels des patients et de leur famille, notamment en ce qui a trait aux stades de d\u00e9veloppement, aux modes de vie et \u00e0 la culture. Elle ne perd jamais de vue ce qui convient le mieux aux patients dans toutes ses discussions et d\u00e9cisions.<\/p>\n","protected":false},"excerpt":{"rendered":"<p>Notre objectif Nous visons \u00e0 offrir \u00e0 chaque patient ayant une douleur chronique des soins de calibre mondial et des services exceptionnels avec une compassion digne des personnes qui nous sont ch\u00e8res. Nous visons aussi \u00e0 \u00eatre reconnus comme un chef de file de la gestion de la douleur chronique dans le domaine des soins [&hellip;]<\/p>\n","protected":false},"author":25,"featured_media":0,"parent":9464,"menu_order":1,"comment_status":"closed","ping_status":"closed","template":"","meta":{"_acf_changed":false,"_mc_calendar":[],"footnotes":""},"class_list":["post-9473","page","type-page","status-publish","hentry"],"acf":[],"wps_subtitle":"","_links":{"self":[{"href":"https:\/\/www.ottawahospital.on.ca\/fr\/wp-json\/wp\/v2\/pages\/9473","targetHints":{"allow":["GET"]}}],"collection":[{"href":"https:\/\/www.ottawahospital.on.ca\/fr\/wp-json\/wp\/v2\/pages"}],"about":[{"href":"https:\/\/www.ottawahospital.on.ca\/fr\/wp-json\/wp\/v2\/types\/page"}],"author":[{"embeddable":true,"href":"https:\/\/www.ottawahospital.on.ca\/fr\/wp-json\/wp\/v2\/users\/25"}],"replies":[{"embeddable":true,"href":"https:\/\/www.ottawahospital.on.ca\/fr\/wp-json\/wp\/v2\/comments?post=9473"}],"version-history":[{"count":0,"href":"https:\/\/www.ottawahospital.on.ca\/fr\/wp-json\/wp\/v2\/pages\/9473\/revisions"}],"up":[{"embeddable":true,"href":"https:\/\/www.ottawahospital.on.ca\/fr\/wp-json\/wp\/v2\/pages\/9464"}],"wp:attachment":[{"href":"https:\/\/www.ottawahospital.on.ca\/fr\/wp-json\/wp\/v2\/media?parent=9473"}],"curies":[{"name":"wp","href":"https:\/\/api.w.org\/{rel}","templated":true}]}}