{"id":9443,"date":"2016-11-23T09:53:42","date_gmt":"2016-11-23T14:53:42","guid":{"rendered":"http:\/\/52.229.122.34\/fr\/?page_id=9443"},"modified":"2020-02-03T13:58:08","modified_gmt":"2020-02-03T18:58:08","slug":"reseau-regional-des-avc-de-champlain","status":"publish","type":"page","link":"https:\/\/www.ottawahospital.on.ca\/fr\/services-cliniques\/deptpgrmcs\/programmes\/reseau-regional-des-avc-de-champlain\/","title":{"rendered":"R\u00e9seau r\u00e9gional des AVC de Champlain"},"content":{"rendered":"<h2>Aper\u00e7u<\/h2>\n<p>L\u2019H\u00f4pital d\u2019Ottawa h\u00e9berge le R\u00e9seau r\u00e9gional des AVC du R\u00e9seau local d\u2019int\u00e9gration des services de sant\u00e9 (RLISS) de Champlain depuis une dizaine d\u2019ann\u00e9es, comme l\u2019a d\u00e9sign\u00e9 le minist\u00e8re de la Sant\u00e9 et des Soins de longue dur\u00e9e.<\/p>\n<p>Le R\u00e9seau r\u00e9gional des AVC de Champlain est l\u2019un des 11 r\u00e9seaux de traitement des AVC en Ontario. Faisant partie int\u00e9grante du syst\u00e8me ontarien de traitement des AVC, les r\u00e9seaux r\u00e9gionaux des AVC assurent le leadership, l\u2019\u00e9laboration, la mise en \u0153uvre et la coordination des soins de l\u2019AVC \u00e0 l\u2019\u00e9chelle r\u00e9gionale et offre des soins pour l\u2019AVC fond\u00e9s sur des pratiques exemplaires et des donn\u00e9es probantes. Le syst\u00e8me ontarien de traitement des AVC est dirig\u00e9 par <a href=\"https:\/\/www.corhealthontario.ca\/\">CorHealth Ontario<\/a>\u00a0et le Comit\u00e9 directeur du R\u00e9seau r\u00e9gional des AVC de Champlain.<\/p>\n<p>Partenaire cl\u00e9 des soins de sant\u00e9, le R\u00e9seau r\u00e9gional des AVC de Champlain aide \u00e0 coordonner les traitements des AVC dans tout le continuum de soins au sein du R\u00e9seau local d\u2019int\u00e9gration des services de sant\u00e9 de Champlain (RLISS) de Champlain.<\/p>\n<p><strong>Vision\u00a0:<\/strong> R\u00e9duire le nombre d\u2019AVC et am\u00e9liorer les r\u00e9sultats.<br \/>\n<strong>Mission\u00a0:<\/strong> Am\u00e9liorer sans cesse la pr\u00e9vention et les soins de l\u2019AVC, ainsi que le r\u00e9tablissement et la r\u00e9int\u00e9gration communautaire apr\u00e8s un AVC.<\/p>\n<p>Renseignez-vous sur notre \u00e9quipe et le travail que nous faisons pour am\u00e9liorer continuellement la pr\u00e9vention et les soins de l\u2019AVC ainsi que le r\u00e9tablissement et la r\u00e9int\u00e9gration des survivants. Consultez notre site Web au <a href=\"https:\/\/www.crsn.ca\">R\u00e9seau r\u00e9gional des avc.<\/a><\/p>\n<p><strong>Clinique de pr\u00e9vention des AVC \u00e0 Champlain\u00a0<\/strong><\/p>\n<ul>\n<li><a href=\"https:\/\/www.crsn.ca\/en\/stroke-prevention-clinics\">Cliniques de pr\u00e9vention des AVC\u00a0<\/a><\/li>\n<\/ul>\n<p><strong>Pour recommander un patient<\/strong><\/p>\n<ul>\n<li>Clinique de pr\u00e9vention des AVC de L\u2019H\u00f4pital d\u2019Ottawa \u2013\u00a0<a href=\"https:\/\/www.crsn.ca\/images\/TOH_SPC_Referral.pdf\">Demande de consultation<\/a> (tous les formulaires mentionn\u00e9s sont joints en format PDF.)<\/li>\n<li>Clinique de pr\u00e9vention des AVC de l\u2019H\u00f4pital communautaire de Cornwall \u2013 <a href=\"https:\/\/www.crsn.ca\/images\/Cornwall_SPC_Referral.pdf\">Demande de consultation (PDF)<\/a><\/li>\n<li>Clinique de pr\u00e9vention des AVC de l\u2019H\u00f4pital Queensway Carleton \u2013 accepte seulement les patients recommand\u00e9s par son Urgence.<\/li>\n<li>Clinique de pr\u00e9vention des AVC de l\u2019H\u00f4pital de Pembroke \u2013 <a href=\"https:\/\/www.crsn.ca\/images\/Pembroke_SPC_Referral.pdf\">Demande de consultation (PDF)<\/a><\/li>\n<\/ul>\n<div class=\"callout-text-inner toh-green\">\n<h3 class=\"callout-text-inner-title\">Veuillez noter que<\/h3>\n<p class=\"callout-text\">Nous acceptons seulement les recommandations provenant d\u2019un m\u00e9decin ou d\u2019une infirmi\u00e8re praticienne.<\/p>\n<\/div>\n<p><strong>Crit\u00e8res de recommandation d\u2019un patient\u00a0:<\/strong><\/p>\n<ul>\n<li>Le patient pr\u00e9sente des sympt\u00f4mes d\u2019un AVC ou d\u2019un accident isch\u00e9mique transitoire pour lequel il n\u2019a pas \u00e9t\u00e9 \u00e9valu\u00e9 par un neurologue.<\/li>\n<li>Le patient pr\u00e9sente des facteurs de risque pr\u00e9occupants.<\/li>\n<li>Le patient est un r\u00e9sident du Qu\u00e9bec recommand\u00e9 par un urgentologue ou un sp\u00e9cialiste.<\/li>\n<\/ul>\n<h2>Carte des services aux victimes d\u2019AVC dans le RLISS de Champlain<\/h2>\n<p><img decoding=\"async\" class=\"aligncenter size-full wp-image-9445 img-responsive\" src=\"\/wp-content\/uploads\/2016\/11\/Stroke-network-map-FR_sm.jpg\" alt=\"stroke-network-map-fr_sm\" width=\"740\" height=\"404\" srcset=\"https:\/\/www.ottawahospital.on.ca\/wp-content\/uploads\/2016\/11\/Stroke-network-map-FR_sm.jpg 740w, https:\/\/www.ottawahospital.on.ca\/wp-content\/uploads\/2016\/11\/Stroke-network-map-FR_sm-600x328.jpg 600w, https:\/\/www.ottawahospital.on.ca\/wp-content\/uploads\/2016\/11\/Stroke-network-map-FR_sm-300x164.jpg 300w\" sizes=\"(max-width: 740px) 100vw, 740px\" \/><\/p>\n<h2>Notre \u00c9quipe<\/h2>\n<p>L\u2019\u00e9quipe du R\u00e9seau r\u00e9gional des AVC de Champlain \u00e0 L\u2019H\u00f4pital d\u2019Ottawa comprend des coordonnateurs de programmes, des responsables des pratiques exemplaires et des sp\u00e9cialistes de la pr\u00e9vention des AVC. L\u2019H\u00f4pital r\u00e9gional de Pembroke, qui abrite le Centre de district pour le traitement des AVC, dispose aussi d\u2019une \u00e9quipe qui collabore \u00e9troitement avec celle du R\u00e9seau r\u00e9gional des AVC de Champlain. Pour en savoir plus sur les membres de l\u2019\u00e9quipe du R\u00e9seau r\u00e9gional des AVC de Champlain, allez au :\u00a0 <a href=\"https:\/\/www.crsn.ca\/en\/about-us\/crsn-team\">Notre \u00e9quipe.<\/a><\/p>\n<h2>Coordonn\u00e9es du R\u00e9seau r\u00e9gional des AVC de Champlain<\/h2>\n<p><strong>R\u00e9seau r\u00e9gional des AVC de Champlain<br \/>\n<\/strong>L\u2019H\u00f4pital d\u2019Ottawa \u2013 Campus Civic<br \/>\nClinique Parkdale<br \/>\n1053, avenue Carling<br \/>\nOttawa ON \u00a0 K1Y 4E9<br \/>\nT\u00e9l\u00e9phone\u00a0: 613-798-5555, poste\u00a016153<br \/>\nSite Web :\u00a0 <a href=\"https:\/\/www.crsn.ca\/\">R\u00e9seau r\u00e9gional des avc <\/a>(en traduction)<\/p>\n<h2>Coordonn\u00e9es de la Clinique de pr\u00e9vention des AVC de L\u2019H\u00f4pital d\u2019Ottawa<\/h2>\n<p>T\u00e9l\u00e9phone\u00a0: 613-798-5555, poste\u00a016156<br \/>\nT\u00e9l\u00e9copieur\u00a0: 613-761-5320<\/p>\n<h2>Coordonn\u00e9es du Centre de district pour le traitement des AVC de l\u2019H\u00f4pital r\u00e9gional de Pembroke<\/h2>\n<p>705, rue Mackay<br \/>\nPembroke ON \u00a0K8A 1G8<br \/>\nT\u00e9l\u00e9phone (sans frais)\u00a0: 1-855-293-7838<\/p>\n","protected":false},"excerpt":{"rendered":"<p>Aper\u00e7u L\u2019H\u00f4pital d\u2019Ottawa h\u00e9berge le R\u00e9seau r\u00e9gional des AVC du R\u00e9seau local d\u2019int\u00e9gration des services de sant\u00e9 (RLISS) de Champlain depuis une dizaine d\u2019ann\u00e9es, comme l\u2019a d\u00e9sign\u00e9 le minist\u00e8re de la Sant\u00e9 et des Soins de longue dur\u00e9e. Le R\u00e9seau r\u00e9gional des AVC de Champlain est l\u2019un des 11 r\u00e9seaux de traitement des AVC en [&hellip;]<\/p>\n","protected":false},"author":25,"featured_media":0,"parent":7866,"menu_order":5,"comment_status":"closed","ping_status":"closed","template":"","meta":{"_acf_changed":false,"_mc_calendar":[],"footnotes":""},"class_list":["post-9443","page","type-page","status-publish","hentry"],"acf":[],"wps_subtitle":"","_links":{"self":[{"href":"https:\/\/www.ottawahospital.on.ca\/fr\/wp-json\/wp\/v2\/pages\/9443","targetHints":{"allow":["GET"]}}],"collection":[{"href":"https:\/\/www.ottawahospital.on.ca\/fr\/wp-json\/wp\/v2\/pages"}],"about":[{"href":"https:\/\/www.ottawahospital.on.ca\/fr\/wp-json\/wp\/v2\/types\/page"}],"author":[{"embeddable":true,"href":"https:\/\/www.ottawahospital.on.ca\/fr\/wp-json\/wp\/v2\/users\/25"}],"replies":[{"embeddable":true,"href":"https:\/\/www.ottawahospital.on.ca\/fr\/wp-json\/wp\/v2\/comments?post=9443"}],"version-history":[{"count":0,"href":"https:\/\/www.ottawahospital.on.ca\/fr\/wp-json\/wp\/v2\/pages\/9443\/revisions"}],"up":[{"embeddable":true,"href":"https:\/\/www.ottawahospital.on.ca\/fr\/wp-json\/wp\/v2\/pages\/7866"}],"wp:attachment":[{"href":"https:\/\/www.ottawahospital.on.ca\/fr\/wp-json\/wp\/v2\/media?parent=9443"}],"curies":[{"name":"wp","href":"https:\/\/api.w.org\/{rel}","templated":true}]}}