{"id":9425,"date":"2016-11-23T09:38:13","date_gmt":"2016-11-23T14:38:13","guid":{"rendered":"http:\/\/52.229.122.34\/fr\/?page_id=9425"},"modified":"2017-02-02T09:30:15","modified_gmt":"2017-02-02T14:30:15","slug":"programme-dacces-vasculaire","status":"publish","type":"page","link":"https:\/\/www.ottawahospital.on.ca\/fr\/services-cliniques\/deptpgrmcs\/programmes\/programme-de-cancerologie\/nos-programmes-et-cliniques\/programme-dacces-vasculaire\/","title":{"rendered":"Programme d&rsquo;acc\u00e8s vasculaire"},"content":{"rendered":"<h2>Vue d\u2019ensemble :<\/h2>\n<p>On doit utiliser des dispositifs d\u2019acc\u00e8s veineux central pour donner des chimioth\u00e9rapies, ou des liquides et pr\u00e9lever du sang \u00e0 de nombreux patients atteints du cancer.<\/p>\n<p>Le personnel du Programme d\u2019acc\u00e8s vasculaire de L\u2019H\u00f4pital d\u2019Ottawa coordonne, ins\u00e8re et entretient les dispositifs d\u2019acc\u00e8s veineux central, y compris les cath\u00e9ters centraux intraveineux p\u00e9riph\u00e9riques (CCIP) et les chambres implantables sous-cutan\u00e9es. Il y a des salles d\u2019insertion au Campus G\u00e9n\u00e9ral et au Campus Civic de L\u2019H\u00f4pital d\u2019Ottawa.<\/p>\n<h2>Nos services <img decoding=\"async\" class=\"alignright img-responsive\" title=\"\" src=\"\/wp-content\/uploads\/2016\/11\/chemopt2.jpg\" alt=\"Femme du programme d'acc\u00e8s vasculaire\" width=\"160\" height=\"240\" \/><\/h2>\n<ul>\n<li>Nous ins\u00e9rons les CCIP.<\/li>\n<li>Nous r\u00e9solvons tous les types de probl\u00e8mes li\u00e9s aux cath\u00e9ters centraux. Par exemple, nous r\u00e9parons les cath\u00e9ters en cas de rupture, nous emp\u00eachons les fuites de liquide et nous d\u00e9bouchons les cath\u00e9ters.<\/li>\n<li>Nous coordonnons les insertions et les retraits de chambres implantables sous-cutan\u00e9es et nous aidons \u00e0 les ins\u00e9rer et \u00e0 les retirer.<\/li>\n<li>Nous travaillons avec les infirmi\u00e8res autoris\u00e9es pour r\u00e9soudre les probl\u00e8mes li\u00e9s aux cath\u00e9ters centraux dans la collectivit\u00e9.<\/li>\n<\/ul>\n<h2>Notre \u00e9quipe<\/h2>\n<p>Sheryl McDiarmid, infirmi\u00e8re de pratique avanc\u00e9e<\/p>\n<p>Personnel du bureau des rendez-vous :<br \/>\nMary Katona et Kaitlyn Lewis<\/p>\n<p>Infirmi\u00e8res autoris\u00e9es :<br \/>\nGlenda Armitage, Lynn Cassie, Jill Gagnier, Kelly Hand, Bonnie Mcconnell, Dodey Smith, Natalie Vantassel, Christine Veltheim<\/p>\n<p>Pr\u00e9pos\u00e9s aux soins :<br \/>\nMike Desabrais et Michel Lepage<\/p>\n<h2>Rendez-vous<\/h2>\n<p>Les m\u00e9decins doivent t\u00e9l\u00e9phoner au bureau des rendez-vous au 613-798-5555 poste 17692 et nous donner les renseignements requis ou nous envoyer un formulaire de consultation sign\u00e9 au 613-761-4286. Le m\u00e9decin doit indiquer sur le formulaire de consultation la date pour laquelle il demande qu\u2019un cath\u00e9ter soit ins\u00e9r\u00e9. Le bureau des rendez-vous communiquera avec les patients pour leur pr\u00e9ciser la date, l\u2019heure et le lieu de leur rendez-vous.<\/p>\n<h2>Pour nous joindre<\/h2>\n<p>Notre bureau des rendez-vous est ouvert du lundi au vendredi, de 8 h \u00e0 16 h.<\/p>\n<p>Civic Campus J160<br \/>\n190, av. Melrose<br \/>\nOttawa, ON<br \/>\n613-798-5555 poste 17692<\/p>\n","protected":false},"excerpt":{"rendered":"<p>Vue d\u2019ensemble : On doit utiliser des dispositifs d\u2019acc\u00e8s veineux central pour donner des chimioth\u00e9rapies, ou des liquides et pr\u00e9lever du sang \u00e0 de nombreux patients atteints du cancer. Le personnel du Programme d\u2019acc\u00e8s vasculaire de L\u2019H\u00f4pital d\u2019Ottawa coordonne, ins\u00e8re et entretient les dispositifs d\u2019acc\u00e8s veineux central, y compris les cath\u00e9ters centraux intraveineux p\u00e9riph\u00e9riques (CCIP) [&hellip;]<\/p>\n","protected":false},"author":25,"featured_media":0,"parent":8984,"menu_order":6,"comment_status":"closed","ping_status":"closed","template":"","meta":{"_acf_changed":false,"_mc_calendar":[],"footnotes":""},"class_list":["post-9425","page","type-page","status-publish","hentry"],"acf":[],"wps_subtitle":"","_links":{"self":[{"href":"https:\/\/www.ottawahospital.on.ca\/fr\/wp-json\/wp\/v2\/pages\/9425","targetHints":{"allow":["GET"]}}],"collection":[{"href":"https:\/\/www.ottawahospital.on.ca\/fr\/wp-json\/wp\/v2\/pages"}],"about":[{"href":"https:\/\/www.ottawahospital.on.ca\/fr\/wp-json\/wp\/v2\/types\/page"}],"author":[{"embeddable":true,"href":"https:\/\/www.ottawahospital.on.ca\/fr\/wp-json\/wp\/v2\/users\/25"}],"replies":[{"embeddable":true,"href":"https:\/\/www.ottawahospital.on.ca\/fr\/wp-json\/wp\/v2\/comments?post=9425"}],"version-history":[{"count":0,"href":"https:\/\/www.ottawahospital.on.ca\/fr\/wp-json\/wp\/v2\/pages\/9425\/revisions"}],"up":[{"embeddable":true,"href":"https:\/\/www.ottawahospital.on.ca\/fr\/wp-json\/wp\/v2\/pages\/8984"}],"wp:attachment":[{"href":"https:\/\/www.ottawahospital.on.ca\/fr\/wp-json\/wp\/v2\/media?parent=9425"}],"curies":[{"name":"wp","href":"https:\/\/api.w.org\/{rel}","templated":true}]}}