{"id":9407,"date":"2016-11-22T17:01:04","date_gmt":"2016-11-22T22:01:04","guid":{"rendered":"http:\/\/52.229.122.34\/fr\/?page_id=9407"},"modified":"2024-11-04T16:48:24","modified_gmt":"2024-11-04T21:48:24","slug":"lurgence","status":"publish","type":"page","link":"https:\/\/www.ottawahospital.on.ca\/fr\/services-cliniques\/deptpgrmcs\/departements\/lurgence\/","title":{"rendered":"L&rsquo;Urgence"},"content":{"rendered":"<p class=\"text-center\">L\u2019Urgence des campus Civic et G\u00e9n\u00e9ral de L&rsquo;H\u00f4pital d&rsquo;Ottawa est ouverte 24 heures sur 24, 7 jours sur 7.<br \/>\n<strong>*Il n&rsquo;y a pas de de services d&rsquo;urgence au Campus Riverside.<\/strong><\/p>\n<p>L&rsquo;H\u00f4pital d&rsquo;Ottawa dispose de deux Urgences compl\u00e8tes, qui sont situ\u00e9es au Campus Civic et au Campus G\u00e9n\u00e9ral.<strong> L\u2019Urgence est con\u00e7ue pour traiter les personnes atteintes de graves probl\u00e8mes de sant\u00e9 et qui ne peuvent pas attendre de consulter leur m\u00e9decin de famille<\/strong>.<\/p>\n<p>Des m\u00e9decins et des infirmi\u00e8res ayant re\u00e7u une formation sp\u00e9cialis\u00e9e travaillent en \u00e9quipe pour offrir les meilleurs soins possible aux patients des deux urgences de L\u2019H\u00f4pital d\u2019Ottawa. Chaque urgence re\u00e7oit entre 210 et 230 patients par jour, alors ce sont des endroits tr\u00e8s occup\u00e9s. Les deux urgences sont ouvertes 24 heures sur 24.<\/p>\n<h2>Triage<\/h2>\n<p>\u00c0 votre arriv\u00e9e \u00e0 l\u2019Urgence, vous serez accueilli par l\u2019une des infirmi\u00e8res de triage. Les infirmi\u00e8res sont form\u00e9es au triage, qui est un syst\u00e8me servant \u00e0 s\u2019assurer que les patients les plus malades sont imm\u00e9diatement pris en charge. L\u2019infirmi\u00e8re \u00e9valuera votre \u00e9tat de sant\u00e9 au plus vite en vous parlant des raisons de votre visite \u00e0 l\u2019Urgence, et en s\u2019informant de vos allergies et des m\u00e9dicaments que vous prenez. Au besoin, l\u2019infirmi\u00e8re v\u00e9rifiera votre temp\u00e9rature, votre pouls et votre pression art\u00e9rielle et vous fournira des soins imm\u00e9diats. Une fois que vous aurez vu l\u2019infirmi\u00e8re de triage, vous pourriez \u00eatre imm\u00e9diatement emmen\u00e9 dans le service, ou devoir vous inscrire et attendre dans la salle d\u2019attente. Ce syst\u00e8me de triage permet aux patients d\u2019\u00eatre vus en fonction de la gravit\u00e9 de leur maladie.<\/p>\n<h2>\u00c9quipe de l\u2019Urgence<\/h2>\n<p>Un urgentologue, m\u00e9decin sp\u00e9cialis\u00e9 en m\u00e9decine d\u2019urgence, est responsable de l&rsquo;Urgence en tout temps. L\u2019Urgence est aussi dot\u00e9e d&rsquo;autres m\u00e9decins qui sont des r\u00e9sidents. Les r\u00e9sidents ont un dipl\u00f4me en m\u00e9decine et peuvent exercer leur profession sous supervision tout en poursuivant leurs \u00e9tudes. Des \u00e9tudiants en m\u00e9decine, supervis\u00e9s par d&rsquo;autres m\u00e9decins, participent aussi \u00e0 donner des soins. Les infirmi\u00e8res et les m\u00e9decins sont appuy\u00e9s par d&rsquo;autres travailleurs de la sant\u00e9 : pr\u00e9pos\u00e9s, aides en soins, commis, th\u00e9rapeutes respiratoires, technologues ECG, pharmaciens, travailleuses sociales, b\u00e9n\u00e9voles et aum\u00f4niers.<\/p>\n<p>Nos M\u00e9decins Chefs :<\/p>\n<ul>\n<li>D<sup>r\u00a0<\/sup>Guy H\u00e9bert\u00a0\u2013\u00a0chef et directeur du D\u00e9partement<\/li>\n<li>D<sup>r<\/sup> Eric Clark \u2013 chef adjoint, Performance et Activit\u00e9s<\/li>\n<li>D<sup>r<\/sup> Edmund Kwok \u2013 chef adjoint, Qualit\u00e9, S\u00e9curit\u00e9 et Performance<\/li>\n<li>D<sup>r<\/sup> Matthew Lipinski \u2013 chef adjoint, Soutien au personnel et Exp\u00e9rience du patient<\/li>\n<\/ul>\n<h2>Secteurs de l&rsquo;Urgence<\/h2>\n<p>Chaque urgence a une entr\u00e9e distincte pour l\u2019arriv\u00e9e des ambulances; ces patients font aussi l\u2019objet d\u2019un triage pour que les soins soient d\u2019abord dispens\u00e9s aux patients les plus malades.<\/p>\n<p>Chaque Urgence dispose \u00e9galement d\u2019une zone distincte pour les patients les plus gravement malades. Il y a une autre zone pour les personnes moins gravement malades et qui peuvent marcher ou se d\u00e9placer avec peu ou pas d\u2019assistance.<\/p>\n<h2>Pourquoi faut-il toujours attendre \u00e0 l&rsquo;Urgence ?<\/h2>\n<p>Les \u00e9quipes s\u2019efforcent d\u2019offrir \u00e0 chaque patient des soins d\u2019excellente qualit\u00e9 le plus rapidement possible. Cependant, c\u2019est la personne la plus gravement malade qui a toujours la priorit\u00e9 \u00e0 l\u2019Urgence, m\u00eame si elle arrive apr\u00e8s vous. C\u2019est pourquoi l\u2019infirmi\u00e8re de triage \u00e9value l\u2019\u00e9tat de sant\u00e9 de chaque patient d\u00e8s qu\u2019il se pr\u00e9sente \u00e0 l\u2019Urgence.<\/p>\n<p>Nous vous remercions pour votre patience si vous devez attendre.\u00a0<strong>Pendant ce temps-l\u00e0, si vous avez des questions ou pensez que votre \u00e9tat de sant\u00e9 s\u2019aggrave, dites-le imm\u00e9diatement \u00e0 l\u2019infirmi\u00e8re de triage<\/strong>.<\/p>\n<p>Ce que vous devez absolument apporter\u00a0:<\/p>\n<ol>\n<li>Votre carte d&rsquo;assurance-sant\u00e9;<\/li>\n<li>La liste des m\u00e9dicaments que vous prenez. Si vous avez une liste pr\u00e9cise et \u00e0 jour, cela suffit. Si vous n\u2019avez pas le temps de faire une liste, apportez vos flacons et autres contenants.<\/li>\n<li>Tous les documents relatifs \u00e0 votre \u00e9tat de sant\u00e9.<\/li>\n<\/ol>\n","protected":false},"excerpt":{"rendered":"<p>L\u2019Urgence des campus Civic et G\u00e9n\u00e9ral de L&rsquo;H\u00f4pital d&rsquo;Ottawa est ouverte 24 heures sur 24, 7 jours sur 7. *Il n&rsquo;y a pas de de services d&rsquo;urgence au Campus Riverside. L&rsquo;H\u00f4pital d&rsquo;Ottawa dispose de deux Urgences compl\u00e8tes, qui sont situ\u00e9es au Campus Civic et au Campus G\u00e9n\u00e9ral. L\u2019Urgence est con\u00e7ue pour traiter les personnes atteintes [&hellip;]<\/p>\n","protected":false},"author":25,"featured_media":0,"parent":7868,"menu_order":4,"comment_status":"closed","ping_status":"closed","template":"","meta":{"_acf_changed":false,"_mc_calendar":[],"footnotes":""},"class_list":["post-9407","page","type-page","status-publish","hentry"],"acf":[],"wps_subtitle":"","_links":{"self":[{"href":"https:\/\/www.ottawahospital.on.ca\/fr\/wp-json\/wp\/v2\/pages\/9407","targetHints":{"allow":["GET"]}}],"collection":[{"href":"https:\/\/www.ottawahospital.on.ca\/fr\/wp-json\/wp\/v2\/pages"}],"about":[{"href":"https:\/\/www.ottawahospital.on.ca\/fr\/wp-json\/wp\/v2\/types\/page"}],"author":[{"embeddable":true,"href":"https:\/\/www.ottawahospital.on.ca\/fr\/wp-json\/wp\/v2\/users\/25"}],"replies":[{"embeddable":true,"href":"https:\/\/www.ottawahospital.on.ca\/fr\/wp-json\/wp\/v2\/comments?post=9407"}],"version-history":[{"count":0,"href":"https:\/\/www.ottawahospital.on.ca\/fr\/wp-json\/wp\/v2\/pages\/9407\/revisions"}],"up":[{"embeddable":true,"href":"https:\/\/www.ottawahospital.on.ca\/fr\/wp-json\/wp\/v2\/pages\/7868"}],"wp:attachment":[{"href":"https:\/\/www.ottawahospital.on.ca\/fr\/wp-json\/wp\/v2\/media?parent=9407"}],"curies":[{"name":"wp","href":"https:\/\/api.w.org\/{rel}","templated":true}]}}