{"id":9394,"date":"2016-11-22T12:18:55","date_gmt":"2016-11-22T17:18:55","guid":{"rendered":"http:\/\/52.229.122.34\/fr\/?page_id=9394"},"modified":"2017-01-03T10:56:34","modified_gmt":"2017-01-03T15:56:34","slug":"centre-de-diagnostic-vasculaire","status":"publish","type":"page","link":"https:\/\/www.ottawahospital.on.ca\/fr\/services-cliniques\/deptpgrmcs\/cliniques-et-services\/centre-de-diagnostic-vasculaire\/","title":{"rendered":"Centre de diagnostic vasculaire"},"content":{"rendered":"<h2>Vue d\u2019ensemble<\/h2>\n<p>Le personnel du Centre de diagnostic vasculaire r\u00e9alise des examens pour diagnostiquer la pr\u00e9sence d\u2019une maladie vasculaire p\u00e9riph\u00e9rique et en \u00e9valuer la gravit\u00e9, le cas \u00e9ch\u00e9ant. Il transmet ensuite les r\u00e9sultats au m\u00e9decin ou au clinicien qui a r\u00e9f\u00e9r\u00e9 le patient. Le Centre est agr\u00e9\u00e9 par l\u2019Intersocietal Commission for the Accreditation of Vascular Laboratories (ICAVL) depuis 1993.<\/p>\n<p>Le Centre a ouvert ses portes en 2003 au Campus Civic. Il dessert la population de l\u2019Est de l\u2019Ontario dans les deux langues officielles. Son personnel dispose d\u2019un \u00e9quipement \u00e0 la fine pointe de la technologie pour r\u00e9aliser toute la gamme d\u2019examens non invasifs de diagnostic des maladies art\u00e9rielles et veineuses p\u00e9riph\u00e9riques.<\/p>\n<p>Tous les examens de diagnostic sont faits par un technologue vasculaire agr\u00e9\u00e9 ou un \u00e9tudiant sous sa supervision. Un chirurgien vasculaire qualifi\u00e9 examine et documente ensuite tous les examens. Notre objectif est de fournir rapidement des soins efficaces, pr\u00e9cis et humains \u00e0 tous les patients qui viennent au Centre.<\/p>\n<p>Le personnel est disponible en tout temps pendant les heures d\u2019ouverture pour r\u00e9pondre aux questions des patients. Nous transmettons les r\u00e9sultats des examens uniquement au m\u00e9decin traitant. Le personnel ne peut pas donner les r\u00e9sultats aux patients. C\u2019est une question d\u2019\u00e9thique professionnelle. Le m\u00e9decin re\u00e7oit les r\u00e9sultats en g\u00e9n\u00e9ral au plus tard 72 heures apr\u00e8s les examens.<\/p>\n<p>Le Centre participe activement \u00e0 diff\u00e9rents projets : \u00e9valuations cliniques, programmes de d\u00e9pistage, suivi de la progression d\u2019une maladie, surveillance des patients apr\u00e8s une op\u00e9ration, enseignement et recherche.<\/p>\n<p><strong>Lien :<\/strong> <a href=\"\/fr\/services-cliniques\/deptpgrmcs\/departements\/chirurgie-vasculaire\/\" target=\"_blank\">Division de Chirurgie vasculaire<\/a><\/p>\n<h2>Rendez\u2013vous<\/h2>\n<p>Recommandation d&rsquo;un m\u00e9decin<\/p>\n<p>Lundi &#8211; vendredi, 8 h &#8211; 16 h<\/p>\n<h2>Pour nous joindre<\/h2>\n<p><strong>Campus Civic :<\/strong> \u00c9difice principal, 2<sup>e<\/sup> \u00e9tage, pi\u00e8ce A280<\/p>\n<p><strong>Commis aux rendez-vous\u00a0:<\/strong> 613-798-5555, poste 14536<br \/>\n<strong>T\u00e9l\u00e9c. :<\/strong> 613-761-4423<br \/>\n<strong>R\u00e9ception du Centre de diagnostic vasculaire :<\/strong> 613-798-5555, poste 13958<\/p>\n","protected":false},"excerpt":{"rendered":"<p>Vue d\u2019ensemble Le personnel du Centre de diagnostic vasculaire r\u00e9alise des examens pour diagnostiquer la pr\u00e9sence d\u2019une maladie vasculaire p\u00e9riph\u00e9rique et en \u00e9valuer la gravit\u00e9, le cas \u00e9ch\u00e9ant. Il transmet ensuite les r\u00e9sultats au m\u00e9decin ou au clinicien qui a r\u00e9f\u00e9r\u00e9 le patient. Le Centre est agr\u00e9\u00e9 par l\u2019Intersocietal Commission for the Accreditation of Vascular [&hellip;]<\/p>\n","protected":false},"author":25,"featured_media":0,"parent":7872,"menu_order":86,"comment_status":"closed","ping_status":"closed","template":"","meta":{"_acf_changed":false,"_mc_calendar":[],"footnotes":""},"class_list":["post-9394","page","type-page","status-publish","hentry"],"acf":[],"wps_subtitle":"","_links":{"self":[{"href":"https:\/\/www.ottawahospital.on.ca\/fr\/wp-json\/wp\/v2\/pages\/9394","targetHints":{"allow":["GET"]}}],"collection":[{"href":"https:\/\/www.ottawahospital.on.ca\/fr\/wp-json\/wp\/v2\/pages"}],"about":[{"href":"https:\/\/www.ottawahospital.on.ca\/fr\/wp-json\/wp\/v2\/types\/page"}],"author":[{"embeddable":true,"href":"https:\/\/www.ottawahospital.on.ca\/fr\/wp-json\/wp\/v2\/users\/25"}],"replies":[{"embeddable":true,"href":"https:\/\/www.ottawahospital.on.ca\/fr\/wp-json\/wp\/v2\/comments?post=9394"}],"version-history":[{"count":0,"href":"https:\/\/www.ottawahospital.on.ca\/fr\/wp-json\/wp\/v2\/pages\/9394\/revisions"}],"up":[{"embeddable":true,"href":"https:\/\/www.ottawahospital.on.ca\/fr\/wp-json\/wp\/v2\/pages\/7872"}],"wp:attachment":[{"href":"https:\/\/www.ottawahospital.on.ca\/fr\/wp-json\/wp\/v2\/media?parent=9394"}],"curies":[{"name":"wp","href":"https:\/\/api.w.org\/{rel}","templated":true}]}}