{"id":9390,"date":"2016-11-22T12:16:16","date_gmt":"2016-11-22T17:16:16","guid":{"rendered":"http:\/\/52.229.122.34\/fr\/?page_id=9390"},"modified":"2016-12-09T11:46:54","modified_gmt":"2016-12-09T16:46:54","slug":"clinique-durologie-campus-riverside","status":"publish","type":"page","link":"https:\/\/www.ottawahospital.on.ca\/fr\/services-cliniques\/deptpgrmcs\/cliniques-et-services\/clinique-durologie-campus-riverside\/","title":{"rendered":"Clinique d&rsquo;urologie &#8211; Campus Riverside"},"content":{"rendered":"<h2>Vue d\u2019ensemble<\/h2>\n<p>Les patients peuvent consulter un urologue et des infirmi\u00e8res autoris\u00e9es pour une vari\u00e9t\u00e9 de tests et de traitements urologiques. \u00c0 cette clinique, on utilise la m\u00e9thode m\u00e9dicamenteuse par injection pour le traitement de la cystite interstitielle ou du\u00a0cancer de la vessie. Les autres traitements et services offerts comprennent le cath\u00e9t\u00e9risme et la dilatation de l&rsquo;ur\u00e8tre, ainsi que les cliniques de dysfonction \u00e9rectile (andrologie) et d&rsquo;incontinence.<\/p>\n<h2>Rendez\u2013vous<\/h2>\n<p>Recommandation d&rsquo;un m\u00e9decin<\/p>\n<p>Lundi\u00a0\u00a0 8 h &#8211; 16 h 30<\/p>\n<h2>Pour nous joindre<\/h2>\n<p><strong>Campus Riverside : <\/strong>6<sup>e <\/sup>\u00e9tage<\/p>\n","protected":false},"excerpt":{"rendered":"<p>Vue d\u2019ensemble Les patients peuvent consulter un urologue et des infirmi\u00e8res autoris\u00e9es pour une vari\u00e9t\u00e9 de tests et de traitements urologiques. \u00c0 cette clinique, on utilise la m\u00e9thode m\u00e9dicamenteuse par injection pour le traitement de la cystite interstitielle ou du\u00a0cancer de la vessie. Les autres traitements et services offerts comprennent le cath\u00e9t\u00e9risme et la dilatation [&hellip;]<\/p>\n","protected":false},"author":25,"featured_media":0,"parent":7872,"menu_order":85,"comment_status":"closed","ping_status":"closed","template":"","meta":{"_acf_changed":false,"_mc_calendar":[],"footnotes":""},"class_list":["post-9390","page","type-page","status-publish","hentry"],"acf":[],"wps_subtitle":"","_links":{"self":[{"href":"https:\/\/www.ottawahospital.on.ca\/fr\/wp-json\/wp\/v2\/pages\/9390","targetHints":{"allow":["GET"]}}],"collection":[{"href":"https:\/\/www.ottawahospital.on.ca\/fr\/wp-json\/wp\/v2\/pages"}],"about":[{"href":"https:\/\/www.ottawahospital.on.ca\/fr\/wp-json\/wp\/v2\/types\/page"}],"author":[{"embeddable":true,"href":"https:\/\/www.ottawahospital.on.ca\/fr\/wp-json\/wp\/v2\/users\/25"}],"replies":[{"embeddable":true,"href":"https:\/\/www.ottawahospital.on.ca\/fr\/wp-json\/wp\/v2\/comments?post=9390"}],"version-history":[{"count":0,"href":"https:\/\/www.ottawahospital.on.ca\/fr\/wp-json\/wp\/v2\/pages\/9390\/revisions"}],"up":[{"embeddable":true,"href":"https:\/\/www.ottawahospital.on.ca\/fr\/wp-json\/wp\/v2\/pages\/7872"}],"wp:attachment":[{"href":"https:\/\/www.ottawahospital.on.ca\/fr\/wp-json\/wp\/v2\/media?parent=9390"}],"curies":[{"name":"wp","href":"https:\/\/api.w.org\/{rel}","templated":true}]}}