{"id":9386,"date":"2016-11-22T12:14:32","date_gmt":"2016-11-22T17:14:32","guid":{"rendered":"http:\/\/52.229.122.34\/fr\/?page_id=9386"},"modified":"2016-12-09T11:46:45","modified_gmt":"2016-12-09T16:46:45","slug":"clinique-durologie-campus-civic","status":"publish","type":"page","link":"https:\/\/www.ottawahospital.on.ca\/fr\/services-cliniques\/deptpgrmcs\/cliniques-et-services\/clinique-durologie-campus-civic\/","title":{"rendered":"Clinique d&rsquo;urologie &#8211; Campus Civic"},"content":{"rendered":"<h2>Vue d\u2019ensemble<\/h2>\n<p>Dans cette clinique, il y a une salle d&rsquo;op\u00e9ration et un milieu de traitement o\u00f9 cinq chirurgiens offrent des soins urologiques tertiaires. En plus des cystoscopies locales habituelles, plusieurs m\u00e9decins fournissent des services dans les domaines de la dysfonction \u00e9rectile (clinique d&rsquo;andrologie), des traitements du cancer et de l&rsquo;urodynamique.<\/p>\n<h2>Rendez\u2013vous<\/h2>\n<p>Recommandation d&rsquo;un m\u00e9decin<\/p>\n<p>Lundi &#8211; vendredi, 7 h 30 &#8211; 17 h<\/p>\n<h2>Pour nous joindre<\/h2>\n<p><strong>Campus Civic : <\/strong>\u00c9difice principal, B3<\/p>\n<p>613-798-555 x 14352<\/p>\n","protected":false},"excerpt":{"rendered":"<p>Vue d\u2019ensemble Dans cette clinique, il y a une salle d&rsquo;op\u00e9ration et un milieu de traitement o\u00f9 cinq chirurgiens offrent des soins urologiques tertiaires. En plus des cystoscopies locales habituelles, plusieurs m\u00e9decins fournissent des services dans les domaines de la dysfonction \u00e9rectile (clinique d&rsquo;andrologie), des traitements du cancer et de l&rsquo;urodynamique. Rendez\u2013vous Recommandation d&rsquo;un m\u00e9decin [&hellip;]<\/p>\n","protected":false},"author":25,"featured_media":0,"parent":7872,"menu_order":84,"comment_status":"closed","ping_status":"closed","template":"","meta":{"_acf_changed":false,"_mc_calendar":[],"footnotes":""},"class_list":["post-9386","page","type-page","status-publish","hentry"],"acf":[],"wps_subtitle":"","_links":{"self":[{"href":"https:\/\/www.ottawahospital.on.ca\/fr\/wp-json\/wp\/v2\/pages\/9386","targetHints":{"allow":["GET"]}}],"collection":[{"href":"https:\/\/www.ottawahospital.on.ca\/fr\/wp-json\/wp\/v2\/pages"}],"about":[{"href":"https:\/\/www.ottawahospital.on.ca\/fr\/wp-json\/wp\/v2\/types\/page"}],"author":[{"embeddable":true,"href":"https:\/\/www.ottawahospital.on.ca\/fr\/wp-json\/wp\/v2\/users\/25"}],"replies":[{"embeddable":true,"href":"https:\/\/www.ottawahospital.on.ca\/fr\/wp-json\/wp\/v2\/comments?post=9386"}],"version-history":[{"count":0,"href":"https:\/\/www.ottawahospital.on.ca\/fr\/wp-json\/wp\/v2\/pages\/9386\/revisions"}],"up":[{"embeddable":true,"href":"https:\/\/www.ottawahospital.on.ca\/fr\/wp-json\/wp\/v2\/pages\/7872"}],"wp:attachment":[{"href":"https:\/\/www.ottawahospital.on.ca\/fr\/wp-json\/wp\/v2\/media?parent=9386"}],"curies":[{"name":"wp","href":"https:\/\/api.w.org\/{rel}","templated":true}]}}