{"id":9382,"date":"2016-11-22T12:13:17","date_gmt":"2016-11-22T17:13:17","guid":{"rendered":"http:\/\/52.229.122.34\/fr\/?page_id=9382"},"modified":"2017-01-03T12:54:02","modified_gmt":"2017-01-03T17:54:02","slug":"clinique-durologie-campus-general","status":"publish","type":"page","link":"https:\/\/www.ottawahospital.on.ca\/fr\/services-cliniques\/deptpgrmcs\/cliniques-et-services\/clinique-durologie-campus-general\/","title":{"rendered":"Clinique d&rsquo;urologie &#8211; Campus G\u00e9n\u00e9ral"},"content":{"rendered":"<h2>Vue d\u2019ensemble<\/h2>\n<p>Cette clinique offre des soins aux patients qui doivent consulter un urologue. On y voit des patients souffrant du cancer de la vessie ou de la prostate, d&rsquo;h\u00e9maturie (sang dans les urines), ou de dysfonction \u00e9rectile, et ceux qui pr\u00e9sentent des probl\u00e8mes de r\u00e9tention ou d&rsquo;incontinence urinaire. Un urologue \u00e9value aussi \u00e0 cette clinique les donneurs potentiels et receveurs futurs d&rsquo;un rein.<\/p>\n<p>Des urologues, des infirmi\u00e8res autoris\u00e9es, une infirmi\u00e8re auxiliaire autoris\u00e9e et des employ\u00e9s de bureau travaillent \u00e0 la clinique d&rsquo;urologie.<\/p>\n<h2>Rendez\u2013vous<\/h2>\n<p>Recommandation d&rsquo;un m\u00e9decin<\/p>\n<p>Lundi &#8211; vendredi, 8 h &#8211; 16 h<br \/>\nFerm\u00e9e les jours f\u00e9ri\u00e9s<\/p>\n<h2>Pour nous joindre<\/h2>\n<p><a href=\"\/fr\/services-cliniques\/deptpgrmcs\/departements\/urologie-departement-de-chirurgie\/\">Division d\u2019urologie<\/a><\/p>\n","protected":false},"excerpt":{"rendered":"<p>Vue d\u2019ensemble Cette clinique offre des soins aux patients qui doivent consulter un urologue. On y voit des patients souffrant du cancer de la vessie ou de la prostate, d&rsquo;h\u00e9maturie (sang dans les urines), ou de dysfonction \u00e9rectile, et ceux qui pr\u00e9sentent des probl\u00e8mes de r\u00e9tention ou d&rsquo;incontinence urinaire. Un urologue \u00e9value aussi \u00e0 cette [&hellip;]<\/p>\n","protected":false},"author":25,"featured_media":0,"parent":7872,"menu_order":83,"comment_status":"closed","ping_status":"closed","template":"","meta":{"_acf_changed":false,"_mc_calendar":[],"footnotes":""},"class_list":["post-9382","page","type-page","status-publish","hentry"],"acf":[],"wps_subtitle":"","_links":{"self":[{"href":"https:\/\/www.ottawahospital.on.ca\/fr\/wp-json\/wp\/v2\/pages\/9382","targetHints":{"allow":["GET"]}}],"collection":[{"href":"https:\/\/www.ottawahospital.on.ca\/fr\/wp-json\/wp\/v2\/pages"}],"about":[{"href":"https:\/\/www.ottawahospital.on.ca\/fr\/wp-json\/wp\/v2\/types\/page"}],"author":[{"embeddable":true,"href":"https:\/\/www.ottawahospital.on.ca\/fr\/wp-json\/wp\/v2\/users\/25"}],"replies":[{"embeddable":true,"href":"https:\/\/www.ottawahospital.on.ca\/fr\/wp-json\/wp\/v2\/comments?post=9382"}],"version-history":[{"count":0,"href":"https:\/\/www.ottawahospital.on.ca\/fr\/wp-json\/wp\/v2\/pages\/9382\/revisions"}],"up":[{"embeddable":true,"href":"https:\/\/www.ottawahospital.on.ca\/fr\/wp-json\/wp\/v2\/pages\/7872"}],"wp:attachment":[{"href":"https:\/\/www.ottawahospital.on.ca\/fr\/wp-json\/wp\/v2\/media?parent=9382"}],"curies":[{"name":"wp","href":"https:\/\/api.w.org\/{rel}","templated":true}]}}