{"id":9367,"date":"2016-11-22T12:00:35","date_gmt":"2016-11-22T17:00:35","guid":{"rendered":"http:\/\/52.229.122.34\/fr\/?page_id=9367"},"modified":"2016-12-15T14:22:51","modified_gmt":"2016-12-15T19:22:51","slug":"clinique-durogynecologie","status":"publish","type":"page","link":"https:\/\/www.ottawahospital.on.ca\/fr\/services-cliniques\/deptpgrmcs\/cliniques-et-services\/clinique-durogynecologie\/","title":{"rendered":"Clinique d&rsquo;urogyn\u00e9cologie"},"content":{"rendered":"<h2>Vue d\u2019ensemble<\/h2>\n<p>Cette clinique offre des services de diagnostic et de prise en charge de l&rsquo;incontinence urinaire, de la dysfonction de la vessie, du prolapsus et des troubles du bassin. Nous avons des cliniques pour la pose de pessaires et leur entretien, l&rsquo;auto-cath\u00e9t\u00e9risme intermittent, la th\u00e9rapie par la r\u00e9troaction biologique, et les examens de mesure de la dynamique urinaire.<\/p>\n<p>Le traitement conservateur de l&rsquo;incontinence urinaire et l&rsquo;enseignement en mati\u00e8re de sant\u00e9 pelvienne sont assur\u00e9s par des infirmi\u00e8res conseill\u00e8res en continence. Des sp\u00e9cialistes en urogyn\u00e9cologie fournissent les \u00e9valuations des dysfonctions de la vessie.<\/p>\n<h2>Rendez\u2013vous<\/h2>\n<p>Recommandation d&rsquo;un m\u00e9decin<\/p>\n<p>Lundi &#8211; vendredi, 8 h &#8211; 16 h<\/p>\n<h2>Pour nous joindre<\/h2>\n<p><strong>Campus Riverside<br \/>\n<\/strong>1967, prom. Riverside Ottawa ON \u00a0K1H 7W9<br \/>\nCentre de sant\u00e9 pour les femmes, 7e \u00e9tage<\/p>\n<p>T\u00e9l. : 613-738-8400, poste 81722<br \/>\nT\u00e9l\u00e9c. : 613-738-8524<\/p>\n<p><a href=\"\/fr\/patients-et-visiteurs\/directions-et-plans-des-campus\/\">Directions et plan<\/a><\/p>\n","protected":false},"excerpt":{"rendered":"<p>Vue d\u2019ensemble Cette clinique offre des services de diagnostic et de prise en charge de l&rsquo;incontinence urinaire, de la dysfonction de la vessie, du prolapsus et des troubles du bassin. Nous avons des cliniques pour la pose de pessaires et leur entretien, l&rsquo;auto-cath\u00e9t\u00e9risme intermittent, la th\u00e9rapie par la r\u00e9troaction biologique, et les examens de mesure [&hellip;]<\/p>\n","protected":false},"author":25,"featured_media":0,"parent":7872,"menu_order":82,"comment_status":"closed","ping_status":"closed","template":"","meta":{"_acf_changed":false,"_mc_calendar":[],"footnotes":""},"class_list":["post-9367","page","type-page","status-publish","hentry"],"acf":[],"wps_subtitle":"","_links":{"self":[{"href":"https:\/\/www.ottawahospital.on.ca\/fr\/wp-json\/wp\/v2\/pages\/9367","targetHints":{"allow":["GET"]}}],"collection":[{"href":"https:\/\/www.ottawahospital.on.ca\/fr\/wp-json\/wp\/v2\/pages"}],"about":[{"href":"https:\/\/www.ottawahospital.on.ca\/fr\/wp-json\/wp\/v2\/types\/page"}],"author":[{"embeddable":true,"href":"https:\/\/www.ottawahospital.on.ca\/fr\/wp-json\/wp\/v2\/users\/25"}],"replies":[{"embeddable":true,"href":"https:\/\/www.ottawahospital.on.ca\/fr\/wp-json\/wp\/v2\/comments?post=9367"}],"version-history":[{"count":0,"href":"https:\/\/www.ottawahospital.on.ca\/fr\/wp-json\/wp\/v2\/pages\/9367\/revisions"}],"up":[{"embeddable":true,"href":"https:\/\/www.ottawahospital.on.ca\/fr\/wp-json\/wp\/v2\/pages\/7872"}],"wp:attachment":[{"href":"https:\/\/www.ottawahospital.on.ca\/fr\/wp-json\/wp\/v2\/media?parent=9367"}],"curies":[{"name":"wp","href":"https:\/\/api.w.org\/{rel}","templated":true}]}}