{"id":9363,"date":"2016-11-22T11:58:43","date_gmt":"2016-11-22T16:58:43","guid":{"rendered":"http:\/\/52.229.122.34\/fr\/?page_id=9363"},"modified":"2024-04-10T13:34:40","modified_gmt":"2024-04-10T17:34:40","slug":"echographie-obstetrique-et-gynecologie","status":"publish","type":"page","link":"https:\/\/www.ottawahospital.on.ca\/fr\/services-cliniques\/deptpgrmcs\/cliniques-et-services\/echographie-obstetrique-et-gynecologie\/","title":{"rendered":"\u00c9chographie : Obst\u00e9trique et gyn\u00e9cologie"},"content":{"rendered":"<h2>Vue d\u2019ensemble<\/h2>\n<p>La clinique d&rsquo;\u00e9chographie du Programme d&rsquo;obst\u00e9trique, gyn\u00e9cologie et Soins aux nouveau-n\u00e9s et la sant\u00e9 des femmes offre des services diagnostiques de grande qualit\u00e9 aux femmes, qu&rsquo;elles soient enceintes ou non. La clinique jouit d&rsquo;une grande r\u00e9putation comme installation innovatrice, avec du mat\u00e9riel de pointe et un personnel pleinement accr\u00e9dit\u00e9. La clinique d&rsquo;\u00e9chographie a une accr\u00e9ditation compl\u00e8te de l&rsquo;American Institute of Ultrasound in Medicine.<\/p>\n<p><strong>SERVICES DIAGNOSTIQUES ET TH\u00c9RAPEUTIQUES<\/strong><\/p>\n<p><strong>Obst\u00e9trique<\/strong><\/p>\n<ul>\n<li>Premier trimestre<\/li>\n<li>Imagerie de routine et cibl\u00e9e au deuxi\u00e8me trimestre<\/li>\n<li>Imagerie cibl\u00e9e et \u00e9valuation du f\u00e9tus au troisi\u00e8me trimestre<\/li>\n<li>Amniocent\u00e8se, biopsie de villosit\u00e9 choriale et cordocent\u00e8se<\/li>\n<li>\u00c9chocardiographie f\u0153tale<\/li>\n<li>Examen Doppler<\/li>\n<\/ul>\n<h2>Rendez\u2013vous<\/h2>\n<p>Recommandation d&rsquo;un m\u00e9decin<\/p>\n<p>Lundi &#8211; vendredi, 8 h &#8211; 16 h<\/p>\n<h2>Pour nous joindre<\/h2>\n<p><strong>Campus G\u00e9n\u00e9ral : <\/strong>8e \u00e9tage, pi\u00e8ce 8550<\/p>\n","protected":false},"excerpt":{"rendered":"<p>Vue d\u2019ensemble La clinique d&rsquo;\u00e9chographie du Programme d&rsquo;obst\u00e9trique, gyn\u00e9cologie et Soins aux nouveau-n\u00e9s et la sant\u00e9 des femmes offre des services diagnostiques de grande qualit\u00e9 aux femmes, qu&rsquo;elles soient enceintes ou non. La clinique jouit d&rsquo;une grande r\u00e9putation comme installation innovatrice, avec du mat\u00e9riel de pointe et un personnel pleinement accr\u00e9dit\u00e9. La clinique d&rsquo;\u00e9chographie a [&hellip;]<\/p>\n","protected":false},"author":25,"featured_media":0,"parent":7872,"menu_order":81,"comment_status":"closed","ping_status":"closed","template":"","meta":{"_acf_changed":false,"_mc_calendar":[],"footnotes":""},"class_list":["post-9363","page","type-page","status-publish","hentry"],"acf":[],"wps_subtitle":"","_links":{"self":[{"href":"https:\/\/www.ottawahospital.on.ca\/fr\/wp-json\/wp\/v2\/pages\/9363","targetHints":{"allow":["GET"]}}],"collection":[{"href":"https:\/\/www.ottawahospital.on.ca\/fr\/wp-json\/wp\/v2\/pages"}],"about":[{"href":"https:\/\/www.ottawahospital.on.ca\/fr\/wp-json\/wp\/v2\/types\/page"}],"author":[{"embeddable":true,"href":"https:\/\/www.ottawahospital.on.ca\/fr\/wp-json\/wp\/v2\/users\/25"}],"replies":[{"embeddable":true,"href":"https:\/\/www.ottawahospital.on.ca\/fr\/wp-json\/wp\/v2\/comments?post=9363"}],"version-history":[{"count":0,"href":"https:\/\/www.ottawahospital.on.ca\/fr\/wp-json\/wp\/v2\/pages\/9363\/revisions"}],"up":[{"embeddable":true,"href":"https:\/\/www.ottawahospital.on.ca\/fr\/wp-json\/wp\/v2\/pages\/7872"}],"wp:attachment":[{"href":"https:\/\/www.ottawahospital.on.ca\/fr\/wp-json\/wp\/v2\/media?parent=9363"}],"curies":[{"name":"wp","href":"https:\/\/api.w.org\/{rel}","templated":true}]}}