{"id":9359,"date":"2016-11-22T11:56:58","date_gmt":"2016-11-22T16:56:58","guid":{"rendered":"http:\/\/52.229.122.34\/fr\/?page_id=9359"},"modified":"2016-12-09T11:44:23","modified_gmt":"2016-12-09T16:44:23","slug":"tuberculose","status":"publish","type":"page","link":"https:\/\/www.ottawahospital.on.ca\/fr\/services-cliniques\/deptpgrmcs\/cliniques-et-services\/tuberculose\/","title":{"rendered":"Tuberculose"},"content":{"rendered":"<h2>Vue d\u2019ensemble<\/h2>\n<p>Cette clinique offre des consultations m\u00e9dicales et des soins m\u00e9dicaux et infirmiers continus aux patients souffrant de tuberculose confirm\u00e9e, latente ou active, ou chez qui on soup\u00e7onne la pr\u00e9sence de la maladie (cuti-r\u00e9action positive). Les services cliniques comprennent la surveillance de la conformit\u00e9 des patients, la pr\u00e9vention des effets secondaires potentiels et la r\u00e9action aux traitements. Les r\u00e9sidents de l&rsquo;Ontario peuvent se procurer gratuitement des m\u00e9dicaments contre la tuberculose aupr\u00e8s des services pharmaceutiques de L&rsquo;H\u00f4pital d&rsquo;Ottawa.<\/p>\n<h2>Rendez\u2013vous<\/h2>\n<p>Recommandation d&rsquo;un m\u00e9decin<\/p>\n<p>Lundi\u00a0\u00a0 13 h\u00a0 &#8211; 17 h<br \/>\nMardi\u00a0 13 h\u00a0 &#8211; 17 h<\/p>\n<h2>Pour nous joindre<\/h2>\n<p><strong>Campus G\u00e9n\u00e9ral :\u00a0<\/strong>Module G, 2<sup>e<\/sup> \u00e9tage<\/p>\n","protected":false},"excerpt":{"rendered":"<p>Vue d\u2019ensemble Cette clinique offre des consultations m\u00e9dicales et des soins m\u00e9dicaux et infirmiers continus aux patients souffrant de tuberculose confirm\u00e9e, latente ou active, ou chez qui on soup\u00e7onne la pr\u00e9sence de la maladie (cuti-r\u00e9action positive). Les services cliniques comprennent la surveillance de la conformit\u00e9 des patients, la pr\u00e9vention des effets secondaires potentiels et la [&hellip;]<\/p>\n","protected":false},"author":25,"featured_media":0,"parent":7872,"menu_order":80,"comment_status":"closed","ping_status":"closed","template":"","meta":{"_acf_changed":false,"_mc_calendar":[],"footnotes":""},"class_list":["post-9359","page","type-page","status-publish","hentry"],"acf":[],"wps_subtitle":"","_links":{"self":[{"href":"https:\/\/www.ottawahospital.on.ca\/fr\/wp-json\/wp\/v2\/pages\/9359","targetHints":{"allow":["GET"]}}],"collection":[{"href":"https:\/\/www.ottawahospital.on.ca\/fr\/wp-json\/wp\/v2\/pages"}],"about":[{"href":"https:\/\/www.ottawahospital.on.ca\/fr\/wp-json\/wp\/v2\/types\/page"}],"author":[{"embeddable":true,"href":"https:\/\/www.ottawahospital.on.ca\/fr\/wp-json\/wp\/v2\/users\/25"}],"replies":[{"embeddable":true,"href":"https:\/\/www.ottawahospital.on.ca\/fr\/wp-json\/wp\/v2\/comments?post=9359"}],"version-history":[{"count":0,"href":"https:\/\/www.ottawahospital.on.ca\/fr\/wp-json\/wp\/v2\/pages\/9359\/revisions"}],"up":[{"embeddable":true,"href":"https:\/\/www.ottawahospital.on.ca\/fr\/wp-json\/wp\/v2\/pages\/7872"}],"wp:attachment":[{"href":"https:\/\/www.ottawahospital.on.ca\/fr\/wp-json\/wp\/v2\/media?parent=9359"}],"curies":[{"name":"wp","href":"https:\/\/api.w.org\/{rel}","templated":true}]}}