{"id":9355,"date":"2016-11-22T11:54:34","date_gmt":"2016-11-22T16:54:34","guid":{"rendered":"http:\/\/52.229.122.34\/fr\/?page_id=9355"},"modified":"2024-12-18T11:43:59","modified_gmt":"2024-12-18T16:43:59","slug":"clinique-medicale-des-voyageurs-internationaux","status":"publish","type":"page","link":"https:\/\/www.ottawahospital.on.ca\/fr\/services-cliniques\/deptpgrmcs\/cliniques-et-services\/clinique-medicale-des-voyageurs-internationaux\/","title":{"rendered":"Clinique m\u00e9dicale des voyageurs internationaux"},"content":{"rendered":"<p>Cette clinique offre une vaste gamme de soins avant et apr\u00e8s le voyage afin de r\u00e9pondre aux besoins des voyageurs en mati\u00e8re de sant\u00e9. On y traite aussi les probl\u00e8mes de sant\u00e9 li\u00e9s \u00e0 la migration. Tous les vaccins, y compris celui contre la fi\u00e8vre jaune, y sont offerts.<\/p>\n<h2><strong>Consultation m\u00e9dicale avant un voyage<\/strong><\/h2>\n<p>Vous devez prendre un rendez-vous. Une recommandation m\u00e9dicale est requise. La consultation est rembours\u00e9e par le R\u00e9gime d\u2019assurance-sant\u00e9 de l\u2019Ontario (OHIP).<\/p>\n<p>Services offerts pendant la consultation\u00a0:<\/p>\n<ul>\n<li>Conseils sur des questions li\u00e9es \u00e0 la sant\u00e9 pendant le voyage<\/li>\n<li>\u00c9valuation individuelle des risques pour la sant\u00e9<\/li>\n<li>Renseignements sur les pr\u00e9cautions \u00e0 prendre pour minimiser les facteurs de risque<\/li>\n<li>Vaccins et traitements pr\u00e9ventifs au besoin<\/li>\n<\/ul>\n<h3>Pour prendre rendez-vous<\/h3>\n<p><strong>Campus G\u00e9n\u00e9ral, 2<sup>e<\/sup>\u00a0\u00e9tage, module\u00a0G<br \/><\/strong><strong>Demande de consultation par t\u00e9l\u00e9copieur\u00a0:<\/strong> 613-737-8164<br \/>Les rendez-vous ont lieu le vendredi, de 8\u00a0h\u00a030 \u00e0 midi<br \/>T\u00e9l.\u00a0: 613-737-8856<\/p>\n<h2><strong>Consultation apr\u00e8s un voyage ou en raison d\u2019une maladie tropicale<\/strong><\/h2>\n<p>Vous devez prendre un rendez-vous. Une <strong>recommandation m\u00e9dicale<\/strong> est requise.<br \/>La consultation <strong>est rembours\u00e9e<\/strong> par le R\u00e9gime d\u2019assurance-sant\u00e9 de l\u2019Ontario (OHIP).<\/p>\n<p>Le personnel fait une \u00e9valuation, pose un diagnostic et offre le traitement n\u00e9cessaire.<\/p>\n<h3>Pour prendre rendez-vous<\/h3>\n<p>Recommandation m\u00e9dicale requise<\/p>\n<p><strong>Demande de consultation par t\u00e9l\u00e9copieur\u00a0:<\/strong> 613-761-5260<strong><br \/><\/strong>Les rendez-vous ont lieu le jeudi, de midi \u00e0 16\u00a0h<br \/>T\u00e9l.\u00a0: 613-798-5555, poste\u00a019388<\/p>\n<h2><strong>Aper\u00e7u<\/strong><\/h2>\n<p>Cette clinique re\u00e7oit toutes sortes de patients dont les diagnostics comprennent les infections postop\u00e9ratoires des plaies, les endocardites (inflammation autour du c\u0153ur), la bact\u00e9ri\u00e9mie (empoisonnement du sang) ainsi que les <a href=\"\/fr\/services-cliniques\/deptpgrmcs\/cliniques-et-services\/clinique-medicale-des-voyageurs-internationaux\/\">maladies tropicales<\/a>, les maladies sexuellement transmissibles et la tuberculose. Les patients sont \u00e9valu\u00e9s \u00e0 fond pour confirmer le diagnostic au moyen d&rsquo;outils comme la radiographie, l&rsquo;examen du sang, les tests des liquides organiques. Ils sont trait\u00e9s conform\u00e9ment aux indications du m\u00e9decin.<\/p>\n<h2>Nous joindre<\/h2>\n<p><strong>Campus Civic<br \/><\/strong><strong>190, avenue Melrose, <\/strong><strong>secteur J (rez-de-chauss\u00e9e)<\/strong><strong> \u2013 Immeuble situ\u00e9 directement derri\u00e8re l\u2019Institut de cardiologie\u00a0<\/strong><strong><br \/><\/strong>Heures d\u2019ouverture\u00a0: du lundi au vendredi, de 8\u00a0h \u00e0 16\u00a0h<br \/><strong>Demande de consultation par t\u00e9l\u00e9copieur\u00a0: 613-761-5260<br \/><\/strong><strong>T\u00e9l.\u00a0:<\/strong> 613-761-4155<\/p>\n<p><a href=\"\/fr\/documents\/2017\/01\/directions-pour-la-clinique-des-maladies-infectieuses.pdf\/\" target=\"_blank\" rel=\"noopener noreferrer\">Pour se rendre \u00e0 la Clinique des maladies infectieuses, \u00e0 la Clinique de chirurgie vasculaire et au Centre de cicatrisation des plaies<\/a><\/p>\n<p><strong>Campus G\u00e9n\u00e9ral<br \/>\u00c9difice principal, 2<\/strong><sup><strong>e<\/strong><\/sup><strong>\u00a0\u00e9tage, module G<br \/><\/strong>Heures d\u2019ouverture\u00a0: du lundi au vendredi, de 8\u00a0h \u00e0 16\u00a0h<br \/><strong>Demande de consultation par t\u00e9l\u00e9copieur\u00a0: 613-737-8164<\/strong><br \/><strong>T\u00e9l.\u00a0:<\/strong> 613-737-8856<br \/><strong>Bo\u00eete aux lettres \u00e9lectronique du campus g\u00e9n\u00e9ral :\u00a0<\/strong><a href=\"mailto:ModuleGClinic@toh.ca\">ModuleGClinic@toh.ca<\/a><\/p>\n\n\n<div class=\"wp-block-cover alignfull is-light margintop20\" style=\"min-height:150px;aspect-ratio:unset;\"><span aria-hidden=\"true\" class=\"wp-block-cover__background has-background-dim-100 has-background-dim\" style=\"background-color:#a6be4b\"><\/span><div class=\"wp-block-cover__inner-container is-layout-flow wp-block-cover-is-layout-flow\">\n<div class=\"wp-block-columns alignwide is-layout-flex wp-container-core-columns-is-layout-9d6595d7 wp-block-columns-is-layout-flex\">\n<div class=\"wp-block-column is-vertically-aligned-top is-layout-flow wp-block-column-is-layout-flow\" style=\"flex-basis:100%\">\n<p>La bo\u00eete de r\u00e9ception du module G est uniquement destin\u00e9e \u00e0 recevoir des messages non urgents concernant les rendez-vous des patients existants. Nous n&rsquo;encourageons pas l&rsquo;envoi de courriers \u00e9lectroniques comme moyen de communication d&rsquo;informations personnelles sur la sant\u00e9, car Internet n&rsquo;est pas un endroit s\u00e9curis\u00e9 pour transf\u00e9rer ce type d&rsquo;informations. Veuillez consulter ici pour plus d&rsquo;informations sur la clause de&nbsp;<a href=\"https:\/\/www.ottawahospital.on.ca\/fr\/patients-et-visiteurs\/protection-des-renseignements-personnels\/avis-de-non-responsabilite-et-enonce-sur-la-protection-des-renseignements-personnels\/\" target=\"_blank\" rel=\"noreferrer noopener\">non-responsabilit\u00e9 et la d\u00e9claration de confidentialit\u00e9<\/a>&nbsp;de l&rsquo;H\u00f4pital d&rsquo;Ottawa.<\/p>\n<\/div>\n<\/div>\n<\/div><\/div>\n","protected":false},"excerpt":{"rendered":"<p>Cette clinique offre une vaste gamme de soins avant et apr\u00e8s le voyage afin de r\u00e9pondre aux besoins des voyageurs en mati\u00e8re de sant\u00e9. On y traite aussi les probl\u00e8mes de sant\u00e9 li\u00e9s \u00e0 la migration. Tous les vaccins, y compris celui contre la fi\u00e8vre jaune, y sont offerts. Consultation m\u00e9dicale avant un voyage Vous [&hellip;]<\/p>\n","protected":false},"author":25,"featured_media":0,"parent":7872,"menu_order":79,"comment_status":"closed","ping_status":"closed","template":"","meta":{"_acf_changed":false,"_mc_calendar":[],"footnotes":""},"class_list":["post-9355","page","type-page","status-publish","hentry"],"acf":[],"wps_subtitle":"","_links":{"self":[{"href":"https:\/\/www.ottawahospital.on.ca\/fr\/wp-json\/wp\/v2\/pages\/9355","targetHints":{"allow":["GET"]}}],"collection":[{"href":"https:\/\/www.ottawahospital.on.ca\/fr\/wp-json\/wp\/v2\/pages"}],"about":[{"href":"https:\/\/www.ottawahospital.on.ca\/fr\/wp-json\/wp\/v2\/types\/page"}],"author":[{"embeddable":true,"href":"https:\/\/www.ottawahospital.on.ca\/fr\/wp-json\/wp\/v2\/users\/25"}],"replies":[{"embeddable":true,"href":"https:\/\/www.ottawahospital.on.ca\/fr\/wp-json\/wp\/v2\/comments?post=9355"}],"version-history":[{"count":0,"href":"https:\/\/www.ottawahospital.on.ca\/fr\/wp-json\/wp\/v2\/pages\/9355\/revisions"}],"up":[{"embeddable":true,"href":"https:\/\/www.ottawahospital.on.ca\/fr\/wp-json\/wp\/v2\/pages\/7872"}],"wp:attachment":[{"href":"https:\/\/www.ottawahospital.on.ca\/fr\/wp-json\/wp\/v2\/media?parent=9355"}],"curies":[{"name":"wp","href":"https:\/\/api.w.org\/{rel}","templated":true}]}}