{"id":9351,"date":"2016-11-22T11:52:05","date_gmt":"2016-11-22T16:52:05","guid":{"rendered":"http:\/\/52.229.122.34\/fr\/?page_id=9351"},"modified":"2021-02-08T14:16:27","modified_gmt":"2021-02-08T19:16:27","slug":"podologie-podo-orthesiste","status":"publish","type":"page","link":"https:\/\/www.ottawahospital.on.ca\/fr\/services-cliniques\/deptpgrmcs\/departements\/centre-de-readaptation\/services-et-cliniques\/services-specialises\/podologie-podo-orthesiste\/","title":{"rendered":"Podologie et podo-orth\u00e9siste"},"content":{"rendered":"<h2>Qu\u2019est-ce qu\u2019un podologue?<\/h2>\n<p>Un podologue (D.Ch. ou D.Pod.M.) \u00e9value, traite et pr\u00e9vient les maladies, les troubles et les anomalies du pied par des moyens th\u00e9rapeutiques, orth\u00e9tiques et palliatifs. Le podologue est un fournisseur de soins primaires encadr\u00e9 par l\u2019Ordre des podologues de l\u2019Ontario. Il exerce dans des cliniques priv\u00e9es et dans certains h\u00f4pitaux.<\/p>\n<p>Les podologues de L\u2019H\u00f4pital d\u2019Ottawa travaillent dans une clinique pour patients externes au sein de l\u2019H\u00f4pital. Les podologues en soins de plaies prennent uniquement en charge le traitement et la pr\u00e9vention des ulc\u00e8res au pied (aussi appel\u00e9 plaie du pied). Ils travaillent en \u00e9troite collaboration avec de nombreux sp\u00e9cialistes, dont des chirurgiens orthop\u00e9diques, des chirurgiens vasculaires, des sp\u00e9cialistes en maladies infectieuses, des dermatologues, des endocrinologues, des infirmi\u00e8res, et avec des services de soins \u00e0 domicile.<\/p>\n<h3>Le podologue et l\u2019enseignement<\/h3>\n<p>Les podologues de L\u2019H\u00f4pital d\u2019Ottawa enseignent au personnel, aux professionnels de la sant\u00e9 externes et aux \u00e9tudiants et r\u00e9sidents en m\u00e9decine. Le programme de podologie en soins des plaies offre \u00e9galement de la formation clinique aux \u00e9tudiants en podologie du <a href=\"https:\/\/www.michener.ca\/\">Michener Institute of Education du University Health Network<\/a>, aux \u00e9tudiants et aux r\u00e9sidents en m\u00e9decine de <a href=\"https:\/\/www.ottawahospital.on.ca\/\">L\u2019H\u00f4pital d\u2019Ottawa<\/a> et aux \u00e9tudiants au programme de ma\u00eetrise en soin des plaies de l\u2019<a href=\"https:\/\/www.uwo.ca\/fhs\/programs\/ahcp\/wound.html\">Universit\u00e9 Western<\/a> de London.<\/p>\n<p>Nos podologues sont tr\u00e8s engag\u00e9s dans les soins cliniques complexes, l\u2019enseignement et la recherche. Ils donnent des pr\u00e9sentations partout au pays et enseignent \u00e0 d\u2019autres professionnels de la sant\u00e9 comment traiter et pr\u00e9venir les ulc\u00e8res au pied.<\/p>\n<h3>Qui peut b\u00e9n\u00e9ficier des services d\u2019un podologue?<\/h3>\n<p>Pour les soins de plaies \u00e0 risque \u00e9lev\u00e9, il faut une ordonnance pour obtenir des services de podologie.<\/p>\n<p>Un membre de notre \u00e9quipe de podologues sp\u00e9cialis\u00e9s en soins des plaies se chargera de l\u2019\u00e9valuation et du traitement du patient accept\u00e9 au Centre de cicatrisation des plaies en podologie de L\u2019H\u00f4pital d\u2019Ottawa.<\/p>\n<p>Les patients qui ont des plaies \u00e0 risque \u00e9lev\u00e9 sont souvent des personnes atteintes du diab\u00e8te, d\u2019une maladie vasculaire ou d\u2019arthrite grave.<\/p>\n<h3>\u00a0Quels sont les services de podologie offerts \u00e0 L\u2019H\u00f4pital d\u2019Ottawa?<\/h3>\n<ul>\n<li>Prise en charge du pied \u00e0 risque \u00e9lev\u00e9 de plaie, pr\u00e9servation du pied et prise en charge des plaies.<\/li>\n<li>Le service a pour objectif de favoriser la gu\u00e9rison des plaies et de pr\u00e9server le pied pour \u00e9viter une possible amputation et ainsi assurer l\u2019autonomie du patient.<\/li>\n<li>M\u00eame si les traitements peuvent varier, ils incluent souvent le d\u00e9bridement, le changement appropri\u00e9 des pansements, le pl\u00e2tre de contact total et des dispositifs de soulagement de la pression.<\/li>\n<li>Le service n\u2019est pas couvert par le R\u00e9gime d\u2019assurance-sant\u00e9 de l\u2019Ontario (OHIP). Vous devez payer des frais de 10\u00a0$ \u00e0 chaque visite. Les dispositifs de soulagement de la pression peuvent \u00eatre financ\u00e9s par le minist\u00e8re de la Sant\u00e9 et des Soins de longue dur\u00e9e ou couverts par une compagnie d\u2019assurance priv\u00e9e.<\/li>\n<\/ul>\n<h3>O\u00f9 obtenir des services de podologie?<\/h3>\n<p>Si vous n\u2019avez pas un pied \u00e0 risque \u00e9lev\u00e9 de plaie, mais que vous avez besoin d\u2019autres services de podologie (p. ex. soins des ongles, des callosit\u00e9s et cors, des ongles incarn\u00e9s), communiquez avec une clinique de podologie communautaire par l\u2019entremise de l\u2019<a href=\"https:\/\/members.cocoo.on.ca\/Members\/Find_a_Chiropodist_or_Podiatrist\/Members\/Public_Registry\/Search.aspx?hkey=f1571379-e8b6-44f3-b094-738948778f24\">Ordre des podologues de l\u2019Ontario<\/a> ou en appelant au 416-542-1333.<\/p>\n<h3>Ressources (en anglais seulement)<strong>\u00a0:<\/strong><\/h3>\n<ul>\n<li><a href=\"https:\/\/www.cocoo.on.ca\/\">Ordre des podologues de l\u2019Ontario<\/a><\/li>\n<li><a href=\"https:\/\/www.woundscanada.ca\/for-patients-public\/240-diabetic-healthy-feet-and-you\/for-patients-and-public\/266-community-resources-for-persons-with-diabetes\">Wounds Canada \u2013 Diabetes, Healthy Feet &amp; You<\/a><\/li>\n<li><a href=\"https:\/\/iwgdfguidelines.org\/\">International Working Group on the Diabetic Foot<\/a><\/li>\n<li><a href=\"https:\/\/www.diabetes.ca\/\">Canadian Diabetes Association<\/a><\/li>\n<\/ul>\n<h2>Qu\u2019est-ce qu\u2019un podo-orth\u00e9siste<\/h2>\n<p>Le podo-orth\u00e9siste fait des \u00e9valuations biom\u00e9caniques et fournit des chaussures, des semelles et des orth\u00e8ses plantaires.<\/p>\n<h3>Qui peut b\u00e9n\u00e9ficier des services d\u2019un podo-orth\u00e9siste?<strong><br \/>\n<\/strong><\/h3>\n<p>Aucune ordonnance n\u2019est requise pour les services biom\u00e9caniques offerts \u00e0 L\u2019H\u00f4pital d\u2019Ottawa. Une ordonnance du m\u00e9decin peut \u00eatre exig\u00e9e pour des dispositifs sur mesure.<\/p>\n<p>Tous les services sont offerts uniquement sur rendez-vous.<\/p>\n<h3>Quels sont les services offerts?<\/h3>\n<ul>\n<li>\u00c9valuation biom\u00e9canique et prise en charge des anomalies du pied<\/li>\n<li>Analyse de la d\u00e9marche<\/li>\n<li>\u00c9valuation, puis moulage et fabrication d\u2019orth\u00e8ses plantaires<\/li>\n<li>\u00c9valuation des chaussures actuelles<\/li>\n<li>Conseils sur les chaussures appropri\u00e9es<\/li>\n<li>Vente de chaussures appropri\u00e9es<\/li>\n<li>Mesure des pieds et confection de chaussures sur mesure<\/li>\n<li>Prise en charge des douleurs lombaires, de la fasciite plantaire, de la tendinite, de l\u2019entorse de la cheville, de la n\u00e9vrite, de la m\u00e9tatarsalgie, de la foulure du pied, de la d\u00e9marche en rotation interne ou externe et des douleurs au genou<\/li>\n<li>Estimation gratuite des co\u00fbts<\/li>\n<li>Certains services et dispositifs peuvent \u00eatre couverts par les compagnies d\u2019assurance priv\u00e9es, le Programme ontarien de soutien aux personnes handicap\u00e9es, la Commission de la s\u00e9curit\u00e9 professionnelle et de l\u2019assurance contre les accidents du travail, le Programme des services de sant\u00e9 non assur\u00e9s et le minist\u00e8re des Anciens Combattants.<\/li>\n<\/ul>\n<div class=\"contact-text-inner toh-blue\">\n<p class=\"contact-text\"><strong>Pour plus de renseignements, communiquez avec les services suivants : <\/strong><\/p>\n<p class=\"contact-text\">Service de podologie\u00a0: 613-737-8899, poste\u00a075612, de 8\u00a0h \u00e0 16\u00a0h. (Remarque\u00a0: le bureau est ferm\u00e9 entre midi et 13\u00a0h).<\/p>\n<p class=\"contact-text\">La clinique est situ\u00e9e au Campus G\u00e9n\u00e9ral de L\u2019H\u00f4pital d\u2019Ottawa, dans l\u2019\u00e9difice du Centre de r\u00e9adaptation, au 505, chemin Smyth, 1<sup>er<\/sup> \u00e9tage, pi\u00e8ce\u00a01204.<\/p>\n<\/div>\n<p><strong>Consignes relatives aux demandes de consultation par l\u2019entremise d\u2019Epic pour les m\u00e9decins de l\u2019Alliance Atlas\u00a0:<\/strong><\/p>\n<ul>\n<li>Demande de consultation d\u2019un podologue\u00a0pour patient externe \u2013 REF 300<\/li>\n<li>Demande de consultation d\u2019un podo-orth\u00e9siste pour patient externe \u2013 REF 85<\/li>\n<\/ul>\n<p><strong>Consignes relatives aux demandes de consultation pour les m\u00e9decins et \u00e9tablissements de sant\u00e9 non membres de l\u2019Alliance Atlas\u00a0:<\/strong><\/p>\n<ul>\n<li>Fournir le nom complet, la date de naissance, l\u2019adresse et le num\u00e9ro de t\u00e9l\u00e9phone du patient.<\/li>\n<li>Fournir le motif de la demande de consultation d\u2019un podologue (p. ex. ulc\u00e8re du pied, pied de Charcot, soulagement de la pression, infection du pied) et d\u2019un podo-orth\u00e9siste (p. ex. orth\u00e8ses plantaires sur mesure, chaussures orthop\u00e9diques, modification des chaussures)<\/li>\n<\/ul>\n<div class=\"callout-text-inner toh-green\">\n<p class=\"callout-text\">Toute demande de consultation incompl\u00e8te (voir les d\u00e9tails \u00e0 fournir ci-dessus) sera rejet\u00e9e<\/p>\n<p class=\"callout-text\">Envoyer la demande de consultation par t\u00e9l\u00e9copieur au 613-739-6975.<\/p>\n<\/div>\n","protected":false},"excerpt":{"rendered":"<p>Qu\u2019est-ce qu\u2019un podologue? Un podologue (D.Ch. ou D.Pod.M.) \u00e9value, traite et pr\u00e9vient les maladies, les troubles et les anomalies du pied par des moyens th\u00e9rapeutiques, orth\u00e9tiques et palliatifs. Le podologue est un fournisseur de soins primaires encadr\u00e9 par l\u2019Ordre des podologues de l\u2019Ontario. Il exerce dans des cliniques priv\u00e9es et dans certains h\u00f4pitaux. Les podologues [&hellip;]<\/p>\n","protected":false},"author":25,"featured_media":0,"parent":12917,"menu_order":6,"comment_status":"closed","ping_status":"closed","template":"","meta":{"_acf_changed":false,"_mc_calendar":[],"footnotes":""},"class_list":["post-9351","page","type-page","status-publish","hentry"],"acf":[],"wps_subtitle":"","_links":{"self":[{"href":"https:\/\/www.ottawahospital.on.ca\/fr\/wp-json\/wp\/v2\/pages\/9351","targetHints":{"allow":["GET"]}}],"collection":[{"href":"https:\/\/www.ottawahospital.on.ca\/fr\/wp-json\/wp\/v2\/pages"}],"about":[{"href":"https:\/\/www.ottawahospital.on.ca\/fr\/wp-json\/wp\/v2\/types\/page"}],"author":[{"embeddable":true,"href":"https:\/\/www.ottawahospital.on.ca\/fr\/wp-json\/wp\/v2\/users\/25"}],"replies":[{"embeddable":true,"href":"https:\/\/www.ottawahospital.on.ca\/fr\/wp-json\/wp\/v2\/comments?post=9351"}],"version-history":[{"count":0,"href":"https:\/\/www.ottawahospital.on.ca\/fr\/wp-json\/wp\/v2\/pages\/9351\/revisions"}],"up":[{"embeddable":true,"href":"https:\/\/www.ottawahospital.on.ca\/fr\/wp-json\/wp\/v2\/pages\/12917"}],"wp:attachment":[{"href":"https:\/\/www.ottawahospital.on.ca\/fr\/wp-json\/wp\/v2\/media?parent=9351"}],"curies":[{"name":"wp","href":"https:\/\/api.w.org\/{rel}","templated":true}]}}