{"id":9347,"date":"2016-11-22T11:50:28","date_gmt":"2016-11-22T16:50:28","guid":{"rendered":"http:\/\/52.229.122.34\/fr\/?page_id=9347"},"modified":"2016-12-09T11:42:23","modified_gmt":"2016-12-09T16:42:23","slug":"unite-devaluation-et-de-traitement-des-thromboses","status":"publish","type":"page","link":"https:\/\/www.ottawahospital.on.ca\/fr\/services-cliniques\/deptpgrmcs\/cliniques-et-services\/unite-devaluation-et-de-traitement-des-thromboses\/","title":{"rendered":"Unit\u00e9 d&rsquo;\u00e9valuation et de traitement des thromboses"},"content":{"rendered":"<h2>Vue d\u2019ensemble<\/h2>\n<p>Il s&rsquo;agit d&rsquo;une clinique de soins urgents o\u00f9 on examine et traite les patients ayant une thrombose veineuse profonde (caillot dans la jambe) ou une embolie pulmonaire (caillot dans un poumon) soup\u00e7onn\u00e9e ou confirm\u00e9e. La clinique offre aussi des services de consultation pour les patients atteints d&rsquo;une thrombophilie (tendances \u00e0 former des caillots sanguins) soup\u00e7onn\u00e9e ou confirm\u00e9e.<\/p>\n<p>La clinique offre un service d&rsquo;anticoagulation p\u00e9ri-op\u00e9ratoire (des anticoagulants) pour les patients qui prennent des anticoagulants \u00e0 long terme et g\u00e8re tous les aspects des soins pour ces patients (surveillance des modifications de dosage et gestion du risque).<\/p>\n<p>\u00c0 la clinique, on traite et conseille les femmes qui sont enceintes ou qui envisagent de devenir enceinte, qui sont atteintes de thrombophilie ou des complications qui y sont associ\u00e9es (y compris la pr\u00e9\u00e9clampsie, la perte du foetus, la thromboembolie veineuse et les restrictions de croissance intra-ut\u00e9rine).<\/p>\n<h2>Rendez\u2013vous<\/h2>\n<p>Recommandation d&rsquo;un m\u00e9decin<br \/>\n<strong>Lundi &#8211; vendredi<\/strong> : 8 h &#8211; 16 h<\/p>\n<h2>Pour nous joindre<\/h2>\n<p><strong>Thrombose<\/strong><br \/>\nT\u00e9l\u00e9phone : 613-737-8899, poste 78060<br \/>\nT\u00e9l\u00e9copieur : 613-737-8093<\/p>\n","protected":false},"excerpt":{"rendered":"<p>Vue d\u2019ensemble Il s&rsquo;agit d&rsquo;une clinique de soins urgents o\u00f9 on examine et traite les patients ayant une thrombose veineuse profonde (caillot dans la jambe) ou une embolie pulmonaire (caillot dans un poumon) soup\u00e7onn\u00e9e ou confirm\u00e9e. La clinique offre aussi des services de consultation pour les patients atteints d&rsquo;une thrombophilie (tendances \u00e0 former des caillots [&hellip;]<\/p>\n","protected":false},"author":25,"featured_media":0,"parent":7872,"menu_order":77,"comment_status":"closed","ping_status":"closed","template":"","meta":{"_acf_changed":false,"_mc_calendar":[],"footnotes":""},"class_list":["post-9347","page","type-page","status-publish","hentry"],"acf":[],"wps_subtitle":"","_links":{"self":[{"href":"https:\/\/www.ottawahospital.on.ca\/fr\/wp-json\/wp\/v2\/pages\/9347","targetHints":{"allow":["GET"]}}],"collection":[{"href":"https:\/\/www.ottawahospital.on.ca\/fr\/wp-json\/wp\/v2\/pages"}],"about":[{"href":"https:\/\/www.ottawahospital.on.ca\/fr\/wp-json\/wp\/v2\/types\/page"}],"author":[{"embeddable":true,"href":"https:\/\/www.ottawahospital.on.ca\/fr\/wp-json\/wp\/v2\/users\/25"}],"replies":[{"embeddable":true,"href":"https:\/\/www.ottawahospital.on.ca\/fr\/wp-json\/wp\/v2\/comments?post=9347"}],"version-history":[{"count":0,"href":"https:\/\/www.ottawahospital.on.ca\/fr\/wp-json\/wp\/v2\/pages\/9347\/revisions"}],"up":[{"embeddable":true,"href":"https:\/\/www.ottawahospital.on.ca\/fr\/wp-json\/wp\/v2\/pages\/7872"}],"wp:attachment":[{"href":"https:\/\/www.ottawahospital.on.ca\/fr\/wp-json\/wp\/v2\/media?parent=9347"}],"curies":[{"name":"wp","href":"https:\/\/api.w.org\/{rel}","templated":true}]}}