{"id":9342,"date":"2016-11-22T11:47:39","date_gmt":"2016-11-22T16:47:39","guid":{"rendered":"http:\/\/52.229.122.34\/fr\/?page_id=9342"},"modified":"2016-12-09T11:41:57","modified_gmt":"2016-12-09T16:41:57","slug":"readaptation-consultations-externes-et-approche-communautaire","status":"publish","type":"page","link":"https:\/\/www.ottawahospital.on.ca\/fr\/services-cliniques\/deptpgrmcs\/cliniques-et-services\/readaptation-consultations-externes-et-approche-communautaire\/","title":{"rendered":"R\u00e9adaptation (consultations externes et approche communautaire)"},"content":{"rendered":"<h2>Qu\u2019est-ce que le service de consultations externes et d\u2019approche communautaire en r\u00e9adaptation?<\/h2>\n<p>Le Service de consultations externes et d\u2019approche communautaire en r\u00e9adaptation (SCEACR) fournit l\u2019\u00e9valuation clinique, le traitement et l\u2019enseignement aux clients atteints de d\u00e9ficience physique, surtout des probl\u00e8mes neurologiques et neuromusculaires, dans le but de maximiser leur niveau de fonctionnement autonome. Les clients ont acc\u00e8s \u00e0 divers professionnels de la sant\u00e9 qui travaillent dans une perspective holistique afin de prodiguer des soins individualis\u00e9s optimaux.<\/p>\n<h2>\u00c9nonc\u00e9 de mission du SCEACR<\/h2>\n<ul>\n<li>S\u2019efforcer d\u2019offrir des soins de sant\u00e9 de la meilleure qualit\u00e9 possible, en fonction de pratiques scientifiques fond\u00e9es sur des preuves<\/li>\n<li>Collaborer avec des partenaires communautaires afin d\u2019am\u00e9liorer la qualit\u00e9 de vie de nos clients<\/li>\n<li>D\u00e9fendre les int\u00e9r\u00eats de nos clients, tant \u00e0 l\u2019interne qu\u2019\u00e0 l\u2019externe<\/li>\n<li>Promouvoir la recherche, la formation et le d\u00e9veloppement, dont la participation \u00e0 la recherche, la supervision d\u2019\u00e9tudiants et l\u2019enseignement universitaire<\/li>\n<\/ul>\n<h2>Qui sont les membres du SCEACR?<\/h2>\n<p>Au SCEACR, une \u00e9quipe multidisciplinaire offre des services ax\u00e9s sur le client.<\/p>\n<div class=\"row\">\n<div class=\"col-md-6\">\n<ul>\n<li>M\u00e9decine<\/li>\n<li>Physioth\u00e9rapie<\/li>\n<li>Ergoth\u00e9rapie<\/li>\n<li>Soins infirmiers<\/li>\n<li>Service social<\/li>\n<\/ul>\n<\/div>\n<div class=\"col-md-6\">\n<ul>\n<li>Nutrition clinique<\/li>\n<li>Psychologie<\/li>\n<li>Loisirs th\u00e9rapeutiques<\/li>\n<li>R\u00e9adaptation professionnelle<\/li>\n<li>Orthophonie<\/li>\n<\/ul>\n<\/div>\n<\/div>\n<p>Les services suivants peuvent aussi s\u2019ajouter :<\/p>\n<ul>\n<li>Services de proth\u00e9tique et d\u2019orth\u00e9tique<\/li>\n<li>Services pulmonaires<\/li>\n<li>Soins des pieds<\/li>\n<\/ul>\n<h2>Qui est admissible au Service de consultations externes et d\u2019approche communautaire en r\u00e9adaptation?<\/h2>\n<ul>\n<li>Les patients d\u2019au moins 18 ans qui ont \u00e9t\u00e9 recommand\u00e9s par un m\u00e9decin<\/li>\n<li>Les patients de la r\u00e9gion d\u2019Ottawa-Gatineau et les r\u00e9sidents de l\u2019Est et du Nord-Est ontarien<\/li>\n<li>Les patients ayant un diagnostic complexe orthop\u00e9dique, de l\u2019appareil neuromusculaire ou musculosquelettique; ayant de multiples probl\u00e8mes m\u00e9dicaux, des restrictions ou des d\u00e9ficiences relatives \u00e0 leur fonctionnement (p. ex. mobilit\u00e9 ou douleur complexe), ou ayant d\u2019autres besoins complexes semblables<\/li>\n<li>Les patients ayant besoin des services particuliers d\u2019une \u00e9quipe interdisciplinaire sp\u00e9cialis\u00e9e ou de sp\u00e9cialistes en r\u00e9adaptation<\/li>\n<li>Les patients qui ont des buts mesurables et qui ont besoin de services particuliers de sp\u00e9cialistes en r\u00e9adaptation<\/li>\n<li>Les patients qui sont stables du point de vue m\u00e9dical et qui sont en mesure de participer \u00e0 un programme actif de r\u00e9adaptation<\/li>\n<\/ul>\n<h2>Sur quels aspects de la r\u00e9adaptation les services du SCEACR portent-ils?<\/h2>\n<div class=\"row\">\n<div class=\"col-md-6\">\n<ul>\n<li>Gestion m\u00e9dicale<\/li>\n<li>Soins personnels<\/li>\n<li>Fonctionnement physique<\/li>\n<li>Activit\u00e9s de la vie quotidienne<\/li>\n<li>Questions relatives \u00e0 la mobilit\u00e9<\/li>\n<\/ul>\n<\/div>\n<div class=\"col-md-6\">\n<ul>\n<li>Difficult\u00e9s cognitives<\/li>\n<li>Questions relatives \u00e0 la nutrition<\/li>\n<li>Pr\u00e9occupations relatives aux loisirs<\/li>\n<li>Fonctionnement professionnel<\/li>\n<li>Difficult\u00e9s affectives ou d\u2019adaptation<\/li>\n<\/ul>\n<\/div>\n<\/div>\n<h2>Quel est le processus clinique du SCEACR?<\/h2>\n<ul>\n<li>Les patients doivent voir leur m\u00e9decin et obtenir une recommandation au Centre de r\u00e9adaptation.<\/li>\n<li>Les patients admissibles obtiennent ensuite un rendez-vous avec un physiatre et (ou) d\u2019autres membres de l\u2019\u00e9quipe dans le but d\u2019\u00e9valuer leur \u00e9tat et fixer des buts r\u00e9alisables; ils seront achemin\u00e9s vers les diverses disciplines au Centre, le cas \u00e9ch\u00e9ant.<\/li>\n<li>Les patients re\u00e7oivent le traitement, l\u2019enseignement et le counselling au Centre de r\u00e9adaptation en fonction de leurs besoins, individuellement ou en groupe.<\/li>\n<li>Les patients peuvent aussi \u00eatre recommand\u00e9s en vue d\u2019une \u00e9valuation ou une consultation seulement.<\/li>\n<li>Le SCEACR \u00e9tablit des liens avec des organisations et des organismes communautaires pour veiller \u00e0 ce que les clients continuent \u00e0 assurer et \u00e0 optimiser leur niveau de fonctionnement et d\u2019autonomie. Les patients peuvent \u00eatre orient\u00e9s vers un service communautaire pendant qu\u2019ils sont trait\u00e9s au Centre de r\u00e9adaptation ou dans le cadre de la planification du cong\u00e9.<\/li>\n<\/ul>\n<h2>Quelles sont les heures d\u2019ouverture?<\/h2>\n<p>Le SCEACR est ouvert le jour du lundi au vendredi. Les services cliniques ne sont pas offerts les fins de semaine, en soir\u00e9e ou les cong\u00e9s.<\/p>\n","protected":false},"excerpt":{"rendered":"<p>Qu\u2019est-ce que le service de consultations externes et d\u2019approche communautaire en r\u00e9adaptation? Le Service de consultations externes et d\u2019approche communautaire en r\u00e9adaptation (SCEACR) fournit l\u2019\u00e9valuation clinique, le traitement et l\u2019enseignement aux clients atteints de d\u00e9ficience physique, surtout des probl\u00e8mes neurologiques et neuromusculaires, dans le but de maximiser leur niveau de fonctionnement autonome. Les clients ont [&hellip;]<\/p>\n","protected":false},"author":25,"featured_media":0,"parent":7872,"menu_order":76,"comment_status":"closed","ping_status":"closed","template":"","meta":{"_acf_changed":false,"_mc_calendar":[],"footnotes":""},"class_list":["post-9342","page","type-page","status-publish","hentry"],"acf":[],"wps_subtitle":"","_links":{"self":[{"href":"https:\/\/www.ottawahospital.on.ca\/fr\/wp-json\/wp\/v2\/pages\/9342","targetHints":{"allow":["GET"]}}],"collection":[{"href":"https:\/\/www.ottawahospital.on.ca\/fr\/wp-json\/wp\/v2\/pages"}],"about":[{"href":"https:\/\/www.ottawahospital.on.ca\/fr\/wp-json\/wp\/v2\/types\/page"}],"author":[{"embeddable":true,"href":"https:\/\/www.ottawahospital.on.ca\/fr\/wp-json\/wp\/v2\/users\/25"}],"replies":[{"embeddable":true,"href":"https:\/\/www.ottawahospital.on.ca\/fr\/wp-json\/wp\/v2\/comments?post=9342"}],"version-history":[{"count":0,"href":"https:\/\/www.ottawahospital.on.ca\/fr\/wp-json\/wp\/v2\/pages\/9342\/revisions"}],"up":[{"embeddable":true,"href":"https:\/\/www.ottawahospital.on.ca\/fr\/wp-json\/wp\/v2\/pages\/7872"}],"wp:attachment":[{"href":"https:\/\/www.ottawahospital.on.ca\/fr\/wp-json\/wp\/v2\/media?parent=9342"}],"curies":[{"name":"wp","href":"https:\/\/api.w.org\/{rel}","templated":true}]}}