{"id":9338,"date":"2016-11-22T11:41:05","date_gmt":"2016-11-22T16:41:05","guid":{"rendered":"http:\/\/52.229.122.34\/fr\/?page_id=9338"},"modified":"2020-06-29T10:18:59","modified_gmt":"2020-06-29T14:18:59","slug":"foire-aux-questions","status":"publish","type":"page","link":"https:\/\/www.ottawahospital.on.ca\/fr\/services-cliniques\/deptpgrmcs\/cliniques-et-services\/telemedecine\/foire-aux-questions\/","title":{"rendered":"Foire aux questions"},"content":{"rendered":"<div class=\"row\">\n<div class=\"col-md-7\">\n<h2>La t\u00e9l\u00e9m\u00e9decine pourrait-elle \u00eatre une solution pour moi?<\/h2>\n<p>La t\u00e9l\u00e9m\u00e9decine peut \u00eatre tr\u00e8s utile, mais pas pour tous les types de rendez-vous. Si vous recevez des soins \u00e0 L\u2019H\u00f4pital d\u2019Ottawa et souhaitez \u00eatre suivi par t\u00e9l\u00e9m\u00e9decine, demandez \u00e0 votre professionnel de la sant\u00e9 quels rendez-vous sont offerts par t\u00e9l\u00e9m\u00e9decine. Tous les h\u00f4pitaux communautaires et beaucoup de centres de sant\u00e9 communautaire et d\u2019\u00e9quipes de sant\u00e9 familiale en Ontario ont des salles branch\u00e9es au R\u00e9seau T\u00e9l\u00e9m\u00e9decine Ontario.<\/p>\n<h2>O\u00f9 offre-t-on des services par t\u00e9l\u00e9m\u00e9decine?<\/h2>\n<p>Tous les h\u00f4pitaux et la plupart des centres de sant\u00e9 communautaire et des \u00e9quipes de sant\u00e9 familiale en Ontario offrent des services par t\u00e9l\u00e9m\u00e9decine. L\u2019H\u00f4pital d\u2019Ottawa peut le faire gr\u00e2ce \u00e0 un partenariat avec le R\u00e9seau T\u00e9l\u00e9m\u00e9decine Ontario.<\/p>\n<\/div>\n<div class=\"col-md-5\"><img decoding=\"async\" class=\"img-responsive alignright\" src=\"\/wp-content\/uploads\/2016\/11\/CR_29251-web.jpg\" alt=\"Telemedicine FAQ\" width=\"448\" height=\"299\" \/><\/div>\n<\/div>\n<h2>Que se passe-t-il pendant un rendez-vous par t\u00e9l\u00e9m\u00e9decine?<\/h2>\n<p>Un rendez-vous par t\u00e9l\u00e9m\u00e9decine ressemble beaucoup \u00e0 un rendez-vous habituel. La seule diff\u00e9rence est que le m\u00e9decin vous voit et vous parle \u00e0 l\u2019aide d\u2019un \u00e9cran de t\u00e9l\u00e9vision.<\/p>\n<p>\u00c0 votre arriv\u00e9e, le coordonnateur de la t\u00e9l\u00e9m\u00e9decine vous expliquera comment le rendez-vous se d\u00e9roulera. Il pourra vous demander de mettre une chemise d\u2019h\u00f4pital au besoin.<\/p>\n<p>Le rendez-vous aura lieu dans une pi\u00e8ce priv\u00e9e. Le coordonnateur de la t\u00e9l\u00e9m\u00e9decine restera probablement avec vous. Vous pouvez venir en compagnie d\u2019un ami ou d\u2019un membre de votre famille.<\/p>\n<p>Le rendez-vous se d\u00e9roule comme un rendez-vous habituel, sauf que le m\u00e9decin ne se trouve pas physiquement dans la pi\u00e8ce. Vous le verrez et lui parlerez \u00e0 l\u2019aide de l\u2019\u00e9cran de t\u00e9l\u00e9vision. On utilise parfois de l\u2019\u00e9quipement sp\u00e9cial comme une petite cam\u00e9ra avec zoom pour mieux voir les zones probl\u00e9matiques ou un st\u00e9thoscope num\u00e9rique pour \u00e9couter votre c\u0153ur.<\/p>\n<h2>Et ma vie priv\u00e9e dans tout \u00e7a?<\/h2>\n<p>Le rendez-vous est priv\u00e9 et confidentiel. Nous utilisons un r\u00e9seau s\u00e9curis\u00e9 pour prot\u00e9ger la confidentialit\u00e9 de vos renseignements personnels. Les seules personnes qui peuvent voir ce qui se passe sont celles qui se trouvent dans la salle o\u00f9 vous \u00eates et dans celle o\u00f9 se trouve votre m\u00e9decin. Le rendez-vous ne sera pas enregistr\u00e9.<\/p>\n<p>Au d\u00e9but du rendez-vous, on vous pr\u00e9sentera les personnes qui se trouvent dans la salle de t\u00e9l\u00e9m\u00e9decine de L\u2019H\u00f4pital d\u2019Ottawa pour que vous sachiez qui est pr\u00e9sent. L\u2019H\u00f4pital d\u2019Ottawa, le R\u00e9seau T\u00e9l\u00e9m\u00e9decine Ontario et l\u2019\u00e9tablissement o\u00f9 vous vous trouvez collaborent pour prot\u00e9ger votre vie priv\u00e9e.<\/p>\n<p>Pour en savoir plus \u00e0 ce sujet, vous pouvez appeler au R\u00e9seau T\u00e9l\u00e9m\u00e9decine Ontario (sans frais au 1-888-346-6784) ou consulter son site Web (<a href=\"https:\/\/www.otn.ca\/\" target=\"_blank\" rel=\"noopener noreferrer\">www.otn.ca<\/a>).<\/p>\n<h2>Pour en savoir plus sur la t\u00e9l\u00e9m\u00e9decine :<\/h2>\n<ul>\n<li><a href=\"https:\/\/www.otn.ca\/\" target=\"_blank\" rel=\"noopener noreferrer\">R\u00e9seau t\u00e9l\u00e9m\u00e9decine Ontario<\/a><\/li>\n<li>YouTube\u00a0: <a href=\"https:\/\/www.youtube.com\/user\/OTNtelemedicine\" target=\"_blank\" rel=\"noopener noreferrer\">OTN on YouTube<\/a><\/li>\n<li><a href=\"\/fr\/about-us\/soinsdavenir\/\">Question de sant\u00e9<\/a>\u00a0: Des m\u00e9decins technos font la fiert\u00e9 des adeptes de la t\u00e9l\u00e9m\u00e9decine!<\/li>\n<\/ul>\n<p style=\"padding: 10px; border: 1px solid; text-align: left; background-color: #d0dae8;\"><strong>\u00c0 L\u2019H\u00f4pital d\u2019Ottawa, nous sommes fiers d\u2019\u00eatre un chef de file en offrant des services de consultation par l\u2019interm\u00e9diaire du R\u00e9seau T\u00e9l\u00e9m\u00e9decine Ontario. La possibilit\u00e9 de mettre nos sp\u00e9cialistes en contact avec les patients des quatre coins de la r\u00e9gion est un avantage exceptionnel. Nous commen\u00e7ons \u00e0 peine \u00e0 saisir les avantages sur le plan clinique et \u00e9ducatif.<br \/>\nD<sup>r<\/sup> Jack Kitts, ancien pr\u00e9sident-directeur g\u00e9n\u00e9ral, L\u2019H\u00f4pital d\u2019Ottawa<\/strong><\/p>\n","protected":false},"excerpt":{"rendered":"<p>La t\u00e9l\u00e9m\u00e9decine pourrait-elle \u00eatre une solution pour moi? La t\u00e9l\u00e9m\u00e9decine peut \u00eatre tr\u00e8s utile, mais pas pour tous les types de rendez-vous. Si vous recevez des soins \u00e0 L\u2019H\u00f4pital d\u2019Ottawa et souhaitez \u00eatre suivi par t\u00e9l\u00e9m\u00e9decine, demandez \u00e0 votre professionnel de la sant\u00e9 quels rendez-vous sont offerts par t\u00e9l\u00e9m\u00e9decine. Tous les h\u00f4pitaux communautaires et beaucoup [&hellip;]<\/p>\n","protected":false},"author":25,"featured_media":0,"parent":9298,"menu_order":2,"comment_status":"closed","ping_status":"closed","template":"","meta":{"_acf_changed":false,"_mc_calendar":[],"footnotes":""},"class_list":["post-9338","page","type-page","status-publish","hentry"],"acf":[],"wps_subtitle":"","_links":{"self":[{"href":"https:\/\/www.ottawahospital.on.ca\/fr\/wp-json\/wp\/v2\/pages\/9338","targetHints":{"allow":["GET"]}}],"collection":[{"href":"https:\/\/www.ottawahospital.on.ca\/fr\/wp-json\/wp\/v2\/pages"}],"about":[{"href":"https:\/\/www.ottawahospital.on.ca\/fr\/wp-json\/wp\/v2\/types\/page"}],"author":[{"embeddable":true,"href":"https:\/\/www.ottawahospital.on.ca\/fr\/wp-json\/wp\/v2\/users\/25"}],"replies":[{"embeddable":true,"href":"https:\/\/www.ottawahospital.on.ca\/fr\/wp-json\/wp\/v2\/comments?post=9338"}],"version-history":[{"count":0,"href":"https:\/\/www.ottawahospital.on.ca\/fr\/wp-json\/wp\/v2\/pages\/9338\/revisions"}],"up":[{"embeddable":true,"href":"https:\/\/www.ottawahospital.on.ca\/fr\/wp-json\/wp\/v2\/pages\/9298"}],"wp:attachment":[{"href":"https:\/\/www.ottawahospital.on.ca\/fr\/wp-json\/wp\/v2\/media?parent=9338"}],"curies":[{"name":"wp","href":"https:\/\/api.w.org\/{rel}","templated":true}]}}