{"id":9298,"date":"2016-11-22T10:18:36","date_gmt":"2016-11-22T15:18:36","guid":{"rendered":"http:\/\/52.229.122.34\/fr\/?page_id=9298"},"modified":"2018-07-31T11:02:33","modified_gmt":"2018-07-31T15:02:33","slug":"telemedecine","status":"publish","type":"page","link":"https:\/\/www.ottawahospital.on.ca\/fr\/services-cliniques\/deptpgrmcs\/cliniques-et-services\/telemedecine\/","title":{"rendered":"T\u00e9l\u00e9m\u00e9decine"},"content":{"rendered":"<h2>Qu\u2019est-ce que la ?<\/h2>\n<p><img decoding=\"async\" class=\"img-responsive alignright wp-image-9292 size-medium\" src=\"https:\/\/www.ottawahospital.on.ca\/wp-content\/uploads\/2016\/11\/CR_29240-web-300x200.jpg\" alt=\"Telemedicine\" width=\"300\" height=\"200\" srcset=\"https:\/\/www.ottawahospital.on.ca\/wp-content\/uploads\/2016\/11\/CR_29240-web-300x200.jpg 300w, https:\/\/www.ottawahospital.on.ca\/wp-content\/uploads\/2016\/11\/CR_29240-web.jpg 448w\" sizes=\"(max-width: 300px) 100vw, 300px\" \/><\/p>\n<p>La t\u00e9l\u00e9m\u00e9decine vous permet de consulter un sp\u00e9cialiste de la sant\u00e9 sans vous d\u00e9placer jusqu\u2019\u00e0 son lieu de travail. On utilise diff\u00e9rentes technologies novatrices pour vous offrir des soins, comme la vid\u00e9oconf\u00e9rence bidirectionnelle et le mode diff\u00e9r\u00e9. Le mode diff\u00e9r\u00e9 permet \u00e0 un professionnel de la sant\u00e9 de la collectivit\u00e9 de demander conseil \u00e0 un sp\u00e9cialiste \u00e0 propos, par exemple, d\u2019un probl\u00e8me de peau. Il peut ainsi prendre des photos des r\u00e9gions probl\u00e9matiques et les envoyer avec les renseignements pertinents par Internet gr\u00e2ce \u00e0 une connexion s\u00e9curis\u00e9e.<\/p>\n<h2>La t\u00e9l\u00e9m\u00e9decine \u00e0 L&rsquo;H\u00f4pital d&rsquo;Ottawa<\/h2>\n<p><img decoding=\"async\" class=\"img-responsive alignleft wp-image-9293 size-medium\" src=\"https:\/\/www.ottawahospital.on.ca\/wp-content\/uploads\/2016\/11\/DrAkbari_9691-web-300x195.jpg\" alt=\"Telemedicine\" width=\"300\" height=\"195\" srcset=\"https:\/\/www.ottawahospital.on.ca\/wp-content\/uploads\/2016\/11\/DrAkbari_9691-web-300x195.jpg 300w, https:\/\/www.ottawahospital.on.ca\/wp-content\/uploads\/2016\/11\/DrAkbari_9691-web.jpg 448w\" sizes=\"(max-width: 300px) 100vw, 300px\" \/><\/p>\n<p>La<strong> vision <\/strong>de<strong> L\u2019H\u00f4pital d\u2019Ottawa <\/strong>est d\u2019offrir \u00e0 chaque patient des soins de calibre mondial et des services exceptionnels avec une compassion digne des personnes qui nous sont ch\u00e8res.<\/p>\n<p>Nous sommes le plus grand centre hospitalier universitaire du R\u00e9seau local d\u2019int\u00e9gration des services de sant\u00e9 (RLISS) de Champlain. Nous reconnaissons la valeur de la t\u00e9l\u00e9m\u00e9decine pour donner des soins aux patients qui doivent se d\u00e9placer sur de grandes distances afin de voir leur professionnel de la sant\u00e9. La t\u00e9l\u00e9m\u00e9decine permet aux patients, \u00e0 leur famille et aux professionnels de la collectivit\u00e9 d\u2019obtenir des soins dans leur propre collectivit\u00e9.<\/p>\n<p class=\"responsivevideo\"><iframe class=\"img-responsive\" title=\"La t\u00e9l\u00e9m\u00e9decine \u00e0 L'H\u00f4pital d'Ottawa \" src=\"https:\/\/www.youtube.com\/embed\/CojBqco_Qp0?rel=0\" width=\"500\" height=\"281\" allowfullscreen=\"allowfullscreen\"><\/iframe><\/p>\n<p><em>L\u2019H\u00f4pital d\u2019Ottawa favorise l\u2019utilisation de la t\u00e9l\u00e9m\u00e9decine pour am\u00e9liorer l\u2019acc\u00e8s aux soins et \u00e0 la formation m\u00e9dicale \u00e0 l\u2019\u00e9chelle r\u00e9gionale, provinciale et nationale. En tant que fier partenaire du R\u00e9seau T\u00e9l\u00e9m\u00e9decine Ontario, nous croyons que la t\u00e9l\u00e9m\u00e9decine deviendra une m\u00e9thode tr\u00e8s r\u00e9pandue pour offrir des soins et de la formation m\u00e9dicale.<\/em><\/p>\n<p><em>La t\u00e9l\u00e9m\u00e9decine est en constante \u00e9volution, car la technologie est une source quasi intarissable de nouvelles fa\u00e7ons d\u2019offrir des services de sant\u00e9. L\u2019Ordre reconna\u00eet l\u2019extraordinaire potentiel de croissance dans ce domaine et croit que la t\u00e9l\u00e9m\u00e9decine influencera \u00e9norm\u00e9ment la fa\u00e7on d\u2019exercer la m\u00e9decine dans l\u2019avenir. (Ordre des m\u00e9decins et chirurgiens de l\u2019Ontario, juillet 2007)<\/em><\/p>\n<div class=\"table-responsive center-block\">\n<table class=\"table-bordered table\">\n<tbody>\n<tr style=\"background-color: #d0dae8;\">\n<td>\n<p style=\"text-align: center;\"><strong>Quelques statistiques\u2026<\/strong><\/p>\n<ul>\n<li>L\u2019H\u00f4pital d\u2019Ottawa utilise la t\u00e9l\u00e9m\u00e9decine pour fournir des soins cliniques depuis\u00a02006.<\/li>\n<li>Plus de 20\u00a0services cliniques offrent des soins \u00e0 distance gr\u00e2ce \u00e0 la t\u00e9l\u00e9m\u00e9decine.<\/li>\n<li>Plus de 100 professionnels de la sant\u00e9 utilisent la t\u00e9l\u00e9m\u00e9decine dans le cadre de leur travail \u00e0 L\u2019H\u00f4pital d\u2019Ottawa.<\/li>\n<li>Environ 400\u00a0rendez-vous par mois se font par t\u00e9l\u00e9m\u00e9decine.<\/li>\n<\/ul>\n<\/td>\n<\/tr>\n<\/tbody>\n<\/table>\n<\/div>\n<p class=\"returnto\">\n","protected":false},"excerpt":{"rendered":"<p>Qu\u2019est-ce que la ? La t\u00e9l\u00e9m\u00e9decine vous permet de consulter un sp\u00e9cialiste de la sant\u00e9 sans vous d\u00e9placer jusqu\u2019\u00e0 son lieu de travail. On utilise diff\u00e9rentes technologies novatrices pour vous offrir des soins, comme la vid\u00e9oconf\u00e9rence bidirectionnelle et le mode diff\u00e9r\u00e9. Le mode diff\u00e9r\u00e9 permet \u00e0 un professionnel de la sant\u00e9 de la collectivit\u00e9 de [&hellip;]<\/p>\n","protected":false},"author":25,"featured_media":0,"parent":7872,"menu_order":75,"comment_status":"closed","ping_status":"closed","template":"","meta":{"_acf_changed":false,"_mc_calendar":[],"footnotes":""},"class_list":["post-9298","page","type-page","status-publish","hentry"],"acf":[],"wps_subtitle":"","_links":{"self":[{"href":"https:\/\/www.ottawahospital.on.ca\/fr\/wp-json\/wp\/v2\/pages\/9298","targetHints":{"allow":["GET"]}}],"collection":[{"href":"https:\/\/www.ottawahospital.on.ca\/fr\/wp-json\/wp\/v2\/pages"}],"about":[{"href":"https:\/\/www.ottawahospital.on.ca\/fr\/wp-json\/wp\/v2\/types\/page"}],"author":[{"embeddable":true,"href":"https:\/\/www.ottawahospital.on.ca\/fr\/wp-json\/wp\/v2\/users\/25"}],"replies":[{"embeddable":true,"href":"https:\/\/www.ottawahospital.on.ca\/fr\/wp-json\/wp\/v2\/comments?post=9298"}],"version-history":[{"count":0,"href":"https:\/\/www.ottawahospital.on.ca\/fr\/wp-json\/wp\/v2\/pages\/9298\/revisions"}],"up":[{"embeddable":true,"href":"https:\/\/www.ottawahospital.on.ca\/fr\/wp-json\/wp\/v2\/pages\/7872"}],"wp:attachment":[{"href":"https:\/\/www.ottawahospital.on.ca\/fr\/wp-json\/wp\/v2\/media?parent=9298"}],"curies":[{"name":"wp","href":"https:\/\/api.w.org\/{rel}","templated":true}]}}