{"id":9285,"date":"2016-11-22T10:04:48","date_gmt":"2016-11-22T15:04:48","guid":{"rendered":"http:\/\/52.229.122.34\/fr\/?page_id=9285"},"modified":"2016-12-09T11:33:58","modified_gmt":"2016-12-09T16:33:58","slug":"cliniques-de-chirurgie","status":"publish","type":"page","link":"https:\/\/www.ottawahospital.on.ca\/fr\/services-cliniques\/deptpgrmcs\/cliniques-et-services\/cliniques-de-chirurgie\/","title":{"rendered":"Cliniques de Chirurgie"},"content":{"rendered":"<h2>Aper\u00e7u<\/h2>\n<p>Ces cliniques offrent aux patients externes des soins pour de nombreuses chirurgies sp\u00e9cialis\u00e9es, dont la chirurgie plastique, y compris une clinique d\u2019acc\u00e8s rapide en chirurgie g\u00e9n\u00e9rale, la chirurgie colorectale, la chirurgie mammaire et la chirurgie thoracique. Nous avons aussi une clinique d\u2019ob\u00e9sit\u00e9 et de stomoth\u00e9rapie au Campus G\u00e9n\u00e9ral.<\/p>\n<p>Ces cliniques offrent des soins aux patients qui leur sont recommand\u00e9s ou qui n\u00e9cessitent un suivi apr\u00e8s une chirurgie. Des chirurgiens g\u00e9n\u00e9raux, des infirmi\u00e8res autoris\u00e9es, une infirmi\u00e8re auxiliaire autoris\u00e9e et deux membres du personnel de bureau composent l\u2019\u00e9quipe.<\/p>\n<h2>Rendez-vous<\/h2>\n<p>Vous devez faire parvenir une demande de consultation directement au bureau du chirurgien.<\/p>\n<p><strong>Campus G\u00e9n\u00e9ral :<\/strong> du lundi au jeudi, de 8\u00a0h \u00e0 16\u00a0h. 613-737-8102<br \/>\n<strong>Campus Riverside :<\/strong> du lundi au vendredi, de 7\u00a0h \u00e0 16\u00a0h. 613-738-8400, poste\u00a088534<\/p>\n<h2>Nous joindre<\/h2>\n<p><strong>Campus G\u00e9n\u00e9ral :<\/strong> 2<sup>e<\/sup> \u00e9tage, Module K<\/p>\n<p><strong>Campus Riverside : <\/strong>6<sup>e<\/sup> \u00e9tage<\/p>\n","protected":false},"excerpt":{"rendered":"<p>Aper\u00e7u Ces cliniques offrent aux patients externes des soins pour de nombreuses chirurgies sp\u00e9cialis\u00e9es, dont la chirurgie plastique, y compris une clinique d\u2019acc\u00e8s rapide en chirurgie g\u00e9n\u00e9rale, la chirurgie colorectale, la chirurgie mammaire et la chirurgie thoracique. Nous avons aussi une clinique d\u2019ob\u00e9sit\u00e9 et de stomoth\u00e9rapie au Campus G\u00e9n\u00e9ral. Ces cliniques offrent des soins aux [&hellip;]<\/p>\n","protected":false},"author":25,"featured_media":0,"parent":7872,"menu_order":73,"comment_status":"closed","ping_status":"closed","template":"","meta":{"_acf_changed":false,"_mc_calendar":[],"footnotes":""},"class_list":["post-9285","page","type-page","status-publish","hentry"],"acf":[],"wps_subtitle":"","_links":{"self":[{"href":"https:\/\/www.ottawahospital.on.ca\/fr\/wp-json\/wp\/v2\/pages\/9285","targetHints":{"allow":["GET"]}}],"collection":[{"href":"https:\/\/www.ottawahospital.on.ca\/fr\/wp-json\/wp\/v2\/pages"}],"about":[{"href":"https:\/\/www.ottawahospital.on.ca\/fr\/wp-json\/wp\/v2\/types\/page"}],"author":[{"embeddable":true,"href":"https:\/\/www.ottawahospital.on.ca\/fr\/wp-json\/wp\/v2\/users\/25"}],"replies":[{"embeddable":true,"href":"https:\/\/www.ottawahospital.on.ca\/fr\/wp-json\/wp\/v2\/comments?post=9285"}],"version-history":[{"count":0,"href":"https:\/\/www.ottawahospital.on.ca\/fr\/wp-json\/wp\/v2\/pages\/9285\/revisions"}],"up":[{"embeddable":true,"href":"https:\/\/www.ottawahospital.on.ca\/fr\/wp-json\/wp\/v2\/pages\/7872"}],"wp:attachment":[{"href":"https:\/\/www.ottawahospital.on.ca\/fr\/wp-json\/wp\/v2\/media?parent=9285"}],"curies":[{"name":"wp","href":"https:\/\/api.w.org\/{rel}","templated":true}]}}