{"id":9280,"date":"2016-11-22T10:02:40","date_gmt":"2016-11-22T15:02:40","guid":{"rendered":"http:\/\/52.229.122.34\/fr\/?page_id=9280"},"modified":"2021-10-27T12:14:39","modified_gmt":"2021-10-27T16:14:39","slug":"clinique-de-prevention-secondaire-des-accidents-vasculaires-cerebraux","status":"publish","type":"page","link":"https:\/\/www.ottawahospital.on.ca\/fr\/services-cliniques\/deptpgrmcs\/cliniques-et-services\/clinique-de-prevention-secondaire-des-accidents-vasculaires-cerebraux\/","title":{"rendered":"Clinique de pr\u00e9vention secondaire des accidents vasculaires c\u00e9r\u00e9braux"},"content":{"rendered":"<h2>Vue d\u2019ensemble<\/h2>\n<p>En 2004, L\u2019H\u00f4pital d\u2019Ottawa a \u00e9t\u00e9 d\u00e9sign\u00e9e comme site r\u00e9gionale pour la clinique de prevention secondaire des accidents vasculaires c\u00e9r\u00e9brales (AVC). \u00a0Cette d\u00e9signation veille \u00e0 ce que les r\u00e9sidents de la r\u00e9gion de Champlain re\u00e7oivent les soins proche de chez eux selon les recommandations <a href=\"https:\/\/www.strokebestpractices.ca\/?lang=fr\" target=\"_blank\" rel=\"noopener noreferrer\">canadiennes des pratiques optimales des soins de L\u2019AVC.<br \/>\n<\/a><br \/>\nLa clinique fournit une \u00e9valuation et un acc\u00e8s rapide aux services diagnostiques et aux traitements pour ceux a risque \u00e9lev\u00e9e de subir un AVC. \u00a0La clinique vise \u00e0 r\u00e9duire l\u2019incidence d\u2019AVC avec :<\/p>\n<ul>\n<li>\u00c9valuation et traitement rapide<\/li>\n<li>D\u00e9pistage et gestion des facteurs de risque<\/li>\n<li>Education pour le patient et le fournisseur de soins sur la pr\u00e9vention des AVC et les habitudes de vie<\/li>\n<li>Soins m\u00e9dicaux et\/ou demande de consultation pour les soins chirurgicaux<\/li>\n<\/ul>\n<p>L&rsquo;\u00e9quipe est compos\u00e9e de neurologues sp\u00e9cialis\u00e9s en AVC, infirmi\u00e8res\/infirmi\u00e8res sp\u00e9cialistes en pr\u00e9vention des AVC\u2019s et les adjoints administratifs. \u00c0 la clinique, le patient rencontrera un neurologue sp\u00e9cialis\u00e9 en AVC et une infirmi\u00e8re\/ infirmi\u00e8re sp\u00e9cialiste en pr\u00e9vention des AVCs pour discuter leurs facteurs de risque. Les patients peuvent recevoir un traitement, subir des tests et \u00eatre orient\u00e9s vers des sp\u00e9cialistes. Les soins sont fournis selon les besoins individuels.<\/p>\n<h2>Rendez\u2013vous<\/h2>\n<p>Sur recommandation d&rsquo;un urgentologue, d&rsquo;un m\u00e9decin de famille ou d&rsquo;un autre sp\u00e9cialiste de la sant\u00e9. Il est possible que quelques tests soient administr\u00e9s avant la premi\u00e8re visite.<\/p>\n<ul>\n<li><a href=\"https:\/\/ocean.cognisantmd.com\/referrals\/NewReferral.html?rtRef=regionalstrokepreven-90271459\">OCEAN eReferral Network<\/a><\/li>\n<li><a href=\"https:\/\/www.crsn.ca\/images\/TOH_SPC_Referral.pdf\">fillable PDF referral form<\/a>\u00a0(en anglais seulement)<\/li>\n<\/ul>\n<p><strong>Liste d&rsquo;attente: Oui<\/strong><br \/>\n<strong>Langues de service:<\/strong> Anglais ; Fran\u00e7ais<br \/>\n<strong>Secteurs desservis: <\/strong>Ottawa (Ville d&rsquo;)<br \/>\n<strong>Fronti\u00e8res: <\/strong>Fronti\u00e8res RLISS de Champlain<br \/>\n<strong>Heures: <\/strong>Bureau D\u2019Administration \u2013 lundi \u00e0 vendredi 7 h-16 h<br \/>\nClinique de Prevention des AVC &#8211; lundi \u00e0 vendredi 9 h-16 h<\/p>\n<h2>Pour nous joindre<\/h2>\n<p>L&rsquo;H\u00f4pital d&rsquo;Ottawa &#8211; Campus Civic<br \/>\n1053, avenue Carling<br \/>\nOttawa, ON K1Y 4E9<br \/>\nAccessibilit\u00e9 Enti\u00e8rement accessible<br \/>\nT\u00e9l.: 613-798-5555 poste 16156<br \/>\nT\u00e9l\u00e9.: 613-761-5320<br \/>\nCourriel : <a href=\"mailto:strokepreventionclinic@lho.ca\">strokepreventionclinic@lho.ca<\/a><br \/>\nSite Web : <a href=\"https:\/\/www.champlainregionalstrokenetwork.org\/\" target=\"_blank\" rel=\"noopener noreferrer\">www.champlainregionalstrokenetwork.org<\/a><\/p>\n<p><strong>Contact principal : <\/strong>Aline Bourgoin, Coordonnatrice r\u00e9gionale en pr\u00e9vention des AVC, R\u00e9seau R\u00e9gional des AVC<br \/>\n<strong>Cadre principal :<\/strong> Lisa McDonnell, Directeur, R\u00e9seau R\u00e9gional des AVC<\/p>\n","protected":false},"excerpt":{"rendered":"<p>Vue d\u2019ensemble En 2004, L\u2019H\u00f4pital d\u2019Ottawa a \u00e9t\u00e9 d\u00e9sign\u00e9e comme site r\u00e9gionale pour la clinique de prevention secondaire des accidents vasculaires c\u00e9r\u00e9brales (AVC). \u00a0Cette d\u00e9signation veille \u00e0 ce que les r\u00e9sidents de la r\u00e9gion de Champlain re\u00e7oivent les soins proche de chez eux selon les recommandations canadiennes des pratiques optimales des soins de L\u2019AVC. La [&hellip;]<\/p>\n","protected":false},"author":25,"featured_media":0,"parent":7872,"menu_order":72,"comment_status":"closed","ping_status":"closed","template":"","meta":{"_acf_changed":false,"_mc_calendar":[],"footnotes":""},"class_list":["post-9280","page","type-page","status-publish","hentry"],"acf":[],"wps_subtitle":"","_links":{"self":[{"href":"https:\/\/www.ottawahospital.on.ca\/fr\/wp-json\/wp\/v2\/pages\/9280","targetHints":{"allow":["GET"]}}],"collection":[{"href":"https:\/\/www.ottawahospital.on.ca\/fr\/wp-json\/wp\/v2\/pages"}],"about":[{"href":"https:\/\/www.ottawahospital.on.ca\/fr\/wp-json\/wp\/v2\/types\/page"}],"author":[{"embeddable":true,"href":"https:\/\/www.ottawahospital.on.ca\/fr\/wp-json\/wp\/v2\/users\/25"}],"replies":[{"embeddable":true,"href":"https:\/\/www.ottawahospital.on.ca\/fr\/wp-json\/wp\/v2\/comments?post=9280"}],"version-history":[{"count":0,"href":"https:\/\/www.ottawahospital.on.ca\/fr\/wp-json\/wp\/v2\/pages\/9280\/revisions"}],"up":[{"embeddable":true,"href":"https:\/\/www.ottawahospital.on.ca\/fr\/wp-json\/wp\/v2\/pages\/7872"}],"wp:attachment":[{"href":"https:\/\/www.ottawahospital.on.ca\/fr\/wp-json\/wp\/v2\/media?parent=9280"}],"curies":[{"name":"wp","href":"https:\/\/api.w.org\/{rel}","templated":true}]}}