{"id":9275,"date":"2016-11-21T16:55:20","date_gmt":"2016-11-21T21:55:20","guid":{"rendered":"http:\/\/52.229.122.34\/fr\/?page_id=9275"},"modified":"2016-12-09T11:32:46","modified_gmt":"2016-12-09T16:32:46","slug":"un-pas-de-lavant-solutions-orthetiques-innovatrices","status":"publish","type":"page","link":"https:\/\/www.ottawahospital.on.ca\/fr\/services-cliniques\/deptpgrmcs\/cliniques-et-services\/un-pas-de-lavant-solutions-orthetiques-innovatrices\/","title":{"rendered":"Un pas de l&rsquo;avant &#8211; Solutions orth\u00e9tiques innovatrices"},"content":{"rendered":"<p>Le centre Un pas de l\u2019avant est ferm\u00e9. Les services sont maintenant offerts au centre Tout pour les pieds, situ\u00e9 au Centre de r\u00e9adaptation de L\u2019H\u00f4pital d\u2019Ottawa (Campus G\u00e9n\u00e9ral &#8211; 505, ch. Smyth).<\/p>\n<p>Veuillez appeler au 613-737-7350, poste 75612, pour prendre un rendez-vous.<\/p>\n","protected":false},"excerpt":{"rendered":"<p>Le centre Un pas de l\u2019avant est ferm\u00e9. Les services sont maintenant offerts au centre Tout pour les pieds, situ\u00e9 au Centre de r\u00e9adaptation de L\u2019H\u00f4pital d\u2019Ottawa (Campus G\u00e9n\u00e9ral &#8211; 505, ch. Smyth). Veuillez appeler au 613-737-7350, poste 75612, pour prendre un rendez-vous.<\/p>\n","protected":false},"author":25,"featured_media":0,"parent":7872,"menu_order":71,"comment_status":"closed","ping_status":"closed","template":"","meta":{"_acf_changed":false,"_mc_calendar":[],"footnotes":""},"class_list":["post-9275","page","type-page","status-publish","hentry"],"acf":[],"wps_subtitle":"","_links":{"self":[{"href":"https:\/\/www.ottawahospital.on.ca\/fr\/wp-json\/wp\/v2\/pages\/9275","targetHints":{"allow":["GET"]}}],"collection":[{"href":"https:\/\/www.ottawahospital.on.ca\/fr\/wp-json\/wp\/v2\/pages"}],"about":[{"href":"https:\/\/www.ottawahospital.on.ca\/fr\/wp-json\/wp\/v2\/types\/page"}],"author":[{"embeddable":true,"href":"https:\/\/www.ottawahospital.on.ca\/fr\/wp-json\/wp\/v2\/users\/25"}],"replies":[{"embeddable":true,"href":"https:\/\/www.ottawahospital.on.ca\/fr\/wp-json\/wp\/v2\/comments?post=9275"}],"version-history":[{"count":0,"href":"https:\/\/www.ottawahospital.on.ca\/fr\/wp-json\/wp\/v2\/pages\/9275\/revisions"}],"up":[{"embeddable":true,"href":"https:\/\/www.ottawahospital.on.ca\/fr\/wp-json\/wp\/v2\/pages\/7872"}],"wp:attachment":[{"href":"https:\/\/www.ottawahospital.on.ca\/fr\/wp-json\/wp\/v2\/media?parent=9275"}],"curies":[{"name":"wp","href":"https:\/\/api.w.org\/{rel}","templated":true}]}}