{"id":9193,"date":"2016-11-21T15:53:55","date_gmt":"2016-11-21T20:53:55","guid":{"rendered":"http:\/\/52.229.122.34\/fr\/?page_id=9193"},"modified":"2021-05-21T12:21:44","modified_gmt":"2021-05-21T16:21:44","slug":"obtenir-un-rendez-vous","status":"publish","type":"page","link":"https:\/\/www.ottawahospital.on.ca\/fr\/services-cliniques\/deptpgrmcs\/cliniques-et-services\/services-dorthophonie\/obtenir-un-rendez-vous\/","title":{"rendered":"Obtenir un rendez-vous"},"content":{"rendered":"<h2>Comment puis-je obtenir des services en orthophonie?<\/h2>\n<ul>\n<li>Vous devez avoir une consultation d\u2019un m\u00e9decin de L\u2019H\u00f4pital d\u2019Ottawa.<\/li>\n<li>Adressez-vous \u00e0 votre m\u00e9decin ou \u00e0 votre \u00e9quipe de soins en cas de pr\u00e9occupations li\u00e9es \u00e0 la communication ou \u00e0 la d\u00e9glutition.<\/li>\n<\/ul>\n<div class=\"card\">\n<h2 class=\"card-header h2-mock\">Nous joindre<\/h2>\n<div class=\"card-body\">\n<p>T\u00e9l. : 613-737-8899, poste 71348<\/p>\n<p>T\u00e9l\u00e9c. : 613-739-6164<\/p>\n<hr>\n<h3>Campus Civic<\/h3>\n<p>Orthophonie<br \/>\nPavillon Grimes \u2013 4<sup>e<\/sup> \u00e9tage<br \/>\n200, av. Melrose<\/p>\n<hr>\n<h3>Campus G\u00e9n\u00e9ral<\/h3>\n<p>Audiologie et Orthophonie<br \/>\nModule O \u2013 2<sup>e<\/sup> \u00e9tage<br \/>\n501, ch. Smyth<\/p>\n<hr>\n<h3>Centre de r\u00e9adaptation de L\u2019H\u00f4pital d\u2019Ottawa \u2013 Campus G\u00e9n\u00e9ral<\/h3>\n<p>Orthophonie<br \/>\n2<sup>e<\/sup> \u00e9tage<br \/>\n505, ch. Smyth<\/p>\n<\/div>\n<\/div>\n","protected":false},"excerpt":{"rendered":"<p>Comment puis-je obtenir des services en orthophonie? Vous devez avoir une consultation d\u2019un m\u00e9decin de L\u2019H\u00f4pital d\u2019Ottawa. Adressez-vous \u00e0 votre m\u00e9decin ou \u00e0 votre \u00e9quipe de soins en cas de pr\u00e9occupations li\u00e9es \u00e0 la communication ou \u00e0 la d\u00e9glutition. Nous joindre T\u00e9l. : 613-737-8899, poste 71348 T\u00e9l\u00e9c. : 613-739-6164 Campus Civic Orthophonie Pavillon Grimes \u2013 [&hellip;]<\/p>\n","protected":false},"author":25,"featured_media":0,"parent":9162,"menu_order":6,"comment_status":"closed","ping_status":"closed","template":"","meta":{"_acf_changed":false,"_mc_calendar":[],"footnotes":""},"class_list":["post-9193","page","type-page","status-publish","hentry"],"acf":[],"wps_subtitle":"","_links":{"self":[{"href":"https:\/\/www.ottawahospital.on.ca\/fr\/wp-json\/wp\/v2\/pages\/9193","targetHints":{"allow":["GET"]}}],"collection":[{"href":"https:\/\/www.ottawahospital.on.ca\/fr\/wp-json\/wp\/v2\/pages"}],"about":[{"href":"https:\/\/www.ottawahospital.on.ca\/fr\/wp-json\/wp\/v2\/types\/page"}],"author":[{"embeddable":true,"href":"https:\/\/www.ottawahospital.on.ca\/fr\/wp-json\/wp\/v2\/users\/25"}],"replies":[{"embeddable":true,"href":"https:\/\/www.ottawahospital.on.ca\/fr\/wp-json\/wp\/v2\/comments?post=9193"}],"version-history":[{"count":0,"href":"https:\/\/www.ottawahospital.on.ca\/fr\/wp-json\/wp\/v2\/pages\/9193\/revisions"}],"up":[{"embeddable":true,"href":"https:\/\/www.ottawahospital.on.ca\/fr\/wp-json\/wp\/v2\/pages\/9162"}],"wp:attachment":[{"href":"https:\/\/www.ottawahospital.on.ca\/fr\/wp-json\/wp\/v2\/media?parent=9193"}],"curies":[{"name":"wp","href":"https:\/\/api.w.org\/{rel}","templated":true}]}}