{"id":9189,"date":"2016-11-21T15:52:50","date_gmt":"2016-11-21T20:52:50","guid":{"rendered":"http:\/\/52.229.122.34\/fr\/?page_id=9189"},"modified":"2021-05-21T12:20:47","modified_gmt":"2021-05-21T16:20:47","slug":"ressources","status":"publish","type":"page","link":"https:\/\/www.ottawahospital.on.ca\/fr\/services-cliniques\/deptpgrmcs\/cliniques-et-services\/services-dorthophonie\/ressources\/","title":{"rendered":"Ressources"},"content":{"rendered":"<h2>Aphasie<\/h2>\n<ul>\n<li><a href=\"https:\/\/aphasiaottawa.org\/francais\/\">Centre d\u2019aphasie d\u2019Ottawa<\/a><\/li>\n<li><a href=\"https:\/\/crsn.ca\/\">R\u00e9seau r\u00e9gional des AVC Champlain<\/a><\/li>\n<li><a href=\"https:\/\/www.coeuretavc.ca\/\">Fondation des maladies du c\u0153ur (Canada)<\/a><\/li>\n<li><a href=\"https:\/\/www.aphasia.ca\/\">Aphasia Institute<\/a> (en Anglais seulement)<\/li>\n<li><a href=\"https:\/\/www.aphasia.org\/\">National Aphasia Association<\/a> (en Anglais seulement)<\/li>\n<li><a href=\"https:\/\/www.oac-sac.ca\/page-de-ressources-doac-sensibilisation-%C3%A0-lavc\">Orthophonie et Audiologie Canada (OAC)<\/a><\/li>\n<\/ul>\n<h2>L\u00e9sions c\u00e9r\u00e9brales<\/h2>\n<ul>\n<li><a href=\"https:\/\/www.neuroskills.com\/education-and-resources\/\">Ressources sur les l\u00e9sions c\u00e9r\u00e9brales traumatiques<\/a> (en Anglais seulement)<\/li>\n<li><a href=\"https:\/\/obia.ca\/\">Ontario Brain Injury Association<\/a><\/li>\n<li><a href=\"https:\/\/cdn.ymaws.com\/www.osla.on.ca\/resource\/resmgr\/other_advocacy_content\/concussion_and_slp.pdf\">R\u00f4le de l\u2019orthophonie dans la gestion d\u2019une commotion c\u00e9r\u00e9brale <\/a>&nbsp;(en Anglais seulement)<\/li>\n<\/ul>\n<h2>Dysphagie \/ troubles de d\u00e9glutition<\/h2>\n<ul>\n<li><a href=\"https:\/\/www.asha.org\/Practice-Portal\/Clinical-Topics\/Adult-Dysphagia\/#collapse_1\">American Speech-Language-Hearing Association<\/a> (en Anglais seulement)<\/li>\n<li><a href=\"https:\/\/swallowingdisorderfoundation.com\/\">National Foundation of Swallowing Disorders<\/a> (en Anglais seulement)<\/li>\n<li><a href=\"https:\/\/www.osla.on.ca\">The Ontario Association of Speech-Language Pathologists and Audiologists<\/a><\/li>\n<\/ul>\n<h2>Cancers de la t\u00eate et du cou<\/h2>\n<ul>\n<li><a href=\"https:\/\/www.spohnc.org\/\">Support for People with Oral and Head and Neck Cancer<\/a> (en Anglais seulement)<\/li>\n<li><a href=\"https:\/\/www.webwhispers.org\/\">org&nbsp;: r\u00e9adaptation \u00e0 la suite d\u2019une laryngectomie<\/a> (en Anglais seulement)<\/li>\n<li><a href=\"https:\/\/www.theial.com\/\">International Association of Laryngectomees<\/a> (en Anglais seulement)<\/li>\n<li><a href=\"https:\/\/aqlar.org\/wp-content\/uploads\/2019\/05\/Nouvellevoix-fr.pdf\">Nouvelle voix, nouvelle vie \u2013 Guide \u00e0 l\u2019intention des laryngectomis\u00e9s<\/a><\/li>\n<li><a href=\"https:\/\/www.entnet.org\/sites\/default\/files\/LaryngectomeeGuide.pdf\">The Laryngectomee Guide<\/a> (en Anglais seulement)<\/li>\n<\/ul>\n<h2>Troubles de la voix<\/h2>\n<ul>\n<li><a href=\"https:\/\/www.dysphonia.org\/\">National Spasmodic Dysphonia Association<\/a> (en Anglais seulement)<\/li>\n<li><a href=\"https:\/\/www.ncvs.org\/\">National Center for Voice and Speech<\/a> (en Anglais seulement)<\/li>\n<li><a href=\"https:\/\/voicefoundation.org\/\">The Voice Foundation<\/a> (en Anglais seulement)<\/li>\n<\/ul>\n<h2>Organismes<\/h2>\n<ul>\n<li><a href=\"https:\/\/caslpo.com\/sites\/default\/uploads\/files\/INFO_FR_French_Overview.pdf\">Ordre des audiologistes et des orthophonistes de l\u2019Ontario (OAOO)<\/a><\/li>\n<li><a href=\"https:\/\/www.osla.on.ca\/\">Association ontarienne des orthophonistes et audiologistes (AOOA)<\/a><\/li>\n<li><a href=\"https:\/\/www.oac-sac.ca\/?_ga=2.183721443.411755557.1618938229-782420702.1618938229\">Orthophonie et audiologie Canada (OAC)<\/a><\/li>\n<li><a href=\"https:\/\/www.ooaq.qc.ca\/index.html\">Ordres des orthophonistes et audiologistes du Qu\u00e9bec (OOAQ)<\/a><\/li>\n<\/ul>\n","protected":false},"excerpt":{"rendered":"<p>Aphasie Centre d\u2019aphasie d\u2019Ottawa R\u00e9seau r\u00e9gional des AVC Champlain Fondation des maladies du c\u0153ur (Canada) Aphasia Institute (en Anglais seulement) National Aphasia Association (en Anglais seulement) Orthophonie et Audiologie Canada (OAC) L\u00e9sions c\u00e9r\u00e9brales Ressources sur les l\u00e9sions c\u00e9r\u00e9brales traumatiques (en Anglais seulement) Ontario Brain Injury Association R\u00f4le de l\u2019orthophonie dans la gestion d\u2019une commotion c\u00e9r\u00e9brale [&hellip;]<\/p>\n","protected":false},"author":25,"featured_media":0,"parent":9162,"menu_order":5,"comment_status":"closed","ping_status":"closed","template":"","meta":{"_acf_changed":false,"_mc_calendar":[],"footnotes":""},"class_list":["post-9189","page","type-page","status-publish","hentry"],"acf":[],"wps_subtitle":"","_links":{"self":[{"href":"https:\/\/www.ottawahospital.on.ca\/fr\/wp-json\/wp\/v2\/pages\/9189","targetHints":{"allow":["GET"]}}],"collection":[{"href":"https:\/\/www.ottawahospital.on.ca\/fr\/wp-json\/wp\/v2\/pages"}],"about":[{"href":"https:\/\/www.ottawahospital.on.ca\/fr\/wp-json\/wp\/v2\/types\/page"}],"author":[{"embeddable":true,"href":"https:\/\/www.ottawahospital.on.ca\/fr\/wp-json\/wp\/v2\/users\/25"}],"replies":[{"embeddable":true,"href":"https:\/\/www.ottawahospital.on.ca\/fr\/wp-json\/wp\/v2\/comments?post=9189"}],"version-history":[{"count":0,"href":"https:\/\/www.ottawahospital.on.ca\/fr\/wp-json\/wp\/v2\/pages\/9189\/revisions"}],"up":[{"embeddable":true,"href":"https:\/\/www.ottawahospital.on.ca\/fr\/wp-json\/wp\/v2\/pages\/9162"}],"wp:attachment":[{"href":"https:\/\/www.ottawahospital.on.ca\/fr\/wp-json\/wp\/v2\/media?parent=9189"}],"curies":[{"name":"wp","href":"https:\/\/api.w.org\/{rel}","templated":true}]}}