{"id":9185,"date":"2016-11-21T15:47:34","date_gmt":"2016-11-21T20:47:34","guid":{"rendered":"http:\/\/52.229.122.34\/fr\/?page_id=9185"},"modified":"2016-11-21T15:47:34","modified_gmt":"2016-11-21T20:47:34","slug":"definitions","status":"publish","type":"page","link":"https:\/\/www.ottawahospital.on.ca\/fr\/services-cliniques\/deptpgrmcs\/cliniques-et-services\/services-dorthophonie\/definitions\/","title":{"rendered":"D\u00e9finitions"},"content":{"rendered":"<div class=\"table-responsive\">\n<table class=\"table-bordered table\" \"table-condensed table\">\n<tbody>\n<tr>\n<td><strong>Dispositif vocal pour personne sans larynx<\/strong><br \/>\nAppareil produisant une nouvelle source de son et permettant \u00e0 une personne qui n&rsquo;a plus de larynx de pouvoir parler.<\/td>\n<\/tr>\n<tr>\n<td><strong>Endoscopie \u00e0 fibre optique<br \/>\n<\/strong>Instrument compos\u00e9 de fibres ins\u00e9r\u00e9es dans un tube muni d&rsquo;une cam\u00e9ra au bout, qui peut \u00eatre introduit dans le nez et descendu dans la gorge pour voir le larynx.<\/td>\n<\/tr>\n<tr>\n<td><strong>Langue<\/strong><br \/>\nInterpr\u00e9tation ou expression de la pens\u00e9e par la parole, l&rsquo;\u00e9criture, la lecture ou le geste.<\/td>\n<\/tr>\n<tr>\n<td><strong>Laryngectomis\u00e9<\/strong><br \/>\nPersonne dont le larynx a \u00e9t\u00e9 enlev\u00e9 par chirurgie, la plupart du temps en raison d&rsquo;un cancer. La trach\u00e9e est rattach\u00e9e au milieu du cou, ce qui cr\u00e9e une ouverture (stomie) menant directement aux poumons pour permettre au patient de respirer.<\/td>\n<\/tr>\n<tr>\n<td><strong>Larynx <\/strong><br \/>\nPartie du corps charg\u00e9e de produire la voix et de prot\u00e9ger vos voies a\u00e9riennes quand vous avalez.<\/td>\n<\/tr>\n<tr>\n<td><strong>Maladie d\u00e9g\u00e9n\u00e9rative<\/strong><br \/>\nMaladie progressive qui ne peut pas \u00eatre invers\u00e9e.<\/td>\n<\/tr>\n<tr>\n<td><strong>Parole<\/strong><br \/>\nProduction m\u00e9canique de sons, de mots et de phrases.<\/td>\n<\/tr>\n<tr>\n<td><strong>Suppl\u00e9ance \u00e0 la communication<\/strong><br \/>\nApproche con\u00e7ue pour aider les personnes qui ne peuvent pas communiquer verbalement \u00e0 s\u2019exprimer (p. ex. un tableau de communication par images).<\/td>\n<\/tr>\n<tr>\n<td><strong>Tableau de communication<\/strong><br \/>\nS\u00e9rie d&rsquo;images, de mots et d&rsquo;autres symboles qu&rsquo;on peut pointer pour aider \u00e0 communiquer quand on ne peut pas parler.<\/td>\n<\/tr>\n<tr>\n<td><strong>Trach\u00e9otomie <\/strong><br \/>\nCr\u00e9ation, par chirurgie, d&rsquo;une ouverture dans la trach\u00e9e.<\/td>\n<\/tr>\n<tr>\n<td><strong>Troubles cognitifs de la communication<\/strong><br \/>\nDifficult\u00e9s qui peuvent nuire \u00e0 la concentration, \u00e0 la m\u00e9moire, \u00e0 l\u2019organisation, au raisonnement, \u00e0 la planification et \u00e0 la r\u00e9solution de probl\u00e8mes. Ces difficult\u00e9s peuvent toucher tous les aspects de la communication (\u00e9coute, parole, lecture, \u00e9criture et conversation).<\/td>\n<\/tr>\n<tr>\n<td><strong>Vid\u00e9ofluoroscopie<br \/>\n<\/strong>Test effectu\u00e9 en radiologie pouvant servir \u00e0 \u00e9valuer les probl\u00e8mes de d\u00e9glutition. On demande au patient d&rsquo;avaler une petite quantit\u00e9 de baryum. On peut voir sur un \u00e9cran vid\u00e9o le chemin que suit le baryum et l&rsquo;analyser.<\/td>\n<\/tr>\n<\/tbody>\n<\/table>\n<\/div>\n","protected":false},"excerpt":{"rendered":"<p>Dispositif vocal pour personne sans larynx Appareil produisant une nouvelle source de son et permettant \u00e0 une personne qui n&rsquo;a plus de larynx de pouvoir parler. Endoscopie \u00e0 fibre optique Instrument compos\u00e9 de fibres ins\u00e9r\u00e9es dans un tube muni d&rsquo;une cam\u00e9ra au bout, qui peut \u00eatre introduit dans le nez et descendu dans la gorge [&hellip;]<\/p>\n","protected":false},"author":25,"featured_media":0,"parent":9162,"menu_order":4,"comment_status":"closed","ping_status":"closed","template":"","meta":{"_acf_changed":false,"_mc_calendar":[],"footnotes":""},"class_list":["post-9185","page","type-page","status-publish","hentry"],"acf":[],"wps_subtitle":"","_links":{"self":[{"href":"https:\/\/www.ottawahospital.on.ca\/fr\/wp-json\/wp\/v2\/pages\/9185","targetHints":{"allow":["GET"]}}],"collection":[{"href":"https:\/\/www.ottawahospital.on.ca\/fr\/wp-json\/wp\/v2\/pages"}],"about":[{"href":"https:\/\/www.ottawahospital.on.ca\/fr\/wp-json\/wp\/v2\/types\/page"}],"author":[{"embeddable":true,"href":"https:\/\/www.ottawahospital.on.ca\/fr\/wp-json\/wp\/v2\/users\/25"}],"replies":[{"embeddable":true,"href":"https:\/\/www.ottawahospital.on.ca\/fr\/wp-json\/wp\/v2\/comments?post=9185"}],"version-history":[{"count":0,"href":"https:\/\/www.ottawahospital.on.ca\/fr\/wp-json\/wp\/v2\/pages\/9185\/revisions"}],"up":[{"embeddable":true,"href":"https:\/\/www.ottawahospital.on.ca\/fr\/wp-json\/wp\/v2\/pages\/9162"}],"wp:attachment":[{"href":"https:\/\/www.ottawahospital.on.ca\/fr\/wp-json\/wp\/v2\/media?parent=9185"}],"curies":[{"name":"wp","href":"https:\/\/api.w.org\/{rel}","templated":true}]}}