{"id":9181,"date":"2016-11-21T15:45:03","date_gmt":"2016-11-21T20:45:03","guid":{"rendered":"http:\/\/52.229.122.34\/fr\/?page_id=9181"},"modified":"2021-05-21T11:55:59","modified_gmt":"2021-05-21T15:55:59","slug":"services-pour-les-patients-externes","status":"publish","type":"page","link":"https:\/\/www.ottawahospital.on.ca\/fr\/services-cliniques\/deptpgrmcs\/cliniques-et-services\/services-dorthophonie\/services-pour-les-patients-externes\/","title":{"rendered":"Services pour les patients externes"},"content":{"rendered":"<p>\u00c0 L\u2019H\u00f4pital d\u2019Ottawa, nous offrons des services d\u2019orthophonie en fran\u00e7ais et en anglais. Nous pouvons aussi obtenir les services d\u2019un interpr\u00e8te au besoin.<\/p>\n<ul>\n<li>Tous les patients doivent avoir une carte d\u2019assurance-sant\u00e9 provinciale valide.<\/li>\n<li>Toute consultation doit \u00eatre envoy\u00e9e par un m\u00e9decin de L\u2019H\u00f4pital d\u2019Ottawa.<\/li>\n<\/ul>\n<h2>Services pour les patients externes<\/h2>\n<p>Les orthophonistes travaillent aussi de fa\u00e7on individuelle ou au sein d\u2019\u00e9quipes multidisciplinaires pour offrir divers services aux patients externes. Ces services comprennent l\u2019\u00e9valuation et la gestion des troubles suivants\u00a0:<\/p>\n<ul>\n<li>troubles de d\u00e9glutition (\u00e9tudes de la d\u00e9glutition par vid\u00e9ofluoroscopie)<\/li>\n<li>changements dans la communication apr\u00e8s une laryngectomie (y compris l\u2019\u00e9tablissement de la voix trach\u00e9o\u0153sophagienne)<\/li>\n<li>communication \u00e0 l\u2019aide d\u2019appareils de suppl\u00e9ance \u00e0 la communication orale\u00a0et\u00a0\u00e9crite<\/li>\n<li>trouble de la voix (\u00e9valuation seulement)<\/li>\n<li>troubles de communication et troubles cognitifs apr\u00e8s une l\u00e9sion c\u00e9r\u00e9brale<\/li>\n<\/ul>\n<h3>\u00c9valuation de la d\u00e9glutition<\/h3>\n<p>Une consultation d\u2019un m\u00e9decin ayant des privil\u00e8ges d\u2019admission \u00e0 L\u2019H\u00f4pital d\u2019Ottawa est requise afin d\u2019obtenir un rendez-vous pour l\u2019\u00e9valuation de la d\u00e9glutition, y compris une \u00e9tude de la d\u00e9glutition par vid\u00e9ofluoroscopie (campus G\u00e9n\u00e9ral ou Civic).<\/p>\n<p>Les consultations peuvent \u00eatre transmises dans Epic ou par t\u00e9l\u00e9copieur (613-739-6164).<\/p>\n<h3>Oncologie<\/h3>\n<p>Nous acceptons les recommandations de m\u00e9decins de L\u2019H\u00f4pital d\u2019Ottawa pour les patients qui re\u00e7oivent un traitement contre le cancer (chirurgie, radioth\u00e9rapie, chimioth\u00e9rapie\/immunoth\u00e9rapie). Adressez-vous \u00e0 votre m\u00e9decin ou \u00e0 un autre membre de votre \u00e9quipe de soins pour obtenir une consultation en orthophonie.<\/p>\n<h3>Voix<\/h3>\n<p>L\u2019\u00e9valuation et la gestion des troubles de la voix ont lieu dans le cadre d\u2019une clinique d\u2019oto-rhino-laryngologie multidisciplinaire. Les patients ayant besoin de th\u00e9rapie de la voix devraient obtenir une consultation en orthophonie en clinique priv\u00e9e. Les patients ayant besoin d\u2019une \u00e9valuation laryng\u00e9e devraient obtenir une consultation en oto-rhino-laryngologie.<\/p>\n<h3>Centre de r\u00e9adaptation de L\u2019H\u00f4pital d\u2019Ottawa<\/h3>\n<p>Nous acceptons uniquement les demandes de consultation de m\u00e9decins au Centre de r\u00e9adaptation de L\u2019H\u00f4pital d\u2019Ottawa. Les consultations en physiatrie (pour voir un m\u00e9decin sp\u00e9cialis\u00e9 en r\u00e9adaptation) peuvent provenir d\u2019un m\u00e9decin de l\u2019H\u00f4pital ou de la collectivit\u00e9. Le m\u00e9decin doit y pr\u00e9ciser la raison qui justifie les services d\u2019orthophonie et la demande pour une \u00e9valuation en physiatrie.<\/p>\n<p>Les patients externes peuvent recevoir des services d\u2019orthophonie pour\u00a0:<\/p>\n<ul>\n<li>des probl\u00e8mes de communication et de cognition par l\u2019entremise du programme de jour des l\u00e9sions c\u00e9r\u00e9brales acquises<\/li>\n<li>la suppl\u00e9ance \u00e0 la communication par l\u2019entremise du Service de suppl\u00e9ance \u00e0 la communication orale et \u00e9crite (ACWS)<\/li>\n<li>des troubles de d\u00e9glutition secondaires \u00e0 un trouble neuromusculaire<\/li>\n<li>des troubles de communication et de d\u00e9glutition par l\u2019entremise de la Clinique de la SLA<\/li>\n<\/ul>\n<p>Les demandes de consultation doivent \u00eatre envoy\u00e9es par t\u00e9l\u00e9copieur au Service des admissions du Centre de r\u00e9adaptation de L\u2019H\u00f4pital d\u2019Ottawa, au 613-733-8336.<\/p>\n<p>Adressez-vous \u00e0 votre m\u00e9decin ou \u00e0 un autre membre de votre \u00e9quipe de soins pour obtenir une consultation en orthophonie.<\/p>\n","protected":false},"excerpt":{"rendered":"<p>\u00c0 L\u2019H\u00f4pital d\u2019Ottawa, nous offrons des services d\u2019orthophonie en fran\u00e7ais et en anglais. Nous pouvons aussi obtenir les services d\u2019un interpr\u00e8te au besoin. Tous les patients doivent avoir une carte d\u2019assurance-sant\u00e9 provinciale valide. Toute consultation doit \u00eatre envoy\u00e9e par un m\u00e9decin de L\u2019H\u00f4pital d\u2019Ottawa. Services pour les patients externes Les orthophonistes travaillent aussi de fa\u00e7on [&hellip;]<\/p>\n","protected":false},"author":25,"featured_media":0,"parent":9162,"menu_order":3,"comment_status":"closed","ping_status":"closed","template":"","meta":{"_acf_changed":false,"_mc_calendar":[],"footnotes":""},"class_list":["post-9181","page","type-page","status-publish","hentry"],"acf":[],"wps_subtitle":"","_links":{"self":[{"href":"https:\/\/www.ottawahospital.on.ca\/fr\/wp-json\/wp\/v2\/pages\/9181","targetHints":{"allow":["GET"]}}],"collection":[{"href":"https:\/\/www.ottawahospital.on.ca\/fr\/wp-json\/wp\/v2\/pages"}],"about":[{"href":"https:\/\/www.ottawahospital.on.ca\/fr\/wp-json\/wp\/v2\/types\/page"}],"author":[{"embeddable":true,"href":"https:\/\/www.ottawahospital.on.ca\/fr\/wp-json\/wp\/v2\/users\/25"}],"replies":[{"embeddable":true,"href":"https:\/\/www.ottawahospital.on.ca\/fr\/wp-json\/wp\/v2\/comments?post=9181"}],"version-history":[{"count":0,"href":"https:\/\/www.ottawahospital.on.ca\/fr\/wp-json\/wp\/v2\/pages\/9181\/revisions"}],"up":[{"embeddable":true,"href":"https:\/\/www.ottawahospital.on.ca\/fr\/wp-json\/wp\/v2\/pages\/9162"}],"wp:attachment":[{"href":"https:\/\/www.ottawahospital.on.ca\/fr\/wp-json\/wp\/v2\/media?parent=9181"}],"curies":[{"name":"wp","href":"https:\/\/api.w.org\/{rel}","templated":true}]}}