{"id":9177,"date":"2016-11-21T15:42:30","date_gmt":"2016-11-21T20:42:30","guid":{"rendered":"http:\/\/52.229.122.34\/fr\/?page_id=9177"},"modified":"2021-05-21T11:48:37","modified_gmt":"2021-05-21T15:48:37","slug":"patients-hospitalises","status":"publish","type":"page","link":"https:\/\/www.ottawahospital.on.ca\/fr\/services-cliniques\/deptpgrmcs\/cliniques-et-services\/services-dorthophonie\/patients-hospitalises\/","title":{"rendered":"Patients hospitalis\u00e9s"},"content":{"rendered":"<p class=\"intro-text1\">\u00c0 L\u2019H\u00f4pital d\u2019Ottawa, nous offrons des services d\u2019orthophonie en fran\u00e7ais et en anglais. Nous pouvons aussi obtenir les services d\u2019un interpr\u00e8te au besoin.<\/p>\n<h2>Services pour les patients hospitalis\u00e9s<\/h2>\n<div id=\"attachment_9175\" style=\"width: 430px\" class=\"wp-caption alignright\"><img decoding=\"async\" aria-describedby=\"caption-attachment-9175\" class=\"img-responsive alignright\" src=\"\/wp-content\/uploads\/2016\/11\/inpatient.jpg\" alt=\"Speech-Language Pathologists with Patient preparing for Fiberoptic Endoscopic Evaluation of Swallowing (FEES)\" width=\"420\" height=\"315\" \/><p id=\"caption-attachment-9175\" class=\"wp-caption-text\">Des orthophonistes avec un patient, se pr\u00e9parant \u00e0 une \u00e9valuation de la d\u00e9glutition au moyen d&rsquo;un appareil d&rsquo;endoscopie par fibre optique.<\/p><\/div>\n<p>Les orthophonistes \u00e9valuent et prennent en charge les troubles de la parole, du langage, de la voix, de la communication cognitivo-verbale, de m\u00eame que de la d\u00e9glutition (difficult\u00e9 \u00e0 avaler). En collaboration avec le patient, ses proches et l\u2019\u00e9quipe de soins, l\u2019orthophoniste aide \u00e0 rendre le retour \u00e0 la maison du patient le plus s\u00e9curitaire possible. Les \u00e9valuations et les recommandations sont centr\u00e9es sur le patient et ses proches, et visent \u00e0 am\u00e9liorer la qualit\u00e9 de vie des patients une fois qu\u2019ils quittent l\u2019h\u00f4pital. Les services d\u2019orthophonie sont offerts dans toutes les unit\u00e9s de soins \u00e0 L\u2019H\u00f4pital d\u2019Ottawa, incluant au Campus Civic, au Campus G\u00e9n\u00e9ral, \u00e0 l\u2019Institut de cardiologie de l\u2019Universit\u00e9 d\u2019Ottawa, au Centre de canc\u00e9rologie et au Centre de r\u00e9adaptation.<\/p>\n<p>Bon nombre d\u2019orthophonistes \u00e0 l\u2019H\u00f4pital sont sp\u00e9cialement form\u00e9es et qualifi\u00e9es pour effectuer :<\/p>\n<ul>\n<li>Videofluoroscopic swallow studies (VFSS)<\/li>\n<li>Fiberoptic endoscopic evaluation of swallowing (FEES)<\/li>\n<li>Management of tracheoesophageal voice prostheses following total laryngectomy<\/li>\n<\/ul>\n<h3>Services pour les patients hospitalis\u00e9s au Centre de r\u00e9adaptation de L\u2019H\u00f4pital d\u2019Ottawa<\/h3>\n<p>Les services d\u2019orthophonie sont offerts au sein des programmes suivants\u00a0:<\/p>\n<ul>\n<li>l\u00e9sions c\u00e9r\u00e9brales acquises<\/li>\n<li>soins locomoteurs (incluant l\u2019amputation, troubles respiratoires, douleur chronique et troubles orthop\u00e9diques complexes)<\/li>\n<li>soins neuromusculaires (incluant la scl\u00e9rose lat\u00e9rale amyotrophique, la scl\u00e9rose en plaques, la paralysie c\u00e9r\u00e9brale et les l\u00e9sions de la moelle \u00e9pini\u00e8re)<\/li>\n<li>r\u00e9adaptation \u00e0 court terme<\/li>\n<\/ul>\n<h3>Consultations \u00e0 l\u2019interne<\/h3>\n<p>Les patients hospitalis\u00e9s peuvent obtenir une consultation en orthophonie d\u2019un m\u00e9decin ou d\u2019un autre professionnel de la sant\u00e9. Adressez-vous \u00e0 votre m\u00e9decin ou \u00e0 un autre membre de votre \u00e9quipe de soins pour toute inqui\u00e9tude li\u00e9e \u00e0 la communication ou \u00e0 la d\u00e9glutition.<\/p>\n<div class=\"card\">\n<h2 class=\"card-header h2-mock\">Nous joindre<\/h2>\n<div class=\"card-body\">\n<p><strong>T\u00e9l. :<\/strong> 613-737-8899, poste 71348 ou 78254<\/p>\n<p><strong>T\u00e9l\u00e9c. :<\/strong> 613-739-6164<\/p>\n<\/div>\n<\/div>\n","protected":false},"excerpt":{"rendered":"<p>\u00c0 L\u2019H\u00f4pital d\u2019Ottawa, nous offrons des services d\u2019orthophonie en fran\u00e7ais et en anglais. Nous pouvons aussi obtenir les services d\u2019un interpr\u00e8te au besoin. Services pour les patients hospitalis\u00e9s Les orthophonistes \u00e9valuent et prennent en charge les troubles de la parole, du langage, de la voix, de la communication cognitivo-verbale, de m\u00eame que de la d\u00e9glutition [&hellip;]<\/p>\n","protected":false},"author":25,"featured_media":0,"parent":9162,"menu_order":2,"comment_status":"closed","ping_status":"closed","template":"","meta":{"_acf_changed":false,"_mc_calendar":[],"footnotes":""},"class_list":["post-9177","page","type-page","status-publish","hentry"],"acf":[],"wps_subtitle":"","_links":{"self":[{"href":"https:\/\/www.ottawahospital.on.ca\/fr\/wp-json\/wp\/v2\/pages\/9177","targetHints":{"allow":["GET"]}}],"collection":[{"href":"https:\/\/www.ottawahospital.on.ca\/fr\/wp-json\/wp\/v2\/pages"}],"about":[{"href":"https:\/\/www.ottawahospital.on.ca\/fr\/wp-json\/wp\/v2\/types\/page"}],"author":[{"embeddable":true,"href":"https:\/\/www.ottawahospital.on.ca\/fr\/wp-json\/wp\/v2\/users\/25"}],"replies":[{"embeddable":true,"href":"https:\/\/www.ottawahospital.on.ca\/fr\/wp-json\/wp\/v2\/comments?post=9177"}],"version-history":[{"count":0,"href":"https:\/\/www.ottawahospital.on.ca\/fr\/wp-json\/wp\/v2\/pages\/9177\/revisions"}],"up":[{"embeddable":true,"href":"https:\/\/www.ottawahospital.on.ca\/fr\/wp-json\/wp\/v2\/pages\/9162"}],"wp:attachment":[{"href":"https:\/\/www.ottawahospital.on.ca\/fr\/wp-json\/wp\/v2\/media?parent=9177"}],"curies":[{"name":"wp","href":"https:\/\/api.w.org\/{rel}","templated":true}]}}