{"id":9108,"date":"2016-11-18T17:29:36","date_gmt":"2016-11-18T22:29:36","guid":{"rendered":"http:\/\/52.229.122.34\/fr\/?page_id=9108"},"modified":"2021-09-21T10:01:15","modified_gmt":"2021-09-21T14:01:15","slug":"cliniques-de-pneumologie","status":"publish","type":"page","link":"https:\/\/www.ottawahospital.on.ca\/fr\/services-cliniques\/deptpgrmcs\/cliniques-et-services\/cliniques-de-pneumologie\/","title":{"rendered":"Cliniques de pneumologie"},"content":{"rendered":"<h2>Vue d\u2019ensemble<\/h2>\n<p>Aux cliniques de pneumologie, on \u00e9value les patients qui ont des difficult\u00e9s respiratoires. Ces cliniques travaillent en \u00e9troite collaboration avec les services de diagnostic comme le laboratoire d&rsquo;analyse des fonctions respiratoires et la radiologie, ainsi que l&rsquo;unit\u00e9 de bronchoscopie en endoscopie, pour pouvoir offrir un diagnostic aux patients. Une fois le diagnostic \u00e9tabli, le m\u00e9decin peut faire traiter le patient de fa\u00e7on ad\u00e9quate.<\/p>\n<p>\u00c0 la clinique, un th\u00e9rapeute respiratoire assure l&rsquo;\u00e9valuation et le traitement des patients ayant des difficult\u00e9s respiratoires. On offre un enseignement aux patients qui souffrent de troubles obstructifs ou allergiques ou d&rsquo;autres troubles li\u00e9s \u00e0 la fonction respiratoire.<\/p>\n<p>Il y a des cliniques de pneumologie aux campus Civic, G\u00e9n\u00e9ral et Riverside. Il faut une recommandation de m\u00e9decin pour toute visite aux cliniques et toute analyse des fonctions respiratoires. Aux trois campus on offre des analyses des fonctions respiratoires et l&rsquo;\u00e9valuation en vue de l&rsquo;oxyg\u00e8ne suppl\u00e9mentaire, ind\u00e9pendamment des cliniques de pneumologie.<\/p>\n<h2>Rendez\u2013vous<\/h2>\n<p>Recommandation d&rsquo;un m\u00e9decin<\/p>\n<p><strong>G\u00e9n\u00e9ral <\/strong>: Mardi, 12 h 30 \u00e0 16 h 30<\/p>\n<h2>Pour nous joindre<\/h2>\n<p><strong>Campus G\u00e9n\u00e9ral <\/strong>: \u00c9difice principal, 6<sup>e<\/sup>&nbsp;\u00e9tage, salle 6310<\/p>\n<p>613-737-8899 x 78100<\/p>\n","protected":false},"excerpt":{"rendered":"<p>Vue d\u2019ensemble Aux cliniques de pneumologie, on \u00e9value les patients qui ont des difficult\u00e9s respiratoires. Ces cliniques travaillent en \u00e9troite collaboration avec les services de diagnostic comme le laboratoire d&rsquo;analyse des fonctions respiratoires et la radiologie, ainsi que l&rsquo;unit\u00e9 de bronchoscopie en endoscopie, pour pouvoir offrir un diagnostic aux patients. Une fois le diagnostic \u00e9tabli, [&hellip;]<\/p>\n","protected":false},"author":25,"featured_media":0,"parent":7872,"menu_order":65,"comment_status":"closed","ping_status":"closed","template":"","meta":{"_acf_changed":false,"_mc_calendar":[],"footnotes":""},"class_list":["post-9108","page","type-page","status-publish","hentry"],"acf":[],"wps_subtitle":"","_links":{"self":[{"href":"https:\/\/www.ottawahospital.on.ca\/fr\/wp-json\/wp\/v2\/pages\/9108","targetHints":{"allow":["GET"]}}],"collection":[{"href":"https:\/\/www.ottawahospital.on.ca\/fr\/wp-json\/wp\/v2\/pages"}],"about":[{"href":"https:\/\/www.ottawahospital.on.ca\/fr\/wp-json\/wp\/v2\/types\/page"}],"author":[{"embeddable":true,"href":"https:\/\/www.ottawahospital.on.ca\/fr\/wp-json\/wp\/v2\/users\/25"}],"replies":[{"embeddable":true,"href":"https:\/\/www.ottawahospital.on.ca\/fr\/wp-json\/wp\/v2\/comments?post=9108"}],"version-history":[{"count":0,"href":"https:\/\/www.ottawahospital.on.ca\/fr\/wp-json\/wp\/v2\/pages\/9108\/revisions"}],"up":[{"embeddable":true,"href":"https:\/\/www.ottawahospital.on.ca\/fr\/wp-json\/wp\/v2\/pages\/7872"}],"wp:attachment":[{"href":"https:\/\/www.ottawahospital.on.ca\/fr\/wp-json\/wp\/v2\/media?parent=9108"}],"curies":[{"name":"wp","href":"https:\/\/api.w.org\/{rel}","templated":true}]}}