{"id":9100,"date":"2016-11-18T17:15:06","date_gmt":"2016-11-18T22:15:06","guid":{"rendered":"http:\/\/52.229.122.34\/fr\/?page_id=9100"},"modified":"2017-01-03T10:50:36","modified_gmt":"2017-01-03T15:50:36","slug":"readaptation-respiratoire-pour-les-personnes-atteintes-de-bronchopneumopathie-chronique-obstructive","status":"publish","type":"page","link":"https:\/\/www.ottawahospital.on.ca\/fr\/services-cliniques\/deptpgrmcs\/cliniques-et-services\/readaptation-respiratoire-pour-les-personnes-atteintes-de-bronchopneumopathie-chronique-obstructive\/","title":{"rendered":"R\u00e9adaptation respiratoire pour les personnes atteintes de bronchopneumopathie chronique obstructive"},"content":{"rendered":"<h2>Vue d\u2019ensemble<\/h2>\n<p>Le Service de r\u00e9adaptation respiratoire du Centre de r\u00e9adaptation est con\u00e7u pour aider les patients atteints de maladie pulmonaire chronique \u00e0 accro\u00eetre leur capacit\u00e9 de vivre ind\u00e9pendamment au sein de la collectivit\u00e9 et \u00e0 s\u2019adapter aux restrictions physiques que leur impose leur maladie.<\/p>\n<h2>Nos services<\/h2>\n<p>Nos services sont divis\u00e9s en deux cat\u00e9gories\u00a0:<\/p>\n<p><a href=\"\/fr\/services-cliniques\/deptpgrmcs\/departements\/centre-de-readaptation\/services-et-cliniques\/programme-des-troubles-locomoteurs\/programme-de-readaptation-respiratoire-en-cas-de-maladie-pulmonaire-obstructive-chronique\/\">R\u00e9adaptation respiratoire pour les personnes atteintes de bronchopneumopathie chronique obstructive<\/a><br \/>\nLa r\u00e9adaptation respiratoire comprend l\u2019entra\u00eenement d\u2019endurance, l\u2019enseignement et la gestion des sympt\u00f4mes de la maladie et de l\u2019incapacit\u00e9. Ces activit\u00e9s se recoupent et ensemble contribuent \u00e0 am\u00e9liorer la qualit\u00e9 de vie, accro\u00eetre l\u2019autonomie et r\u00e9duire l\u2019incapacit\u00e9 ainsi que les hospitalisations li\u00e9es aux troubles respiratoires.<\/p>\n<p>En fonction des objectifs du patient, les membres de l\u2019\u00e9quipe \u00e9laborent un programme personnalis\u00e9 offert dans des s\u00e9ances de groupe et des s\u00e9ances individuelles<\/p>\n<p><a href=\"\/fr\/services-cliniques\/deptpgrmcs\/departements\/centre-de-readaptation\/services-et-cliniques\/programme-des-troubles-neuromusculaires\/readaptation-respiratoire-en-cas-de-maladie-neuromusculaire\/\">R\u00e9adaptation respiratoire pour les personnes atteintes de maladie neuromusculaire<\/a><br \/>\nLes objectifs \u00e0 long terme pour les patients atteints de maladie neuromusculaire ou de l\u00e9sion \u00e0 la moelle \u00e9pini\u00e8re sont d\u2019accro\u00eetre le volume pulmonaire et l\u2019\u00e9lasticit\u00e9 des poumons et de la cage thoracique, d\u2019am\u00e9liorer l\u2019efficacit\u00e9 de la toux et de pr\u00e9venir l\u2019infection. Ces objectifs sont atteints par le recrutement du volume pulmonaire \u00e0 l\u2019aide d\u2019un ballon de r\u00e9animation modifi\u00e9, de l\u2019appareil CoughAssist ou d\u2019un ventilateur m\u00e9canique avec embout buccal pour la ventilation \u00e0 domicile.<\/p>\n<p>On pr\u00e9sente aux patients qui ont besoin d\u2019aide respiratoire la nuit ou 24\u00a0heures par jour divers appareils respiratoires, surtout non effractif. Un th\u00e9rapeute respiratoire comp\u00e9tent \u00e9value diverses interfaces et divers modes de ventilation en vue de choisir ce qui est le mieux adapt\u00e9 au patient et de pr\u00e9venir la n\u00e9cessit\u00e9 d\u2019une trach\u00e9ostomie.<\/p>\n<h2>Notre \u00e9quipe<\/h2>\n<p>L\u2019\u00e9quipe de r\u00e9adaptation respiratoire est multidisciplinaire et offre des services ax\u00e9s sur le patient et sa famille. L\u2019\u00e9quipe comprend les personnes suivantes\u00a0:<\/p>\n<ul>\n<li>Pneumologue<\/li>\n<li>Personnel infirmier<\/li>\n<li>Th\u00e9rapeute respiratoire<\/li>\n<li>Physioth\u00e9rapeute<\/li>\n<li>Ergoth\u00e9rapeute<\/li>\n<li>Pharmacien<\/li>\n<li>Psychologue<\/li>\n<li>Di\u00e9t\u00e9tiste clinicien<\/li>\n<li>Travailleuse sociale<\/li>\n<\/ul>\n<p>D\u2019autres sp\u00e9cialistes de la sant\u00e9 sont disponibles au besoin.<\/p>\n<p>Les membres de l\u2019\u00e9quipe de r\u00e9adaptation collaborent pour aider les patients \u00e0 atteindre et maintenir leurs objectifs.<\/p>\n<h2>Rendez-vous<\/h2>\n<p>Le patient doit avoir une recommandation d\u2019un m\u00e9decin de famille ou d\u2019un sp\u00e9cialiste. Une fois que nous avons re\u00e7u une recommandation ou une lettre de consultation du m\u00e9decin, le patient doit franchir les \u00e9tapes suivantes\u00a0:<\/p>\n<ul>\n<li>Il re\u00e7oit un appel t\u00e9l\u00e9phonique de l\u2019infirmi\u00e8re de la clinique pour fixer une consultation initiale au Centre de r\u00e9adaptation.<\/li>\n<li>Lors de la premi\u00e8re visite, le pneumologue fait une \u00e9valuation et le patient subit des \u00e9preuves fonctionnelles respiratoires (tests de respiration). Cette \u00e9valuation permet de d\u00e9terminer si le patient peut b\u00e9n\u00e9ficier de la r\u00e9adaptation.<\/li>\n<li>On fixe alors un rendez-vous pour que le patient subisse une \u00e9preuve d\u2019effort pr\u00e9alable sur un v\u00e9lo d\u2019exercice.<\/li>\n<li>Le candidat \u00e0 la r\u00e9adaptation respiratoire participe \u00e0 un processus d\u2019\u00e9valuation multidisciplinaire. L\u2019infirmi\u00e8re clinicienne du service commence l\u2019\u00e9valuation en recueillant de l\u2019information pertinente sur la sant\u00e9 du patient, sur ses capacit\u00e9s physiques et sur son niveau actuel de fonctionnement. Cette \u00e9valuation globale a pour but de travailler avec le patient pour pr\u00e9ciser ses objectifs de r\u00e9adaptation.<\/li>\n<li>En fonction des r\u00e9sultats de ces \u00e9valuations et des besoins du patient, la personne est inscrite au programme de r\u00e9adaptation respiratoire, \u00e0 titre de patient externe ou hospitalis\u00e9.<\/li>\n<\/ul>\n<h2>Nous joindre<\/h2>\n<p>Num\u00e9ro de t\u00e9l\u00e9phone principal du bureau\u00a0: 613-737-7350, poste 75318<br \/>\nNum\u00e9ro de t\u00e9l\u00e9copieur\u00a0: 613-736-9054<br \/>\nCentre de r\u00e9adaptation de L&rsquo;H\u00f4pital d&rsquo;Ottawa<\/p>\n","protected":false},"excerpt":{"rendered":"<p>Vue d\u2019ensemble Le Service de r\u00e9adaptation respiratoire du Centre de r\u00e9adaptation est con\u00e7u pour aider les patients atteints de maladie pulmonaire chronique \u00e0 accro\u00eetre leur capacit\u00e9 de vivre ind\u00e9pendamment au sein de la collectivit\u00e9 et \u00e0 s\u2019adapter aux restrictions physiques que leur impose leur maladie. Nos services Nos services sont divis\u00e9s en deux cat\u00e9gories\u00a0: R\u00e9adaptation [&hellip;]<\/p>\n","protected":false},"author":25,"featured_media":0,"parent":7872,"menu_order":63,"comment_status":"closed","ping_status":"closed","template":"","meta":{"_acf_changed":false,"_mc_calendar":[],"footnotes":""},"class_list":["post-9100","page","type-page","status-publish","hentry"],"acf":[],"wps_subtitle":"","_links":{"self":[{"href":"https:\/\/www.ottawahospital.on.ca\/fr\/wp-json\/wp\/v2\/pages\/9100","targetHints":{"allow":["GET"]}}],"collection":[{"href":"https:\/\/www.ottawahospital.on.ca\/fr\/wp-json\/wp\/v2\/pages"}],"about":[{"href":"https:\/\/www.ottawahospital.on.ca\/fr\/wp-json\/wp\/v2\/types\/page"}],"author":[{"embeddable":true,"href":"https:\/\/www.ottawahospital.on.ca\/fr\/wp-json\/wp\/v2\/users\/25"}],"replies":[{"embeddable":true,"href":"https:\/\/www.ottawahospital.on.ca\/fr\/wp-json\/wp\/v2\/comments?post=9100"}],"version-history":[{"count":0,"href":"https:\/\/www.ottawahospital.on.ca\/fr\/wp-json\/wp\/v2\/pages\/9100\/revisions"}],"up":[{"embeddable":true,"href":"https:\/\/www.ottawahospital.on.ca\/fr\/wp-json\/wp\/v2\/pages\/7872"}],"wp:attachment":[{"href":"https:\/\/www.ottawahospital.on.ca\/fr\/wp-json\/wp\/v2\/media?parent=9100"}],"curies":[{"name":"wp","href":"https:\/\/api.w.org\/{rel}","templated":true}]}}