{"id":9087,"date":"2016-11-18T17:04:18","date_gmt":"2016-11-18T22:04:18","guid":{"rendered":"http:\/\/52.229.122.34\/fr\/?page_id=9087"},"modified":"2025-02-10T18:19:46","modified_gmt":"2025-02-10T23:19:46","slug":"defecographie","status":"publish","type":"page","link":"https:\/\/www.ottawahospital.on.ca\/fr\/services-cliniques\/deptpgrmcs\/cliniques-et-services\/defecographie\/","title":{"rendered":"D\u00e9f\u00e9cographie (ou proctographie)D\u00e9f\u00e9cographie"},"content":{"rendered":"<p>La <strong>d\u00e9f\u00e9cographie<\/strong> (qu\u2019on appelle aussi \u00ab\u00a0<strong>proctographie\u00a0<\/strong>\u00bb) est un examen d\u2019imagerie diagnostique qui fait appel \u00e0 l\u2019imagerie par r\u00e9sonance magn\u00e9tique (IRM) pour visualiser le fonctionnement du plancher pelvien pendant la d\u00e9f\u00e9cation. Au cours de cet examen, des images du rectum et des organes avoisinants sont enregistr\u00e9es pendant la d\u00e9f\u00e9cation. Le radiologue analysera ensuite ces images pour cerner ou comprendre tout trouble de la fonction anorectale.<\/p>\n<p>\u00c0 L\u2019H\u00f4pital d\u2019Ottawa, cet examen est r\u00e9alis\u00e9 dans un appareil d\u2019IRM. Le patient est allong\u00e9 sur le dos, et ses jambes reposent sur des coussins pour simuler une position assise.<\/p>\n<p>La d\u00e9f\u00e9cographie peut \u00eatre indiqu\u00e9e pour les raisons suivantes\u00a0:<\/p>\n<ul>\n<li>\u00e9valuer les sympt\u00f4mes d\u2019une obstruction (d\u00e9f\u00e9cation bloqu\u00e9e) de l\u2019orifice du rectum.<\/li>\n<li>diagnostiquer une invagination rectale interne, une ent\u00e9roc\u00e8le, un anisme, une rectoc\u00e8le ou une sigmo\u00efdoc\u00e8le.<\/li>\n<li>voir les r\u00e9sultats d\u2019une chirurgie r\u00e9alis\u00e9e pour d\u00e9sobstruer (d\u00e9f\u00e9cation bloqu\u00e9e) l\u2019orifice du rectum.<\/li>\n<\/ul>\n<p>Le jour de votre examen, vous devrez vous donner un <strong>lavement rectal Fleet 2 \u00e0 3\u00a0heures avant l\u2019IRM<\/strong>. Le lavement fait en sorte que le rectum est vide. Vous devrez apporter une couche pour adulte \u00e0 l\u2019H\u00f4pital. Vous pouvez vous procurer le lavement Fleet et la couche pour adulte \u00e0 votre pharmacie.<\/p>\n<p>\u00c0 votre arriv\u00e9e, vous devrez enfiler une blouse d\u2019h\u00f4pital et la couche pour adulte. Par la suite, vous discuterez avec le technologue en IRM, qui passera en revue les consignes de s\u00e9curit\u00e9 avec vous et vous expliquera dans le d\u00e9tail le d\u00e9roulement de l\u2019examen.<\/p>\n<p>Ensuite, le technologue en IRM vous accompagnera dans la salle d\u2019IRM et vous demandera de vous allonger sur le c\u00f4t\u00e9 sur la table d\u2019examen. Un radiologue entrera alors dans la salle pour effectuer l\u2019examen en suivant les \u00e9tapes d\u00e9crites ci-dessous.<\/p>\n<p>D\u2019abord, le radiologue ins\u00e9rera un tube dans votre rectum afin d\u2019y injecter un gel \u00e0 base d\u2019eau en quantit\u00e9 suffisante pour stimuler le besoin de d\u00e9f\u00e9quer. Certaines personnes ressentent de l\u00e9g\u00e8res crampes.<\/p>\n<p>Ensuite, le radiologue retirera le tube, puis vous devrez vous allonger sur le dos pour l\u2019examen.<\/p>\n<p>L\u2019examen d\u00e9butera une fois que vous serez dans l\u2019appareil d\u2019IRM. Pendant l\u2019examen, des images seront enregistr\u00e9es avant, pendant et apr\u00e8s la d\u00e9f\u00e9cation. Le radiologue examinera ces images pour observer l\u2019anatomie et le fonctionnement de votre rectum et de votre plancher pelvien.<\/p>\n","protected":false},"excerpt":{"rendered":"<p>La d\u00e9f\u00e9cographie (qu\u2019on appelle aussi \u00ab\u00a0proctographie\u00a0\u00bb) est un examen d\u2019imagerie diagnostique qui fait appel \u00e0 l\u2019imagerie par r\u00e9sonance magn\u00e9tique (IRM) pour visualiser le fonctionnement du plancher pelvien pendant la d\u00e9f\u00e9cation. Au cours de cet examen, des images du rectum et des organes avoisinants sont enregistr\u00e9es pendant la d\u00e9f\u00e9cation. Le radiologue analysera ensuite ces images pour [&hellip;]<\/p>\n","protected":false},"author":25,"featured_media":0,"parent":7872,"menu_order":59,"comment_status":"closed","ping_status":"closed","template":"","meta":{"_acf_changed":false,"_mc_calendar":[],"footnotes":""},"class_list":["post-9087","page","type-page","status-publish","hentry"],"acf":[],"wps_subtitle":"","_links":{"self":[{"href":"https:\/\/www.ottawahospital.on.ca\/fr\/wp-json\/wp\/v2\/pages\/9087","targetHints":{"allow":["GET"]}}],"collection":[{"href":"https:\/\/www.ottawahospital.on.ca\/fr\/wp-json\/wp\/v2\/pages"}],"about":[{"href":"https:\/\/www.ottawahospital.on.ca\/fr\/wp-json\/wp\/v2\/types\/page"}],"author":[{"embeddable":true,"href":"https:\/\/www.ottawahospital.on.ca\/fr\/wp-json\/wp\/v2\/users\/25"}],"replies":[{"embeddable":true,"href":"https:\/\/www.ottawahospital.on.ca\/fr\/wp-json\/wp\/v2\/comments?post=9087"}],"version-history":[{"count":0,"href":"https:\/\/www.ottawahospital.on.ca\/fr\/wp-json\/wp\/v2\/pages\/9087\/revisions"}],"up":[{"embeddable":true,"href":"https:\/\/www.ottawahospital.on.ca\/fr\/wp-json\/wp\/v2\/pages\/7872"}],"wp:attachment":[{"href":"https:\/\/www.ottawahospital.on.ca\/fr\/wp-json\/wp\/v2\/media?parent=9087"}],"curies":[{"name":"wp","href":"https:\/\/api.w.org\/{rel}","templated":true}]}}