{"id":9067,"date":"2016-11-18T15:44:48","date_gmt":"2016-11-18T20:44:48","guid":{"rendered":"http:\/\/52.229.122.34\/fr\/?page_id=9067"},"modified":"2023-06-08T09:30:14","modified_gmt":"2023-06-08T13:30:14","slug":"clinique-de-chirurgie-plastique","status":"publish","type":"page","link":"https:\/\/www.ottawahospital.on.ca\/fr\/services-cliniques\/deptpgrmcs\/cliniques-et-services\/clinique-de-chirurgie-plastique\/","title":{"rendered":"Clinique de chirurgie plastique"},"content":{"rendered":"<h2>Vue d\u2019ensemble<\/h2>\n<p>\u00c0 cette clinique, on se sp\u00e9cialise dans la chirurgie esth\u00e9tique et les autres interventions chirurgicales mineures effectu\u00e9es sous anesth\u00e9sie locale.<\/p>\n<h2>Rendez\u2013vous<\/h2>\n<p>Recommandation d&rsquo;un m\u00e9decin<\/p>\n<p><strong>Campus Civic :<br \/>\n<\/strong>Lundi &#8211; vendredi \u00a08 h \u00e0 4 h<\/p>\n<p><strong>Campus G\u00e9n\u00e9ral :<br \/>\n<\/strong>Lundi, mercredi, jeudi \u00a08 h \u00e0 \u00a017 h 30.<\/p>\n<p><strong>Campus Riverside :<br \/>\n<\/strong>Lundi 8 h 16 h 30<br \/>\nMardi 8 h \u00e0 12 h.<br \/>\nMercredi &amp; vendredi \u00a012 h 30 \u00e0 16 h 30<\/p>\n<h2>Pour nous joindre<\/h2>\n<p><strong>Campus Civic:<br \/>\n<\/strong>\u00c9difice J, 1<sup>e<\/sup> \u00e9tage<br \/>\nGrimes Lodge<br \/>\n190 Melrose.<br \/>\n613-798-5555 x 14025<\/p>\n<p><strong>Campus G\u00e9n\u00e9ral :<br \/>\n<\/strong>Module K<br \/>\n613-737-8899 x 78102<\/p>\n<p><strong>Campus Riverside:<br \/>\n<\/strong>6<sup>e<\/sup> \u00e9tage<br \/>\n613-738-8400 x 88534<\/p>\n","protected":false},"excerpt":{"rendered":"<p>Vue d\u2019ensemble \u00c0 cette clinique, on se sp\u00e9cialise dans la chirurgie esth\u00e9tique et les autres interventions chirurgicales mineures effectu\u00e9es sous anesth\u00e9sie locale. Rendez\u2013vous Recommandation d&rsquo;un m\u00e9decin Campus Civic : Lundi &#8211; vendredi \u00a08 h \u00e0 4 h Campus G\u00e9n\u00e9ral : Lundi, mercredi, jeudi \u00a08 h \u00e0 \u00a017 h 30. Campus Riverside : Lundi 8 h [&hellip;]<\/p>\n","protected":false},"author":25,"featured_media":0,"parent":7872,"menu_order":55,"comment_status":"closed","ping_status":"closed","template":"","meta":{"_acf_changed":false,"_mc_calendar":[],"footnotes":""},"class_list":["post-9067","page","type-page","status-publish","hentry"],"acf":[],"wps_subtitle":"","_links":{"self":[{"href":"https:\/\/www.ottawahospital.on.ca\/fr\/wp-json\/wp\/v2\/pages\/9067","targetHints":{"allow":["GET"]}}],"collection":[{"href":"https:\/\/www.ottawahospital.on.ca\/fr\/wp-json\/wp\/v2\/pages"}],"about":[{"href":"https:\/\/www.ottawahospital.on.ca\/fr\/wp-json\/wp\/v2\/types\/page"}],"author":[{"embeddable":true,"href":"https:\/\/www.ottawahospital.on.ca\/fr\/wp-json\/wp\/v2\/users\/25"}],"replies":[{"embeddable":true,"href":"https:\/\/www.ottawahospital.on.ca\/fr\/wp-json\/wp\/v2\/comments?post=9067"}],"version-history":[{"count":0,"href":"https:\/\/www.ottawahospital.on.ca\/fr\/wp-json\/wp\/v2\/pages\/9067\/revisions"}],"up":[{"embeddable":true,"href":"https:\/\/www.ottawahospital.on.ca\/fr\/wp-json\/wp\/v2\/pages\/7872"}],"wp:attachment":[{"href":"https:\/\/www.ottawahospital.on.ca\/fr\/wp-json\/wp\/v2\/media?parent=9067"}],"curies":[{"name":"wp","href":"https:\/\/api.w.org\/{rel}","templated":true}]}}