{"id":90628,"date":"2025-01-08T10:20:19","date_gmt":"2025-01-08T15:20:19","guid":{"rendered":"https:\/\/www.ottawahospital.on.ca\/?page_id=90628"},"modified":"2025-02-20T08:52:38","modified_gmt":"2025-02-20T13:52:38","slug":"dr-fady-balaa","status":"publish","type":"page","link":"https:\/\/www.ottawahospital.on.ca\/fr\/about-us\/notre-equipe-de-direction\/equipe-de-la-haute-direction\/dr-fady-balaa\/","title":{"rendered":"Dr Fady Balaa"},"content":{"rendered":"<div class=\"wp-block-image\">\n<figure class=\"alignleft size-full\"><img decoding=\"async\" width=\"144\" height=\"180\" src=\"https:\/\/www.ottawahospital.on.ca\/wp-content\/uploads\/2025\/01\/Bio-Profile-Pic-Balaa.jpg\" alt=\"Fady Balaa\" class=\"wp-image-90624\"\/><figcaption class=\"wp-element-caption\">Dr Fady Balaa, Chef, D\u00e9partement de chirurgie<\/figcaption><\/figure>\n<\/div>\n\n\n<p>Le Dr Fady Balaa est chirurgien g\u00e9n\u00e9ral et h\u00e9patobiliaire au sein du service de chirurgie g\u00e9n\u00e9rale et professeur agr\u00e9g\u00e9 au service de chirurgie. Il a suivi une formation m\u00e9dicale \u00e0 l&rsquo;Universit\u00e9 de Western Ontario, suivie d&rsquo;une formation en chirurgie \u00e0 l&rsquo;Universit\u00e9 d&rsquo;Ottawa et d&rsquo;une sp\u00e9cialisation en chirurgie h\u00e9patobiliaire au Centre m\u00e9dical de l&rsquo;Universit\u00e9 de Pittsburgh. Il est titulaire d&rsquo;une ma\u00eetrise en \u00e9ducation m\u00e9dicale de l&rsquo;Universit\u00e9 de Dundee. Il a \u00e9t\u00e9 directeur du programme de r\u00e9sidence en chirurgie g\u00e9n\u00e9rale et chef de division de chirurgie g\u00e9n\u00e9rale. Il a \u00e9galement si\u00e9g\u00e9 au comit\u00e9 d&rsquo;examen de chirurgie g\u00e9n\u00e9rale du Coll\u00e8ge royal des m\u00e9decins et chirurgiens du Canada, ainsi qu&rsquo;\u00e0 titre de m\u00e9decin conseiller pour l&rsquo;Association canadienne de protection m\u00e9dicale.<\/p>\n","protected":false},"excerpt":{"rendered":"<p>Le Dr Fady Balaa est chirurgien g\u00e9n\u00e9ral et h\u00e9patobiliaire au sein du service de chirurgie g\u00e9n\u00e9rale et professeur agr\u00e9g\u00e9 au service de chirurgie. Il a suivi une formation m\u00e9dicale \u00e0 l&rsquo;Universit\u00e9 de Western Ontario, suivie d&rsquo;une formation en chirurgie \u00e0 l&rsquo;Universit\u00e9 d&rsquo;Ottawa et d&rsquo;une sp\u00e9cialisation en chirurgie h\u00e9patobiliaire au Centre m\u00e9dical de l&rsquo;Universit\u00e9 de Pittsburgh. [&hellip;]<\/p>\n","protected":false},"author":25,"featured_media":0,"parent":4550,"menu_order":0,"comment_status":"closed","ping_status":"closed","template":"","meta":{"_acf_changed":false,"_mc_calendar":[],"footnotes":""},"class_list":["post-90628","page","type-page","status-publish","hentry"],"acf":[],"wps_subtitle":"","_links":{"self":[{"href":"https:\/\/www.ottawahospital.on.ca\/fr\/wp-json\/wp\/v2\/pages\/90628","targetHints":{"allow":["GET"]}}],"collection":[{"href":"https:\/\/www.ottawahospital.on.ca\/fr\/wp-json\/wp\/v2\/pages"}],"about":[{"href":"https:\/\/www.ottawahospital.on.ca\/fr\/wp-json\/wp\/v2\/types\/page"}],"author":[{"embeddable":true,"href":"https:\/\/www.ottawahospital.on.ca\/fr\/wp-json\/wp\/v2\/users\/25"}],"replies":[{"embeddable":true,"href":"https:\/\/www.ottawahospital.on.ca\/fr\/wp-json\/wp\/v2\/comments?post=90628"}],"version-history":[{"count":0,"href":"https:\/\/www.ottawahospital.on.ca\/fr\/wp-json\/wp\/v2\/pages\/90628\/revisions"}],"up":[{"embeddable":true,"href":"https:\/\/www.ottawahospital.on.ca\/fr\/wp-json\/wp\/v2\/pages\/4550"}],"wp:attachment":[{"href":"https:\/\/www.ottawahospital.on.ca\/fr\/wp-json\/wp\/v2\/media?parent=90628"}],"curies":[{"name":"wp","href":"https:\/\/api.w.org\/{rel}","templated":true}]}}