{"id":9055,"date":"2016-11-18T15:38:34","date_gmt":"2016-11-18T20:38:34","guid":{"rendered":"http:\/\/52.229.122.34\/fr\/?page_id=9055"},"modified":"2016-11-18T15:38:34","modified_gmt":"2016-11-18T20:38:34","slug":"situations-ou-il-convient-de-demander-une-consultation-a-la-clinique","status":"publish","type":"page","link":"https:\/\/www.ottawahospital.on.ca\/fr\/services-cliniques\/deptpgrmcs\/cliniques-et-services\/clinique-de-sante-du-placenta\/situations-ou-il-convient-de-demander-une-consultation-a-la-clinique\/","title":{"rendered":"Situations o\u00f9 il convient de demander une consultation \u00e0 la clinique"},"content":{"rendered":"<h2>Pendant la grossesse<\/h2>\n<ol>\n<li>R\u00e9sultat anormal au d\u00e9pistage pr\u00e9natal int\u00e9gr\u00e9 ou au d\u00e9pistage s\u00e9rologique de la m\u00e8re (taux \u00e9lev\u00e9 d\u2019AFP, taux \u00e9lev\u00e9 d\u2019HCG, faible taux de PAPP-A)<\/li>\n<li>Apparence anormale du placenta \u00e0 l\u2019\u00e9chographie (forme, taille, \u00e9chog\u00e9nicit\u00e9, d\u00e9collement pr\u00e9matur\u00e9, infarctus)<\/li>\n<li>Femmes atteintes de probl\u00e8mes m\u00e9dicaux pouvant influencer la fonction du placenta\u00a0:\u00a0hypertension, probl\u00e8mes r\u00e9naux, diab\u00e8te, maladies auto-immunes, ob\u00e9sit\u00e9, maladie vasculaire, etc.<\/li>\n<li>Femmes ayant des ant\u00e9c\u00e9dents obst\u00e9tricaux complexes\u00a0: mise au monde d\u2019un enfant mort-n\u00e9, accouchement ant\u00e9rieur d\u2019un nouveau-n\u00e9 pr\u00e9sentant un retard de croissance intra-ut\u00e9rin, pr\u00e9\u00e9clampsie ant\u00e9rieure grave ou pr\u00e9coce (&lt;34\u00a0semaines), hypertension ou syndrome HELLP<\/li>\n<li>Femmes ayant pr\u00e9sent\u00e9 une pathologie placentaire anormale lors d\u2019une grossesse ant\u00e9rieure<\/li>\n<li>Femmes pr\u00e9sentant des manifestations cliniques de pathologie placentaire, notamment un d\u00e9collement ou un infarctus<\/li>\n<li>Femmes dont le f\u0153tus pr\u00e9sente une croissance sous-optimale (c.\u2011\u00e0\u2011d. <strong>inf\u00e9rieure<\/strong> au 5e centile ou pr\u00e9sentant une baisse importante de la vitesse de croissance)<\/li>\n<li>Femmes qui pr\u00e9sentent un oligoamnios grave<\/li>\n<li>Femmes chez qui l\u2019on soup\u00e7onne des anomalies du cordon ombilical, y compris l\u2019insertion v\u00e9lamenteuse du cordon<\/li>\n<\/ol>\n<h2>Avant la grossesse:<\/h2>\n<ol>\n<li>Femmes ayant des ant\u00e9c\u00e9dents de pathologies placentaires<\/li>\n<li>Femmes ayant des probl\u00e8mes m\u00e9dicaux pouvant influencer la fonction du placenta\u00a0: hypertension, probl\u00e8mes r\u00e9naux, diab\u00e8te, maladies auto-immunes, ob\u00e9sit\u00e9, maladie vasculaire, etc.<\/li>\n<li>Femmes ayant des ant\u00e9c\u00e9dents de retard de croissance intra-ut\u00e9rine, d\u2019accouchement d\u2019un mort-n\u00e9, de pr\u00e9\u00e9clampsie grave ou pr\u00e9coce ou d\u2019un syndrome HELLP<\/li>\n<\/ol>\n<h2>Approche multidisciplinaire :<\/h2>\n<p>Notre \u00e9quipe multidisciplinaire comprend des sp\u00e9cialistes en m\u00e9decine materno-f\u0153tale, des moniteurs cliniques en m\u00e9decine materno-f\u0153tale, une infirmi\u00e8re de pratique avanc\u00e9e, des infirmi\u00e8res en p\u00e9rinatalit\u00e9, des n\u00e9onatologistes, une di\u00e9t\u00e9tiste, une travailleuse sociale, une psychologue en p\u00e9rinatalit\u00e9, des g\u00e9n\u00e9ticiens et un pathologiste p\u00e9rinatal. Il est \u00e9galement possible d\u2019organiser une consultation avec un h\u00e9matologue et des internistes en obst\u00e9trique.<\/p>\n<h2>Nos coordonn\u00e9es:<\/h2>\n<p>Pour demander une consultation, veuillez communiquer avec D. Kaye au 613-737-8595.<\/p>\n<p>Clinique de sant\u00e9 du placenta D\u00e9partement d\u2019obst\u00e9trique, de gyn\u00e9cologie et de soins aux nouveau-n\u00e9s<br \/>\nL\u2019H\u00f4pital d\u2019Ottawa \u2013 Campus G\u00e9n\u00e9ral<br \/>\n501, chemin Smyth Ottawa ON K1H 8L6<\/p>\n","protected":false},"excerpt":{"rendered":"<p>Pendant la grossesse R\u00e9sultat anormal au d\u00e9pistage pr\u00e9natal int\u00e9gr\u00e9 ou au d\u00e9pistage s\u00e9rologique de la m\u00e8re (taux \u00e9lev\u00e9 d\u2019AFP, taux \u00e9lev\u00e9 d\u2019HCG, faible taux de PAPP-A) Apparence anormale du placenta \u00e0 l\u2019\u00e9chographie (forme, taille, \u00e9chog\u00e9nicit\u00e9, d\u00e9collement pr\u00e9matur\u00e9, infarctus) Femmes atteintes de probl\u00e8mes m\u00e9dicaux pouvant influencer la fonction du placenta\u00a0:\u00a0hypertension, probl\u00e8mes r\u00e9naux, diab\u00e8te, maladies auto-immunes, ob\u00e9sit\u00e9, [&hellip;]<\/p>\n","protected":false},"author":25,"featured_media":0,"parent":8992,"menu_order":7,"comment_status":"closed","ping_status":"closed","template":"","meta":{"_acf_changed":false,"_mc_calendar":[],"footnotes":""},"class_list":["post-9055","page","type-page","status-publish","hentry"],"acf":[],"wps_subtitle":"","_links":{"self":[{"href":"https:\/\/www.ottawahospital.on.ca\/fr\/wp-json\/wp\/v2\/pages\/9055","targetHints":{"allow":["GET"]}}],"collection":[{"href":"https:\/\/www.ottawahospital.on.ca\/fr\/wp-json\/wp\/v2\/pages"}],"about":[{"href":"https:\/\/www.ottawahospital.on.ca\/fr\/wp-json\/wp\/v2\/types\/page"}],"author":[{"embeddable":true,"href":"https:\/\/www.ottawahospital.on.ca\/fr\/wp-json\/wp\/v2\/users\/25"}],"replies":[{"embeddable":true,"href":"https:\/\/www.ottawahospital.on.ca\/fr\/wp-json\/wp\/v2\/comments?post=9055"}],"version-history":[{"count":0,"href":"https:\/\/www.ottawahospital.on.ca\/fr\/wp-json\/wp\/v2\/pages\/9055\/revisions"}],"up":[{"embeddable":true,"href":"https:\/\/www.ottawahospital.on.ca\/fr\/wp-json\/wp\/v2\/pages\/8992"}],"wp:attachment":[{"href":"https:\/\/www.ottawahospital.on.ca\/fr\/wp-json\/wp\/v2\/media?parent=9055"}],"curies":[{"name":"wp","href":"https:\/\/api.w.org\/{rel}","templated":true}]}}