{"id":9051,"date":"2016-11-18T15:36:51","date_gmt":"2016-11-18T20:36:51","guid":{"rendered":"http:\/\/52.229.122.34\/fr\/?page_id=9051"},"modified":"2021-06-01T11:03:47","modified_gmt":"2021-06-01T15:03:47","slug":"renseignements-a-lintention-des-professionnels-de-la-sante","status":"publish","type":"page","link":"https:\/\/www.ottawahospital.on.ca\/fr\/services-cliniques\/deptpgrmcs\/cliniques-et-services\/clinique-de-sante-du-placenta\/renseignements-a-lintention-des-professionnels-de-la-sante\/","title":{"rendered":"Renseignements \u00e0 l&rsquo;intention des professionnels de la sant\u00e9"},"content":{"rendered":"<p class=\"text-center\"><em>Campus G\u00e9n\u00e9ral de L\u2019H\u00f4pital d\u2019Ottawa, 8e \u00e9tage, Division de m\u00e9decine materno-f\u0153tale, D\u00e9partement d\u2019obst\u00e9trique, de gyn\u00e9cologie et de soins aux nouveau-n\u00e9s, 501, chemin Smyth, Ottawa ON K1H 8L6<\/em><\/p>\n<p>Le placenta est un organe complexe qui assure le soutien de la croissance et du d\u00e9veloppement du f\u0153tus. Bon nombre des complications p\u00e9rinatales les plus courantes sont li\u00e9es aux maladies et au mauvais d\u00e9veloppement du placenta. On sait notamment que la pr\u00e9\u00e9clampsie et le retard de croissance intra-ut\u00e9rin sont li\u00e9s \u00e0 la physiopathologie sous-jacente du placenta.<\/p>\n<p>Au Campus G\u00e9n\u00e9ral de L\u2019H\u00f4pital d\u2019Ottawa, nous avons d\u00e9velopp\u00e9 les outils et l\u2019expertise n\u00e9cessaires pour \u00e9valuer les femmes et leur f\u0153tus qui pr\u00e9sentent ou qui sont \u00e0 risque de pr\u00e9senter des complications du placenta. Les services offerts comprennent une \u00e9valuation clinique d\u00e9taill\u00e9e, des examens s\u00e9rologiques pr\u00e9nataux et des \u00e9chographies sp\u00e9cialis\u00e9es du placenta (mises au point par notre \u00e9quipe) afin d\u2019\u00e9valuer la morphologie et la circulation sanguine du placenta. Une s\u00e9rie d\u2019\u00e9chographies de m\u00eame que des \u00e9chographies d\u00e9taill\u00e9es du f\u0153tus et du placenta sont \u00e9galement effectu\u00e9es s\u2019il y a lieu. Nous offrons des services de consultation avant grossesse et des \u00e9valuations pr\u00e9natales et postnatales, y compris la possibilit\u00e9 d\u2019une rencontre pour discuter d\u2019une perte. Nous offrons les d\u00e9tails et interpr\u00e9tons les donn\u00e9es de la pathologie placentaire.<\/p>\n<p class=\"text-center\"><strong>Objectifs de la Clinique de sant\u00e9 du placenta:<\/strong><\/p>\n<ol>\n<li lang=\"en-US\">Faire une \u00e9valuation des femmes enceintes (et de leur f\u0153tus) \u00e0 risque de maladies du placenta et d\u00e9terminer une strat\u00e9gie de pr\u00e9vention, le cas \u00e9ch\u00e9ant, ou de surveillance, s\u2019il y a lieu.<\/li>\n<li lang=\"en-US\">Offrir des services de consultation aux femmes enceintes atteintes d\u2019une maladie du placenta et \u00e9tablir un plan de soins, y compris la surveillance et les interventions appropri\u00e9es.<\/li>\n<li lang=\"en-US\">Offrir des services de consultation avant grossesse aux femmes qui ont des ant\u00e9c\u00e9dents de maladies du placenta.<\/li>\n<li lang=\"en-US\">Favoriser la recherche fond\u00e9e sur des donn\u00e9es probantes sur l\u2019\u00e9valuation et le traitement de ces complications et int\u00e9grer les soins aux patientes dans les projets de recherche.<\/li>\n<li lang=\"en-US\">Favoriser l\u2019\u00e9ducation des femmes et de leurs familles ainsi que des m\u00e9decins et des professionnels de la sant\u00e9 sur le r\u00f4le des maladies du placenta en p\u00e9rinatologie.<\/li>\n<\/ol>\n<p lang=\"en-US\">La Clinique de sant\u00e9 du placenta vise \u00e0 appuyer le m\u00e9decin traitant ou la sage-femme dans l\u2019\u00e9valuation, le diagnostic, la pr\u00e9vention ou le traitement des complications. Dans ce contexte, il s\u2019agit principalement d\u2019une clinique de consultation. Selon le souhait du professionnel de la sant\u00e9 qui r\u00e9f\u00e8re la patiente, nous demeurons dispos\u00e9s \u00e0 envisager divers mod\u00e8les de soins, y compris les soins partag\u00e9s.<\/p>\n","protected":false},"excerpt":{"rendered":"<p>Campus G\u00e9n\u00e9ral de L\u2019H\u00f4pital d\u2019Ottawa, 8e \u00e9tage, Division de m\u00e9decine materno-f\u0153tale, D\u00e9partement d\u2019obst\u00e9trique, de gyn\u00e9cologie et de soins aux nouveau-n\u00e9s, 501, chemin Smyth, Ottawa ON K1H 8L6 Le placenta est un organe complexe qui assure le soutien de la croissance et du d\u00e9veloppement du f\u0153tus. Bon nombre des complications p\u00e9rinatales les plus courantes sont li\u00e9es [&hellip;]<\/p>\n","protected":false},"author":25,"featured_media":0,"parent":8992,"menu_order":6,"comment_status":"closed","ping_status":"closed","template":"","meta":{"_acf_changed":false,"_mc_calendar":[],"footnotes":""},"class_list":["post-9051","page","type-page","status-publish","hentry"],"acf":[],"wps_subtitle":"","_links":{"self":[{"href":"https:\/\/www.ottawahospital.on.ca\/fr\/wp-json\/wp\/v2\/pages\/9051","targetHints":{"allow":["GET"]}}],"collection":[{"href":"https:\/\/www.ottawahospital.on.ca\/fr\/wp-json\/wp\/v2\/pages"}],"about":[{"href":"https:\/\/www.ottawahospital.on.ca\/fr\/wp-json\/wp\/v2\/types\/page"}],"author":[{"embeddable":true,"href":"https:\/\/www.ottawahospital.on.ca\/fr\/wp-json\/wp\/v2\/users\/25"}],"replies":[{"embeddable":true,"href":"https:\/\/www.ottawahospital.on.ca\/fr\/wp-json\/wp\/v2\/comments?post=9051"}],"version-history":[{"count":0,"href":"https:\/\/www.ottawahospital.on.ca\/fr\/wp-json\/wp\/v2\/pages\/9051\/revisions"}],"up":[{"embeddable":true,"href":"https:\/\/www.ottawahospital.on.ca\/fr\/wp-json\/wp\/v2\/pages\/8992"}],"wp:attachment":[{"href":"https:\/\/www.ottawahospital.on.ca\/fr\/wp-json\/wp\/v2\/media?parent=9051"}],"curies":[{"name":"wp","href":"https:\/\/api.w.org\/{rel}","templated":true}]}}