{"id":9047,"date":"2016-11-18T15:35:29","date_gmt":"2016-11-18T20:35:29","guid":{"rendered":"http:\/\/52.229.122.34\/fr\/?page_id=9047"},"modified":"2016-11-18T15:35:29","modified_gmt":"2016-11-18T20:35:29","slug":"recherche","status":"publish","type":"page","link":"https:\/\/www.ottawahospital.on.ca\/fr\/services-cliniques\/deptpgrmcs\/cliniques-et-services\/clinique-de-sante-du-placenta\/recherche\/","title":{"rendered":"Recherche"},"content":{"rendered":"<p><img decoding=\"async\" class=\"img-responsive aligncenter\" src=\"\/wp-content\/uploads\/2016\/11\/DrLelivre.jpg\" alt=\"Dr Le livre\" width=\"720\" height=\"960\" \/><\/p>\n<p>La recherche est importante pour faire progresser la m\u00e9decine et am\u00e9liorer les soins. Notre \u00e9quipe participe activement aux recherches cliniques et scientifiques. Nous pourrions donc vous demander si vous \u00eates int\u00e9ress\u00e9e \u00e0 participer \u00e0 l\u2019un de nos projets de recherche. Vous \u00eates enti\u00e8rement libre de participer ou non \u00e0 ces projets.<\/p>\n<p>Nous menons des recherches cliniques destin\u00e9es notamment \u00e0 d\u00e9terminer la meilleure fa\u00e7on de prendre en charge les femmes et leur b\u00e9b\u00e9 lorsque la m\u00e8re est atteinte d\u2019hypertension art\u00e9rielle.<\/p>\n<p>La Dre Gruslin a \u00e9galement cr\u00e9\u00e9 un laboratoire de recherche sur le d\u00e9veloppement et la croissance du placenta. Jusqu\u2019\u00e0 maintenant, son \u00e9quipe a r\u00e9ussi \u00e0 identifier un g\u00e8ne important pour la croissance f\u0153tale. Plus r\u00e9cemment, son \u00e9quipe a \u00e9galement identifi\u00e9 une prot\u00e9ine qui peut \u00eatre mesur\u00e9e dans le sang au d\u00e9but de la grossesse et qui nous aide \u00e0 pr\u00e9dire le risque de retard de croissance intra-ut\u00e9rin.<\/p>\n<p>L\u2019\u00e9quipe actuelle comprend le Dr\u00a0Yockell-Leli\u00e8vre, Ph.D. (associ\u00e9 de recherche), M.\u00a0D.\u00a0Tessier (doctorant), M.\u00a0Z.\u00a0Ferraro (doctorant) et Christina Ly (\u00e9tudiante \u00e0 la ma\u00eetrise). Nous travaillons en \u00e9troite collaboration avec la Dre\u00a0S.\u00a0Bainbridge (Ph.D.). Nos chercheurs cliniciens comprennent, notamment les Drs\u00a0F. Moretti, V.\u00a0Bohemier, M.\u00a0Gagn\u00e9, N.\u00a0Fatham, B.\u00a0Al\u00a0Baqawi et S.\u00a0Rahal.<\/p>\n<p>Nos principaux collaborateurs sont\u00a0:<\/p>\n<ul>\n<li>D<sup>r <\/sup>M. Bani, Conseil national de recherches du Canada, Ottawa<\/li>\n<li>D<sup>re<\/sup> K. Adamo, CHEO, Ottawa<\/li>\n<li>D<sup>re<\/sup> A. Holloway, Universit\u00e9 McMaster, Hamilton<\/li>\n<li>D<sup>r <\/sup>S. Raha, Universit\u00e9 McMaster, Hamilton<\/li>\n<li>D<sup>r<\/sup> P. von Dadelszen, Universit\u00e9 de la Colombie-Britannique, Vancouver<\/li>\n<li>D<sup>re<\/sup> L. Magee, Universit\u00e9 de la Colombie-Britannique, Vancouver<\/li>\n<li>D<sup>re <\/sup>H. Wang, Institut de zoologie, Acad\u00e9mie chinoise des sciences, Beijing, Chine<\/li>\n<\/ul>\n<p><strong>Voici un \u00e9chantillon des publications de l\u2019\u00e9quipe du laboratoire du placenta et de nos collaborateurs\u00a0:<\/strong><\/p>\n<p>Caetano, M., M.\u00a0Ornstein, P. von Dadelszen, M.E. Hannah, A.G. Logan, A.\u00a0Gruslin et L.A.\u00a0Magee. \u00ab\u00a0A Survey of Canadian Parishioners Regarding the Management of the Hypertensive Disorders of Pregnancy\u00a0\u00bb, Hypertens Pregnancy, vol.\u00a023, no\u00a01 (2004), p.\u00a061-74.<\/p>\n<p>Qiu, Q., M. Yang, B.K. Tsang et A. Gruslin. \u00ab\u00a0EGF-Induced Trophoblast Secretion of MMP-9 and TIMP-1 Involves Activation of both P13K and MAPK Signalling Pathways\u00a0\u00bb, Reproduction, vol.\u00a0128, no\u00a03 (sept. 2004), p.\u00a0355-363.<\/p>\n<p>Qiu, Q., M. Yang, B.K. Tsang et A. Gruslin. \u00ab\u00a0Both Mitogen-Activated Protein Kinase and Phosphatidylinositol 3-Kinase Signalling are Required in Epidermal Growth Factor-Induced Human Trophoblast Migration\u00a0\u00bb, Mol Hum Reprod, vol.\u00a010, no\u00a09 (sept. 2004), p.\u00a0677-684. Publication \u00e9lectronique 2\u00a0juillet 2004.<\/p>\n<p>Money, D., S. Dobson, A. Gruslin et collab. \u00ab\u00a0The Prevention of Early Onset Neonatal Group B Streptococcal Disease\u00a0\u00bb, J Obstet Gynaecol Can, vol.\u00a026, no\u00a09 (2004), p.\u00a0826-832.<\/p>\n<p>von Dadelszen, P., L. Magee, R. Devarakonda, T. Hamilton, L. Ainsworth, R.\u00a0Yin, M. Norena, K. Walley, A. Gruslin, J.M. Moutquin, S. Lee et J. Russell. \u00ab\u00a0The Prediction of Adverse Outcomes in Preeclampsia\u00a0\u00bb, J Obstet Gynaecol Can, vol.\u00a026, no 10 (oct. 2004), p.\u00a0871-879.<\/p>\n<p>Qiu, Q., B.K. Tsang et A .Gruslin. \u00ab\u00a0Fas Ligand Expression by Maternal Decidual Cells is Negatively Correlated with the Abundance of Leukocytes Present at the Maternal-Fetal Interface\u00a0\u00bb, Journal of Reproductive Immunology; vol.\u00a065, no 2 (avril 2005), p.\u00a0121-132<\/p>\n<p>Qiu, Q., A. Basak, M. Mbikay, B.K. Tsang et A. Gruslin. \u00ab\u00a0Role of pro-IGF-II processing by proprotein convertase 4 in human placental development\u00a0\u00bb, PNAS, vol.\u00a031, no 102 (ao\u00fbt 2005), p.\u00a011047-11052.<\/p>\n<p>Faden, Y. et A. Gruslin. \u00ab\u00a0Vaginal Delivery of Patient with Severe Cystic Fibrosis\u00a0\u00bb, International Journal of Gynecology &amp; Obstetrics, 2005.<\/p>\n<p>Keenan-Lindsay, L., M.H. Yudin, M. Boucher, H.R. Cohen, A. Gruslin, C.J.\u00a0MacKinnon, D.M. Money, C. Paquet, M. Steben, J. van Schalkwyk et T. Wong. \u00ab\u00a0HIV screening in pregnancy\u00a0\u00bb, J Obstet Gynaecol Can, vol.\u00a028, no 12 (d\u00e9c. 2006), p.\u00a01103-12.<\/p>\n<p>Magee, L., P. von Dadelszen, S. Chan, A. Gafni, A. Gruslin, M. Helewa, S. Hewson, E. Kavuma, S. Lee, A. Logan, D. McKay, J. Moutquin, A. Ohlsson, E. Rey, S. Ross, J. Singer, A. Willan et M. Hannah pour le CHIPS Pilot Trial Collaborative Group. \u00ab\u00a0The Control of Hypertension in Pregnancy Study pilot trial\u00a0\u00bb, BJOG, vol.\u00a0114, no\u00a0770 (2007).<\/p>\n<p>Magee, L., A. Gruslin et collab. \u00ab\u00a0Women\u2019s view of their experience in the CHIPS (Control of Hypertension in Pregnancy Study) Pilot Trial\u00a0\u00bb, Hypertension in Pregnancy, vol.\u00a026, no\u00a04 (oct.\u00a02007), p.\u00a0371-387.<\/p>\n<p>Qui, Q., J.Y. Jiang, M. Bell, B.K. Tsang et A. Gruslin. \u00ab\u00a0Activation of endoproteolytic processing of IGF-II in fetal, early postnatal and pregnant rats and persistence of circulating levels in postnatal life\u00a0\u00bb, Endocrinology, vol.\u00a0148, no 10 (oct. 2007), p.\u00a04803-11. Publication \u00e9lectronique le 12 juillet 2007.<\/p>\n<p>Arendas, K, Q Qiu et A Gruslin. \u00ab\u00a0Obesity in pregnancy \u2013 pre-conceptional to post partum consequences\u00a0\u00bb, JOCG, vol.\u00a030, no 6 (juin 2008), p.\u00a0477-88.<\/p>\n<p>Menzies, J., L.S. Magee, Y.C. Macnab, J.M. Ansermino, J. Li, M.J. Douglas, A. Gruslin, P. Kyle, S.K. Lee, M.P. Moore, J.M. Moutquin, G.N. Smith, J.J. Walker, K.R. Walley, J.A. Russell et P. von Dadelszen. \u00ab\u00a0Current CHS and NHBPEP criteria for severe preeclampsia do not uniformly predict adverse maternal or perinatal outcomes\u00a0\u00bb, Hypertens Pregnancy, vol.\u00a026, no 4 (2007), p.\u00a0447-62.<\/p>\n<p>Magee, L.A., P. von Dadelszen, S. Chan, A. Gafni, A. Gruslin, M. Helewa, S. Hewson, E. Davuma, S.K. Lee, A.G. Logan, D. McKay, J.M. Moutquin, A. Ohlsson, E. Rey, S. Ross, J. Singer, A.R. Willan, M.E. Hannah et Groupe FT. \u00ab\u00a0Women\u2019s views of their experiences in the CHIPS (Control of Hypertension in Pregnancy Study) Pilot Trial\u00a0\u00bb, Hypertens Pregnancy, vol.\u00a026, no 4 (2007), p.\u00a0371-87.<\/p>\n<p>Dorval, V., K. Ritchie et A. Gruslin. \u00ab\u00a0Screening HIV in pregnancy; a survey of prenatal care patients\u00a0\u00bb, Can J Public health, vol.\u00a098, no 5 (sept.-oct. 2007), p.\u00a0379-82.<\/p>\n<p>Wilson, R.D., J.A. Johnson, A. Summers, P. Wyatt, V. Allen, A. Gagnon, S. Langlois, C. Blight, D.M. Money, M. Boucher, A. Gruslin, C.J. Mackinnon, C. Paquet, J. van Schalwyk, H.R. Cohen, M. Steben, T. Wong et M.H. Yudin. \u00ab\u00a0Principles of human teratology: drug, chemical, and infectious exposure\u00a0\u00bb, J Obstet Gynaecol Can, vol.\u00a029, no 11 (nov. 2007), p.\u00a0911-26.<\/p>\n<p>Steben, M., D. Money, T. Wong, A. Gruslin, M. Yudin, H. Cohen, M. Boucher, C. MacKinnon, C. Paquet et J. van Schalkwyk. \u00ab\u00a0Genital Herpes: Gynaecological Aspects\u00a0\u00bb, J Obstet Gynaecol Can, vol.\u00a030, no\u00a04 (avril 2008) p.\u00a0347-61. Publi\u00e9 en fran\u00e7ais sous le titre \u00ab\u00a0Herp\u00e8s g\u00e9nital : Aspects gyn\u00e9cologiques\u00a0\u00bb. Erratum dans J Obstet Gynaecol Can, vol.\u00a030, no\u00a09 (sept.\u00a02008), p.\u00a0767. \u00ab\u00a0Guidelines for the Management of Herpes Simplex Virus in Pregnancy\u00a0\u00bb, J Obstet Gynaecol Can, vol.\u00a030, no 6 (juin 2008), p.\u00a0466. Publi\u00e9 en fran\u00e7ais sous le titre \u00ab\u00a0Directive clinique sur la prise en charge du virus de l\u2019herp\u00e8s simplex pendant la grossesse\u00a0\u00bb.<\/p>\n<p>Magee, L., M. Helewa, J.M. Moutquin, P. von Dadelszen, A. Gruslin et collab. \u00ab\u00a0Diagnosis, evaluation, and management of the hypertensive disorders of pregnancy\u00a0\u00bb JOGC, vol.\u00a030, no 3 (2008), S3-38.<\/p>\n<p>Gruslin, A., M. Steben, S. Halperin, D.M. Money, M.H. Yudin, M. Boucher, B. Cormier, G. Ogilvie, C. Paquet, A. Steenbeek, N. Van Eyk, J. van Schalkwyk et T. Wong. \u00ab\u00a0Immunization in pregnancy\u00a0\u00bb, J Obstet Gynaecol Can, vol.\u00a030, no 12 (d\u00e9c. 2008), p.\u00a01149-54.<\/p>\n<p>Yudin, M.H., D.M. Money et A. Gruslin. \u00ab\u00a0Screening and management of bacterial vaginosis in pregnancy\u00a0\u00bb, J Obstet Gynaecol Can, vol.\u00a030, no\u00a08 (ao\u00fbt 2008), p.\u00a0702-16.<\/p>\n<p>Gruslin, A., M. Steben, S. Halperin, D.M. Money et M.H. Yudin. \u00ab\u00a0Immunization in pregnancy\u00a0\u00bb, J Obstet Gynaecol Can, vol.\u00a030, no 12 (d\u00e9c. 2008), p.\u00a01155-62. \u00c9galement publi\u00e9 en fran\u00e7ais sous le titre \u00ab\u00a0Immunisation pendant la grossesse\u00a0\u00bb.<\/p>\n<p>Wang, J., Q. Qiu, M. Haider, M. Bell, A. Gruslin et J.K. Christians. \u00ab\u00a0Expression of pregnancy associated plasma protein A2 (PAPPA2) during pregnancy in human and mouse\u00a0\u00bb, J Endocrinol, vol.\u00a0202, no 3 (sept.\u00a02009), p.\u00a0337-45. Publication \u00e9lectronique le 27 mai 2009.<\/p>\n<p>Money, D., M. Steben, T. Wong, A. Gruslin, M. Yudin, H. Cohen, M. Boucher, C. MacKinnon, C. Paquet et J. van Schalkwyk. \u00ab\u00a0Guidelines for the management of herpes simplex virus in pregnancy\u00a0\u00bb, Int J of Gynecology and Obstetrics, vol.\u00a0104 (2009), p.\u00a0167-171.<\/p>\n<p>Money, D., M. Steben, T. Wong, A. Gruslin, M. Yudin, H. Cohen, M. Boucher, C. MacKinnon, C. Paquet et J. van Schalkwyk. \u00ab\u00a0Guidelines for the management of herpes simplex virus in pregnancy\u00a0\u00bb, J Obstet Gynaecol Can, vol.\u00a030, no 6 (juin 2008), p.\u00a0514-26. Publi\u00e9 en fran\u00e7ais sous le titre \u00ab\u00a0Directive clinique sur la prise en charge du virus de l\u2019herp\u00e8s simplex pendant la grossesse\u00a0\u00bb.<\/p>\n<p>Gruslin, A., C.E. Cesta, M. Bell, Q. Qiu, M.A. Petre et A.C. Hollaway. \u00ab\u00a0Effect of nicotine exposure during pregnancy and lactation on maternal, fetal and postnatal rat IGF-II profile\u00a0\u00bb, Reproductive Science, 3 juin 2009. (Publication \u00e9lectronique avant impression).<\/p>\n<p>Maxwell, C., A. McGeer, K.F. Young Tai, M. Sermer, D. Farine, M. Basso, M.F. Delisle, L. Hudon, S. Menticoglou, W. Mundle, A. Ouellet, M.H. Yudin, M. Boucher, E. Castillo, B. Cormier, A. Gruslin, D.M. Money, K. Murphy, C. Paquet, A. Steenbeek, N. Van Eyk, J. van Schalkwyk et T. Wong. \u00ab\u00a0Management guidelines for obstetric patients and neonates born to mothers with suspected or probable severe acute respiratory syndrome (SARS)\u00a0\u00bb, J Obstet Gynaecol Can, vol.\u00a031, no 4 (avril 2009), p.\u00a0358-64, 365-72. Publi\u00e9 en fran\u00e7ais sous le titre \u00ab\u00a0Lignes directrices quant \u00e0 la prise en charge des patientes en obst\u00e9trique chez lesquelles la pr\u00e9sence du syndrome respiratoire aigu s\u00e9v\u00e8re (SRAS) est soup\u00e7onn\u00e9e ou probable, et des nouveau-n\u00e9s issus de ces patientes\u00a0\u00bb.<\/p>\n<p>Gruslin, A., M. Steben, S. Halperin, D.M. Money et M.H. Yudin. \u00ab\u00a0SOGC immunization in pregnancy\u00a0\u00bb, no 220, d\u00e9c.\u00a02008, Int J Gynaecol Obstet, vol.\u00a0105, no 2 (mai 2009), p.\u00a0187-91.<\/p>\n<p>Maxwell, C., A. McGeer, K.F. young Tai, M. Sermer, D. Farine, M. Basso, M.F. Delisle, L. Hudon, S. Menticoglou, W. Mundle, A. Ouellet, M.H. Yudin, M. Boucher, E. Castillo, B. Cormier, A. Gruslin, D.M. Money, K. Murphy, C. Paquet, A. Steenbeek, N. Van Eyk, J. van Schalkwyk et T. Wong. \u00ab\u00a0Management guidelines for obstetric patients and neonates born to mothers with suspected or probable severe acute respiratory syndrome (SARS)\u00a0\u00bb, International Journal of Gynecology &amp; Obstetrics, article sous presse en juin 2009.<\/p>\n<p>Yudin, M.H., J. van Schalkwyk, N. Van Eyk, M. Boucher, E. Castillo, B. Cormier, A. Gruslin, D.M. Money, K. Murphy, G. Ogilie, C. Paquet, A. Steenbeek, T. Wong, R. Gagnon, L. Hudon, M. Basso, H. Bos, M.F. Delisle, D. Farine, K. Grabowska, S. Menticoglou, W.R. Mundle, L.C. Murphy-Kaulbeck, A. Ouellet, T. Pressey et A. Roggensack. \u00ab\u00a0Antibiotic therapy in preterm premature rupture of the membranes\u00a0\u00bb, J Obstet Gynaecol Can, vol.\u00a031, no 9 (sept. 2009), p.\u00a0863-7, 868-74. Publi\u00e9 en fran\u00e7ais sous le titre \u00ab\u00a0Antibioth\u00e9rapie et rupture pr\u00e9matur\u00e9e des membranes pr\u00e9terme\u00a0\u00bb.<\/p>\n<p>Qiu, Q., X. Yan, M. Bell, Y. Tian, B.K. Tsang et A. Gruslin. \u00ab\u00a0Mature IGF-II prevents the formation of the \u00ab\u00a0big\u00a0\u00bb IGF-II\/IGFBP-2 complex under physiological conditions\u00a0\u00bb, Growth Horm &amp; IGF Res, 3 d\u00e9c. 2009. [Publication \u00e9lectronique avant impression]<\/p>\n<p>Ouellet, A. M Walker, JM Moutquin et A Gruslin. \u00ab\u00a0Prospective evaluation of intraplacental and umbilical vascular flow by colour Doppler in normal birth weight and fetal growth restricted term pregnancies\u00a0\u00bb. Manuscrit soumis en 2010.<\/p>\n<p>Jezierski, A., A. Gruslin, R. Tremblay, D. Ly, C. Smith, K. Turksen, M. Sikorska et M. Bani-Yaghoub. \u00ab\u00a0Probing Stemness and Neural Commitment in Human Amniotic Fluid Cells\u00a0\u00bb, Stem Cell Rev, 11 mars 2010. (Publication \u00e9lectronique avant impression)<\/p>\n<p>Christians, J.K. et A. Gruslin. \u00ab\u00a0Altered levels of insulin-like growth factor binding protein proteases in preeclampsia and intrauterine growth restriction\u00a0\u00bb, Prenat Diag, vol.\u00a030, no 9 (sept. 2010), p.\u00a0815-20.<\/p>\n<p>van Schalkwyk, J. et N. Van Eyk. Comit\u00e9 ex\u00e9cutif et le Conseil de la Soci\u00e9t\u00e9 des obst\u00e9triciens et gyn\u00e9cologues du Canada (Gruslin A et collab.). \u00ab\u00a0Antibiotic prophylaxis in obstetric procedures\u00a0\u00bb, J Obstet Gynaecol Can, vol.\u00a032, no 9 (sept. 2010), p.\u00a0878-92. Publi\u00e9 en fran\u00e7ais sous le titre \u00ab\u00a0Antibioprophylaxie dans le cadre d\u2019interventions obst\u00e9tricales\u00a0\u00bb.<\/p>\n<p>von Dadelszen, P., B. Payne, J. Li, J.M. Ansermino, F.B. Pipkin, A.M. C\u00f4t\u00e9, M.J. Douglas, A. Gruslin, J.A. Hutcheon, K. Joseph, P.M. Kyle, T. Lee, P. Loughna, J.M. Menzies, M. Merialdi, A.L. Millman, M.P. Moore, J.M. Moutquin, A.B. Ouellet, G.N. Smith, J.J. Walker, K.R. Walley, B.N. Walters, M. Widmer, S.K. Lee, J.A. Russell et L.A. Magee; PIERS Study Group. \u00ab\u00a0Prediction of adverse maternal outcomes in pre-eclampsia: development and validation of the fullPIERS model\u00a0\u00bb, Lancet, vol.\u00a0377, no 9761 (15 janv. 2011), p.\u00a0219-27.<\/p>\n<p>von Dadelszen, P., S. Dwinnell, L.A. Magee, B.C. Carleton, A. Gruslin, B. Lee, K.I. Lim, R.M. Liston, S.P. Miller, D. Rurak, R.L. Sherlock, M.A. Skoll, M.M. Wareing et P.N. Baker. \u00ab\u00a0Sildenafil citrate therapy for severe early-onset intrauterine growth restriction\u00a0\u00bb, Research into Advanced Fetal Diagnosis and Therapy (RAFT) Group, BJOG, vol.\u00a0118, no 5 (avril 2011), p.\u00a0624-8. doi: 10.1111\/j.1471-0528.2010.02879.<\/p>\n<p>Gaudet, L.M., A. Gruslin et L.A. Magee. \u00ab\u00a0Weight in pregnancy and its implications: what women report\u00a0\u00bb, J Obstet Gynaecol Can, vol.\u00a033, no 3 (mars 2011), p.\u00a0227-34.<\/p>\n<p>Gruslin, A., et B. Lemyre. \u00ab\u00a0Pre-eclampsia: fetal assessment and neonatal outcomes\u00a0\u00bb, Best Pract Res Clin Obstet Gynaecol, vol.\u00a025, no 4 (ao\u00fbt 2011), p.\u00a0491-507. Publication \u00e9lectronique le 6 avril 2011.<\/p>\n<p>Haider, M, Q Qiu, M Bani-Yaghoub, BK Tsang et A Gruslin. \u00ab\u00a0Characterization and role of NUMB in the human extravillous trophoblast\u00a0\u00bb, Placenta, vol.\u00a032, no 6 (juin 2011), p.\u00a0441-9. Publication \u00e9lectronique le 12 avril 2011.<\/p>\n<p>Magee, L.A., E. Abalos, P. von Dadelszen, B. Sibai, T. Easterling, S. Walkinshaw et CHIPS Study Group. \u00ab\u00a0How to manage hypertension in pregnancy effectively\u00a0\u00bb, Br J Clin Pharmacol, vol.\u00a072, no 3 (sept. 2011), p.\u00a0394-401. doi: 10.1111\/j.1365-2125.2011.04002.x.<\/p>\n<p>Kozic, J.F., S.J. Benton, J.A. Hutcheon, B.A. Payne, L.A. Jagee et P. von Dadelszen. \u00ab\u00a0preeclampsia integrated estimate of risk study group abnormal liver function tests as predictors of adverse maternal outcomes in women with preeclampsia\u00a0\u00bb, J Obstet Gynaecol Can, vol.\u00a033, no 10 (oct. 2011), p.\u00a0995-1004.<\/p>\n<p>von Dadelszen, P., K. Lim, S. Dwinnell, L. Magee, B. Carleton, A. Gruslin., B. Lee, R. Liston, S. Miller, D. Rurak, R. Sherlock, M. Skoll, M. Wareing et P. Baker. \u00ab\u00a0Reversed umbilical arterial end diastolic flow, sildenafil treatment and early stillbirths\u00a0\u00bb, BJOG, vol.\u00a0119, no 4 (mars 2012), p.\u00a0510. doi: 10.1111\/j.1471-0528.2011.03263.<\/p>\n<p>Hayes, E.K., A. Lechowicz, J.J. Petrik, Y. Storozhuk, S. Paez-Parent, Q. Dai, I.A. Samjoo, M. Mansell, A. Gruslin, A.C. Holloway et S. Raha. \u00ab\u00a0Adverse fetal and neonatal outcomes associates with a life-long high fat diet; Role of altered development of the placental vasculature\u00a0\u00bb, PLoS One, vol.\u00a07, no 3 (2012), e33370. Publication \u00e9lectronique le 19 mars 2012.<\/p>\n<p>Qing, Qiu, Mike Bell, Hongmei Wang, Xiaoyin Lu, Xiaojuan Yan, Marc Rodger, Mark Walker Shi-Wu Wen, Shannon Bainbridge et Andr\u00e9e Gruslin. \u00ab\u00a0Significance of IGFBP-4 in the development of fetal growth restriction\u00a0\u00bb, accept\u00e9 pour \u00eatre publi\u00e9 dans JCEM, 2012.<\/p>\n<p>Nous b\u00e9n\u00e9ficions pour nos recherches de g\u00e9n\u00e9reuses subventions des Instituts de recherche en sant\u00e9 du Canada et de l\u2019Association m\u00e9dicale universitaire de L\u2019H\u00f4pital d\u2019Ottawa.<\/p>\n","protected":false},"excerpt":{"rendered":"<p>La recherche est importante pour faire progresser la m\u00e9decine et am\u00e9liorer les soins. Notre \u00e9quipe participe activement aux recherches cliniques et scientifiques. Nous pourrions donc vous demander si vous \u00eates int\u00e9ress\u00e9e \u00e0 participer \u00e0 l\u2019un de nos projets de recherche. Vous \u00eates enti\u00e8rement libre de participer ou non \u00e0 ces projets. Nous menons des recherches [&hellip;]<\/p>\n","protected":false},"author":25,"featured_media":0,"parent":8992,"menu_order":5,"comment_status":"closed","ping_status":"closed","template":"","meta":{"_acf_changed":false,"_mc_calendar":[],"footnotes":""},"class_list":["post-9047","page","type-page","status-publish","hentry"],"acf":[],"wps_subtitle":"","_links":{"self":[{"href":"https:\/\/www.ottawahospital.on.ca\/fr\/wp-json\/wp\/v2\/pages\/9047","targetHints":{"allow":["GET"]}}],"collection":[{"href":"https:\/\/www.ottawahospital.on.ca\/fr\/wp-json\/wp\/v2\/pages"}],"about":[{"href":"https:\/\/www.ottawahospital.on.ca\/fr\/wp-json\/wp\/v2\/types\/page"}],"author":[{"embeddable":true,"href":"https:\/\/www.ottawahospital.on.ca\/fr\/wp-json\/wp\/v2\/users\/25"}],"replies":[{"embeddable":true,"href":"https:\/\/www.ottawahospital.on.ca\/fr\/wp-json\/wp\/v2\/comments?post=9047"}],"version-history":[{"count":0,"href":"https:\/\/www.ottawahospital.on.ca\/fr\/wp-json\/wp\/v2\/pages\/9047\/revisions"}],"up":[{"embeddable":true,"href":"https:\/\/www.ottawahospital.on.ca\/fr\/wp-json\/wp\/v2\/pages\/8992"}],"wp:attachment":[{"href":"https:\/\/www.ottawahospital.on.ca\/fr\/wp-json\/wp\/v2\/media?parent=9047"}],"curies":[{"name":"wp","href":"https:\/\/api.w.org\/{rel}","templated":true}]}}