{"id":9034,"date":"2016-11-18T15:30:28","date_gmt":"2016-11-18T20:30:28","guid":{"rendered":"http:\/\/52.229.122.34\/fr\/?page_id=9034"},"modified":"2016-11-18T15:30:28","modified_gmt":"2016-11-18T20:30:28","slug":"a-quoi-sattendre-a-votre-rendez-vous","status":"publish","type":"page","link":"https:\/\/www.ottawahospital.on.ca\/fr\/services-cliniques\/deptpgrmcs\/cliniques-et-services\/clinique-de-sante-du-placenta\/a-quoi-sattendre-a-votre-rendez-vous\/","title":{"rendered":"\u00c0 quoi s&rsquo;attendre \u00e0 votre rendez-vous?"},"content":{"rendered":"<p>Pour obtenir une consultation \u00e0 la Clinique de sant\u00e9 du placenta, vous devez avoir une recommandation de votre m\u00e9decin ou de votre sage-femme. Nous demandons que le professionnel de la sant\u00e9 qui vous envoie s\u2019occupe de votre test de Pap et de toutes vos prises de sang avant votre rendez-vous pour nous permettre de nous concentrer sur votre situation particuli\u00e8re.<\/p>\n<p>Le premier rendez-vous a habituellement lieu vers la 8e semaine de grossesse. Pendant ce rendez-vous, nous discuterons avec vous de la prise en charge de votre grossesse. Nous \u00e9tablirons l\u2019horaire de vos rendez-vous et de vos \u00e9chographies en fonction de vos besoins.<\/p>\n<p>N\u2019h\u00e9sitez pas \u00e0 poser beaucoup de questions et \u00e0 parler de toutes vos pr\u00e9occupations pendant vos rendez-vous. Nous sommes l\u00e0 pour vous aider!<\/p>\n","protected":false},"excerpt":{"rendered":"<p>Pour obtenir une consultation \u00e0 la Clinique de sant\u00e9 du placenta, vous devez avoir une recommandation de votre m\u00e9decin ou de votre sage-femme. Nous demandons que le professionnel de la sant\u00e9 qui vous envoie s\u2019occupe de votre test de Pap et de toutes vos prises de sang avant votre rendez-vous pour nous permettre de nous [&hellip;]<\/p>\n","protected":false},"author":25,"featured_media":0,"parent":8992,"menu_order":4,"comment_status":"closed","ping_status":"closed","template":"","meta":{"_acf_changed":false,"_mc_calendar":[],"footnotes":""},"class_list":["post-9034","page","type-page","status-publish","hentry"],"acf":[],"wps_subtitle":"","_links":{"self":[{"href":"https:\/\/www.ottawahospital.on.ca\/fr\/wp-json\/wp\/v2\/pages\/9034","targetHints":{"allow":["GET"]}}],"collection":[{"href":"https:\/\/www.ottawahospital.on.ca\/fr\/wp-json\/wp\/v2\/pages"}],"about":[{"href":"https:\/\/www.ottawahospital.on.ca\/fr\/wp-json\/wp\/v2\/types\/page"}],"author":[{"embeddable":true,"href":"https:\/\/www.ottawahospital.on.ca\/fr\/wp-json\/wp\/v2\/users\/25"}],"replies":[{"embeddable":true,"href":"https:\/\/www.ottawahospital.on.ca\/fr\/wp-json\/wp\/v2\/comments?post=9034"}],"version-history":[{"count":0,"href":"https:\/\/www.ottawahospital.on.ca\/fr\/wp-json\/wp\/v2\/pages\/9034\/revisions"}],"up":[{"embeddable":true,"href":"https:\/\/www.ottawahospital.on.ca\/fr\/wp-json\/wp\/v2\/pages\/8992"}],"wp:attachment":[{"href":"https:\/\/www.ottawahospital.on.ca\/fr\/wp-json\/wp\/v2\/media?parent=9034"}],"curies":[{"name":"wp","href":"https:\/\/api.w.org\/{rel}","templated":true}]}}