{"id":9029,"date":"2016-11-18T15:29:00","date_gmt":"2016-11-18T20:29:00","guid":{"rendered":"http:\/\/52.229.122.34\/fr\/?page_id=9029"},"modified":"2025-07-21T09:37:03","modified_gmt":"2025-07-21T13:37:03","slug":"programme-de-cancerologie-pour-les-autochtones","status":"publish","type":"page","link":"https:\/\/www.ottawahospital.on.ca\/fr\/services-cliniques\/deptpgrmcs\/programmes\/programme-de-cancerologie\/nos-programmes-et-cliniques\/programme-de-cancerologie-pour-les-autochtones\/","title":{"rendered":"Programme de canc\u00e9rologie pour les autochtones"},"content":{"rendered":"<h2>Aper\u00e7u<\/h2>\n<p>Le Programme de canc\u00e9rologie \u00e0 l\u2019intention des peuples autochtones a pour but d\u2019am\u00e9liorer l\u2019exp\u00e9rience des patients autochtones en canc\u00e9rologie. Ses objectifs sont fond\u00e9s sur la <a href=\"https:\/\/www.cancercareontario.ca\/fr\/propos-action-cancer-ontario\/programmes\/programmes-peuples-autochtones\" target=\"_blank\" rel=\"noopener noreferrer\">Strat\u00e9gie pour la lutte contre le cancer chez les peuples autochtones\u00a0III<\/a> d\u2019Action Cancer Ontario, dont la vision est d\u2019am\u00e9liorer le rendement du syst\u00e8me de canc\u00e9rologie avec les peuples des Premi\u00e8res Nations, les Inuits et les M\u00e9tis de l\u2019Ontario et pour eux d\u2019une fa\u00e7on qui honore le cheminement autochtone vers le mieux-\u00eatre.<\/p>\n<h2>Notre \u00e9quipe<img decoding=\"async\" class=\"size-full wp-image-9023 alignright img-responsive\" src=\"\/wp-content\/uploads\/2016\/11\/Aboriginal-Cancer-Program-Team.png\" alt=\"Aboriginal Cancer Program Team\" width=\"200\" height=\"263\" \/><\/h2>\n<p>Notre \u00e9quipe se compose d\u2019un responsable clinique r\u00e9gional autochtone, d\u2019une infirmi\u00e8re pivot autochtone et d\u2019un coordonnateur autochtone de programme. Ces personnes travaillent de pr\u00e8s avec les patients et les familles des peuples des Premi\u00e8res Nations, des Inuits et des M\u00e9tis de la r\u00e9gion de Champlain pour am\u00e9liorer l\u2019acc\u00e8s aux soins et aux services de canc\u00e9rologie d\u2019une fa\u00e7on respectueuse et adapt\u00e9e aux besoins culturels.<\/p>\n<h2>Nos services<\/h2>\n<p>Nous offrons aux patients autochtones et \u00e0 leur famille les services de soutien suivants\u00a0:<\/p>\n<ul>\n<li>aide pour naviguer dans le syst\u00e8me de sant\u00e9;<\/li>\n<li>aide pour la coordination des services;<\/li>\n<li>liaison avec les membres de l\u2019\u00e9quipe de soins pour assurer la continuit\u00e9 des soins;<\/li>\n<li>aide pour l\u2019obtention de services linguistiques et de traduction;<\/li>\n<li>soutien pendant les rendez-vous en clinique et autres rendez-vous;<\/li>\n<li>Aide pour avoir acc\u00e8s \u00e0 un soutien spirituel.<\/li>\n<li>pr\u00e9paration du patient \u00e0 son premier rendez-vous au sein du programme de canc\u00e9rologie.<\/li>\n<\/ul>\n<p>Nous travaillons avec notre \u00e9quipe de soins pour offrir le soutien et l\u2019information n\u00e9cessaires afin de s\u2019assurer que les soins dispens\u00e9s sont s\u00e9curitaires et adapt\u00e9s \u00e0 la culture.<\/p>\n<p>Nous collaborons avec nos partenaires r\u00e9gionaux pour trouver des solutions aux probl\u00e8mes syst\u00e9miques et am\u00e9liorer l\u2019acc\u00e8s aux services et l\u2019exp\u00e9rience des patients en canc\u00e9rologie.<\/p>\n<h2>Menu Country Food<\/h2>\n<p><strong>\u00a0<\/strong>L\u2019H\u00f4pital d\u2019Ottawa a le plaisir de proposer un menu Country Food aux patients autochtones du Programme de canc\u00e9rologie hospitalis\u00e9s dans les unit\u00e9s 5E\/O et 6E\/O du Campus G\u00e9n\u00e9ral dans le cadre de son engagement d\u2019offrir des soins ax\u00e9s sur la s\u00e9curit\u00e9 culturelle.<\/p>\n<p><strong>Au menu Country Food <\/strong><\/p>\n<p>Voici quelques-uns des aliments servis par L\u2019H\u00f4pital d\u2019Ottawa dans le menu Country Food* :<\/p>\n<ul>\n<li>Omble chevalier<\/li>\n<li>Bannique<\/li>\n<li>Bouillon<\/li>\n<li>Rago\u00fbt de caribou<\/li>\n<li>Confiture de framboises<\/li>\n<\/ul>\n<p><em>*Information importante : le menu peut \u00eatre modifi\u00e9 en fonction de la disponibilit\u00e9. <\/em><em>L\u2019H\u00f4pital d\u2019Ottawa s\u2019engage \u00e0 se procurer des ingr\u00e9dients frais et d\u2019excellente qualit\u00e9 qui sont fid\u00e8les aux traditions des aliments pr\u00e9lev\u00e9s dans la nature.<\/em><\/p>\n<p><strong>Comment demander un menu Country Food<\/strong><\/p>\n<p>Pour vous faire servir un menu Country Food durant votre s\u00e9jour \u00e0 L\u2019H\u00f4pital d\u2019Ottawa, il vous suffit de le demander \u00e0 votre professionnel de la sant\u00e9.<\/p>\n<p><strong>Votre avis nous int\u00e9resse <\/strong><\/p>\n<p>Pour nous assurer que le menu Country Food r\u00e9pond aux besoins des patients, nous invitons les personnes qui y ont go\u00fbt\u00e9 \u00e0 <a href=\"https:\/\/toh.qualtrics.com\/jfe\/form\/SV_cwP8Uc4qJjKcJqC?Q_CHL=qr\">r\u00e9pondre \u00e0 un sondage<\/a>.<\/p>\n<p>Important : vous pouvez aussi r\u00e9pondre au sondage avec l\u2019aide d\u2019un membre de votre \u00e9quipe de soins.<\/p>\n<p><strong>Des questions?<\/strong><\/p>\n<p>Si vous avez des questions sur le sondage ou le programme Menu Country Food, n\u2019h\u00e9sitez pas \u00e0 contacter l\u2019une des deux personnes suivantes :<\/p>\n<p>Mackenzie Daybutch : <a href=\"mailto:mdaybutch@lho.ca\">mdaybutch@lho.ca<\/a>; T\u00e9l. : 613 737-7700, poste 73607 |<br \/>\nCell. : 613 447-6790<\/p>\n<p>Michelle Day : <a href=\"mailto:miday@lho.ca\">miday@lho.ca<\/a>; T\u00e9l. : 613 798-5555, poste 70141 | Cell. : 343 598-7751<\/p>\n<h2>Ressources et renseignements<\/h2>\n<p>Pour en savoir plus et obtenir d\u2019autres ressources \u00e0 l\u2019intention des patients et des familles des peuples des Premi\u00e8res Nations, des Inuits et des M\u00e9tis, <a href=\"https:\/\/www.ottawahospital.on.ca\/fr\/services-cliniques\/deptpgrmcs\/programmes\/programme-de-cancerologie\/nos-programmes-et-cliniques\/education-information-et-ressources-pour-les-patients\/\">visitez l\u2019un de nos Centres de ressources pour les patients et leur famille<\/a>.<\/p>\n<h2>Salle communautaire Wind\u00f2c\u00e0ge<\/h2>\n<p>Wind\u00f2c\u00e0ge est un mot algonquin qui signifie \u00ab tendre la main \u00bb. Au Centre de canc\u00e9rologie de L\u2019H\u00f4pital d\u2019Ottawa, nous croyons que chaque personne devrait pouvoir b\u00e9n\u00e9ficier d\u2019un coup de main pendant son cheminement contre le cancer. Nous sommes fiers de pouvoir mettre la salle communautaire Wind\u00f2c\u00e0ge \u00e0 la disposition de nos patients autochtones et de leur famille.<\/p>\n<p>Cette salle est un lieu de bien-\u00eatre et de calme con\u00e7u \u00e0 l\u2019intention des patients et des familles des peuples des Premi\u00e8res Nations, des Inuits et des M\u00e9tis. Les couleurs neutres et les mat\u00e9riaux d\u2019aspect naturel nous ram\u00e8nent \u00e0 la nature et nous rappellent notre coin de pays et notre communaut\u00e9. La salle donne sur le salon du foyer. Les patients et les familles ont acc\u00e8s \u00e0 un jardin de m\u00e9ditation ext\u00e9rieur pour les c\u00e9r\u00e9monies traditionnelles (du tabac pour les c\u00e9r\u00e9monies est disponible dans la salle communautaire Wind\u00f2c\u00e0ge).<\/p>\n<p>Nous vous encourageons \u00e0 utiliser la salle communautaire Wind\u00f2c\u00e0ge pour vous d\u00e9tendre, vous recueillir ou vous reposer pendant que vous \u00eates au Centre de canc\u00e9rologie pour vos rendez-vous.<\/p>\n<p><img decoding=\"async\" class=\"aligncenter size-full wp-image-9022 img-responsive\" src=\"\/wp-content\/uploads\/2016\/11\/AboriginalCancerProgram.jpg\" alt=\"aboriginalcancerprogram\" width=\"550\" height=\"367\" srcset=\"https:\/\/www.ottawahospital.on.ca\/wp-content\/uploads\/2016\/11\/AboriginalCancerProgram.jpg 550w, https:\/\/www.ottawahospital.on.ca\/wp-content\/uploads\/2016\/11\/AboriginalCancerProgram-300x200.jpg 300w\" sizes=\"(max-width: 550px) 100vw, 550px\" \/><\/p>\n<h2>Nous joindre<\/h2>\n<p>Pour parler \u00e0 un membre de l\u2019\u00e9quipe du programme ou faire une demande de services, communiquez avec Mackenzie Daybutch, coordonnatrice de programme de canc\u00e9rologie pour les autochtones, \u00e0 l\u2019adresse <a href=\"mailto:mdaybutch@toh.ca\">mdaybutch@toh.ca<\/a> ou au 613-737-7700, poste 73607.<\/p>\n<p>Pour en savoir plus sur le programme, communiquez avec Michelle Day (Gestionnaire, Soins centr\u00e9s sur la personne) \u00e0 l\u2019adresse\u00a0<a href=\"mailto:miday@toh.ca\">miday@toh.ca<\/a>\u00a0ou au 613-798-5555, poste 70141.<\/p>\n","protected":false},"excerpt":{"rendered":"<p>Aper\u00e7u Le Programme de canc\u00e9rologie \u00e0 l\u2019intention des peuples autochtones a pour but d\u2019am\u00e9liorer l\u2019exp\u00e9rience des patients autochtones en canc\u00e9rologie. Ses objectifs sont fond\u00e9s sur la Strat\u00e9gie pour la lutte contre le cancer chez les peuples autochtones\u00a0III d\u2019Action Cancer Ontario, dont la vision est d\u2019am\u00e9liorer le rendement du syst\u00e8me de canc\u00e9rologie avec les peuples des [&hellip;]<\/p>\n","protected":false},"author":25,"featured_media":0,"parent":8984,"menu_order":1,"comment_status":"closed","ping_status":"closed","template":"","meta":{"_acf_changed":false,"_mc_calendar":[],"footnotes":""},"class_list":["post-9029","page","type-page","status-publish","hentry"],"acf":[],"wps_subtitle":"","_links":{"self":[{"href":"https:\/\/www.ottawahospital.on.ca\/fr\/wp-json\/wp\/v2\/pages\/9029","targetHints":{"allow":["GET"]}}],"collection":[{"href":"https:\/\/www.ottawahospital.on.ca\/fr\/wp-json\/wp\/v2\/pages"}],"about":[{"href":"https:\/\/www.ottawahospital.on.ca\/fr\/wp-json\/wp\/v2\/types\/page"}],"author":[{"embeddable":true,"href":"https:\/\/www.ottawahospital.on.ca\/fr\/wp-json\/wp\/v2\/users\/25"}],"replies":[{"embeddable":true,"href":"https:\/\/www.ottawahospital.on.ca\/fr\/wp-json\/wp\/v2\/comments?post=9029"}],"version-history":[{"count":0,"href":"https:\/\/www.ottawahospital.on.ca\/fr\/wp-json\/wp\/v2\/pages\/9029\/revisions"}],"up":[{"embeddable":true,"href":"https:\/\/www.ottawahospital.on.ca\/fr\/wp-json\/wp\/v2\/pages\/8984"}],"wp:attachment":[{"href":"https:\/\/www.ottawahospital.on.ca\/fr\/wp-json\/wp\/v2\/media?parent=9029"}],"curies":[{"name":"wp","href":"https:\/\/api.w.org\/{rel}","templated":true}]}}