{"id":9027,"date":"2016-11-18T15:29:02","date_gmt":"2016-11-18T20:29:02","guid":{"rendered":"http:\/\/52.229.122.34\/fr\/?page_id=9027"},"modified":"2020-12-16T16:17:59","modified_gmt":"2020-12-16T21:17:59","slug":"notre-personnel","status":"publish","type":"page","link":"https:\/\/www.ottawahospital.on.ca\/fr\/services-cliniques\/deptpgrmcs\/cliniques-et-services\/clinique-de-sante-du-placenta\/notre-personnel\/","title":{"rendered":"Notre personnel"},"content":{"rendered":"<p>Beaucoup d\u2019intervenants participent \u00e0 l\u2019approche multidisciplinaire pr\u00e9conis\u00e9e de la Clinique de sant\u00e9 du placenta<\/p>\n<h2>Nos cliniciens<\/h2>\n<p>Notre \u00e9quipe d\u2019experts en m\u00e9decine materno-f\u0153tale se compose d\u2019une sp\u00e9cialiste principale, la D<sup>re<\/sup> A. Gruslin, et de trois cliniciens affili\u00e9s : D<sup>re<\/sup> Bonin, D<sup>r<\/sup> Jones et D<sup>r<\/sup> Moretti. Notre \u00e9quipe peut aussi compter sur l\u2019aide pr\u00e9cieuse du D<sup>r<\/sup> D. Grynspan, pathologiste p\u00e9rinatal.<\/p>\n<p>Notre sp\u00e9cialiste principale, la D<sup>re<\/sup> Gruslin, est une scientifique-clinicienne qui a consacr\u00e9 sa carri\u00e8re \u00e0 mieux comprendre et prendre en charge les maladies du placenta.<\/p>\n<p>La D<sup>re<\/sup> Bonin apporte une vaste expertise et un jugement clinique hors pair, sans parler de son leadership et de ses aptitudes en formation et en administration. \u00c0 titre de directrice de la formation m\u00e9dicale \u00e0 L\u2019H\u00f4pital d\u2019Ottawa, elle s\u2019occupe de cet important aspect de notre clinique.<\/p>\n<p><img decoding=\"async\" class=\"aligncenter img-responsive\" src=\"\/wp-content\/uploads\/2016\/11\/DrBonin.jpg\" alt=\"Dr Bonin\" width=\"307\" height=\"312\" \/><\/p>\n<p>Le D<sup>r<\/sup>\u00a0Jones est directeur m\u00e9dical du Service d\u2019\u00e9chographie obst\u00e9trique et gyn\u00e9cologique. Il fournit des conseils et donne son avis sur des questions de m\u00e9decine materno-f\u0153tale, notamment en ce qui concerne l\u2019application de l\u2019\u00e9chographie pour \u00e9valuer le f\u0153tus et le placenta.<\/p>\n<p><img decoding=\"async\" class=\"aligncenter img-responsive\" src=\"\/wp-content\/uploads\/2016\/11\/DrJones.jpg\" alt=\"Dr Jones\" width=\"299\" height=\"448\" \/><\/p>\n<p>\u00c9galement sp\u00e9cialiste en m\u00e9decine materno-f\u0153tale, le D<sup>r<\/sup> Moretti poss\u00e8de une exp\u00e9rience internationale, des connaissances cliniques et des aptitudes en formation.<\/p>\n<p><img decoding=\"async\" class=\"aligncenter img-responsive\" src=\"\/wp-content\/uploads\/2016\/11\/DrMoretti.jpg\" alt=\"Dr Moretti\" width=\"448\" height=\"336\" \/><\/p>\n<p>Le D<sup>r<\/sup>\u00a0Grynspan, pathologiste p\u00e9rinatal, poss\u00e8de de vastes comp\u00e9tences en formation, en recherche et en services cliniques. Il offre des conseils d\u2019expert sur les anomalies du placenta, ce qui nous aide \u00e0 mieux comprendre la maladie et \u00e0 pr\u00e9voir un plan de prise en charge pour les grossesses ult\u00e9rieures.<\/p>\n<p><img decoding=\"async\" class=\"aligncenter img-responsive\" src=\"\/wp-content\/uploads\/2016\/11\/DrGrynspan.jpg\" alt=\"Dr Grynspan\" width=\"336\" height=\"358\" \/><\/p>\n<h2>Infirmi\u00e8res<\/h2>\n<p>Infirmi\u00e8re de pratique avanc\u00e9e, D. Kaye coordonne les services de l\u2019\u00e9quipe, les soins et la planification de la prise en charge des patientes. Elle est souvent votre premier point de contact au t\u00e9l\u00e9phone. C\u2019est elle qui r\u00e9pondra \u00e0 vos questions ou vous dirigera vers la bonne personne.<\/p>\n<p>Notre clinique b\u00e9n\u00e9ficie d\u2019infirmi\u00e8res sp\u00e9cialis\u00e9es qui offrent des services et fournissent de l\u2019information aux parents. Elles conseillent et aident nos patientes tout en offrant des soins infirmiers cibl\u00e9s dans le contexte de la sant\u00e9 du placenta.<\/p>\n<h2>R\u00e9ceptionnistes<\/h2>\n<p>Les r\u00e9ceptionnistes accueillent les patientes et aident \u00e0 coordonner et \u00e0 planifier les rendez-vous d\u2019\u00e9chographie et les consultations cliniques.<\/p>\n<p><img decoding=\"async\" class=\"aligncenter img-responsive\" src=\"\/wp-content\/uploads\/2016\/11\/Receptionists.jpg\" alt=\"Receptionists\" width=\"448\" height=\"304\" \/><\/p>\n<h2>Technologues en \u00e9chographie<\/h2>\n<p>Notre Service d\u2019\u00e9chographie obst\u00e9trique et gyn\u00e9cologique est un centre de r\u00e9f\u00e9rence r\u00e9gional tr\u00e8s occup\u00e9. On y voit les cas p\u00e9rinataux complexes de l\u2019Est de l\u2019Ontario, de l\u2019Ouest du Qu\u00e9bec et de l\u2019\u00eele de Baffin. Nos technologues en \u00e9chographie sont sp\u00e9cialement form\u00e9s pour \u00e9valuer l\u2019anatomie du b\u00e9b\u00e9 et la pr\u00e9sence d\u2019anomalies. Ils \u00e9valuent le bien-\u00eatre de l\u2019enfant \u00e0 l\u2019aide de diff\u00e9rents examens, comme l\u2019\u00e9chographie Doppler, qui mesure la circulation du sang, et le profil biophysique, un test qui \u00e9value l\u2019activit\u00e9 du b\u00e9b\u00e9 dans l\u2019ut\u00e9rus. Les technologues en \u00e9chographie ont aussi les comp\u00e9tences n\u00e9cessaires pour v\u00e9rifier la pr\u00e9sence d\u2019anomalies et de probl\u00e8mes de circulation sanguine du placenta. Les \u00e9chographies qu\u2019ils font passer sont ensuite examin\u00e9es et interpr\u00e9t\u00e9es par les cliniciens de la clinique de sant\u00e9 du placenta ou par un des sp\u00e9cialistes de la Division de m\u00e9decine materno-f\u0153tale. Le professionnel consult\u00e9 formule ensuite des recommandations au sujet des soins.<\/p>\n<h2>Psychologue clinicienne<\/h2>\n<p>Les femmes qui vivent une grossesse compliqu\u00e9e \u00e9prouvent parfois du stress, de l\u2019anxi\u00e9t\u00e9 et d\u2019autres difficult\u00e9s sur le plan psychologique. Kerry Ritchie, notre psychologue clinicienne sp\u00e9cialis\u00e9e en p\u00e9rinatalit\u00e9, offre des services de consultation et peut vous aider \u00e0 surmonter ces d\u00e9fis pendant votre grossesse. Les psychologues de la sant\u00e9 offrent des services diagnostiques, d\u2019\u00e9valuation et de consultation, ainsi que des interventions et des th\u00e9rapies individuelles et de couple. M<sup>me<\/sup> Ritchie aide les patientes \u00e0 se pr\u00e9parer \u00e0 leur traitement m\u00e9dical et \u00e0 suivre leur plan de traitement. Certains facteurs, comme un traumatisme ou un acte de violence subi avant la grossesse, le manque de confiance dans les professionnels de la sant\u00e9, la difficult\u00e9 \u00e0 interagir avec l\u2019\u00e9quipe de soins et les troubles de la personnalit\u00e9 peuvent interf\u00e9rer avec la capacit\u00e9 de s\u2019adapter \u00e0 la maladie et au traitement. Si c\u2019est votre cas, notre psychologue vous aidera \u00e0 mieux comprendre la situation et \u00e0 trouver des moyens plus sains de vous adapter.<\/p>\n<h2>Travailleuses sociales<\/h2>\n<p>Beaucoup de probl\u00e8mes peuvent influencer la situation des parents aux prises avec une grossesse \u00e0 risque. Les travailleuses sociales, Sonia Barruzo et Karen Dryden-Kiser, sont l\u00e0 pour faciliter l\u2019exp\u00e9rience des parents qui vivent une grossesse difficile et qui sont aux prises avec des probl\u00e8mes vari\u00e9s\u00a0:\u00a0difficult\u00e9s financi\u00e8res, gestion des d\u00e9placements, conditions de vie et de logement, counseling, gestion du stress et de situations personnelles et familiales difficiles.<\/p>\n<h2>Stagiaires<\/h2>\n<p>L\u2019H\u00f4pital d\u2019Ottawa \u00e9tant un centre hospitalier universitaire, il y a de fortes chances que vous rencontrerez des stagiaires pendant vos rendez-vous \u00e0 la clinique. La plupart du temps, vous rencontrerez un moniteur clinique. Le moniteur clinique est un obst\u00e9tricien-gyn\u00e9cologue en formation pour devenir un sp\u00e9cialiste des grossesses \u00e0 risque (sp\u00e9cialiste en m\u00e9decine materno-f\u0153tale). Ces m\u00e9decins sont hautement qualifi\u00e9s et travaillent directement sous la supervision du personnel m\u00e9dical de la clinique.<\/p>\n<p>Vous pourriez aussi recevoir des soins de r\u00e9sidents. Ces m\u00e9decins sont des obst\u00e9triciens-gyn\u00e9cologues en formation qui poss\u00e8dent les comp\u00e9tences et connaissances n\u00e9cessaires pour s\u2019occuper de vous.<\/p>\n<p>Sachez que le m\u00e9decin de la clinique est <strong>toujours<\/strong> pr\u00e9sent. Vous pouvez <strong>toujours<\/strong> demander de le rencontrer apr\u00e8s votre rendez-vous avec un de nos m\u00e9decins en formation.<\/p>\n<h2>N\u00e9onatologistes<\/h2>\n<p>Les n\u00e9onatologistes sont des m\u00e9decins sp\u00e9cialis\u00e9s dans les soins aux b\u00e9b\u00e9s pr\u00e9matur\u00e9s, de poids insuffisant ou pr\u00e9sentant des complications. Comme il peut y avoir des complications \u00e0 l\u2019accouchement ou apr\u00e8s la naissance, les n\u00e9onatologistes font partie int\u00e9grante de notre \u00e9quipe de soins. Selon votre situation, vous pourriez rencontrer le n\u00e9onatologiste avant l\u2019accouchement pour lui permettre de r\u00e9pondre \u00e0 toutes vos questions.<\/p>\n<h2>G\u00e9n\u00e9ticiens<\/h2>\n<p>Il peut arriver qu\u2019un probl\u00e8me g\u00e9n\u00e9tique soit responsable du probl\u00e8me de croissance du b\u00e9b\u00e9. Si c\u2019est le cas, on pourrait vous diriger vers un g\u00e9n\u00e9ticien au Centre hospitalier pour enfants de l\u2019est de l\u2019Ontario (CHEO) pour discuter plus en d\u00e9tail de cette possibilit\u00e9 et vous recommander les examens appropri\u00e9s.<\/p>\n<h2>Anesth\u00e9siologistes<\/h2>\n<p>Nous avons acc\u00e8s \u00e0 des anesth\u00e9siologistes qui sont sp\u00e9cialis\u00e9s en obst\u00e9trique et qui comprennent bien les questions habituelles ou les probl\u00e8mes complexes li\u00e9s \u00e0 la grossesse. Vous aurez peut-\u00eatre besoin de rencontrer un anesth\u00e9siologiste \u00e0 vos rendez-vous \u00e0 la clinique ou au moment de l\u2019accouchement.<\/p>\n<h2>Personnel de l\u2019Unit\u00e9 des naissances<\/h2>\n<p>L\u2019Unit\u00e9 des naissances du Campus G\u00e9n\u00e9ral est un centre r\u00e9gional de soins tertiaires. Le personnel est donc bien familier avec les complications qui peuvent survenir telles que celles li\u00e9es aux maladies du placenta. L\u2019empathie, la compassion, les comp\u00e9tences et l\u2019excellence des soins du personnel faciliteront la naissance de votre b\u00e9b\u00e9.<\/p>\n<div class=\"row\">\n<div class=\"col-md-4\"><img decoding=\"async\" class=\"alignleft img-responsive\" src=\"\/wp-content\/uploads\/2016\/11\/nurses.jpg\" alt=\"nurses\" width=\"448\" height=\"299\" \/><\/div>\n<div class=\"col-md-4\"><img decoding=\"async\" class=\"alignleft img-responsive\" src=\"\/wp-content\/uploads\/2016\/11\/triage.jpg\" alt=\"triage\" width=\"448\" height=\"336\" \/><\/div>\n<div class=\"col-md-4\"><img decoding=\"async\" class=\"alignleft img-responsive\" src=\"\/wp-content\/uploads\/2016\/11\/patientroom.jpg\" alt=\"patient room\" width=\"448\" height=\"336\" \/><\/div>\n<\/div>\n","protected":false},"excerpt":{"rendered":"<p>Beaucoup d\u2019intervenants participent \u00e0 l\u2019approche multidisciplinaire pr\u00e9conis\u00e9e de la Clinique de sant\u00e9 du placenta Nos cliniciens Notre \u00e9quipe d\u2019experts en m\u00e9decine materno-f\u0153tale se compose d\u2019une sp\u00e9cialiste principale, la Dre A. Gruslin, et de trois cliniciens affili\u00e9s : Dre Bonin, Dr Jones et Dr Moretti. Notre \u00e9quipe peut aussi compter sur l\u2019aide pr\u00e9cieuse du Dr D. [&hellip;]<\/p>\n","protected":false},"author":25,"featured_media":0,"parent":8992,"menu_order":3,"comment_status":"closed","ping_status":"closed","template":"","meta":{"_acf_changed":false,"_mc_calendar":[],"footnotes":""},"class_list":["post-9027","page","type-page","status-publish","hentry"],"acf":[],"wps_subtitle":"","_links":{"self":[{"href":"https:\/\/www.ottawahospital.on.ca\/fr\/wp-json\/wp\/v2\/pages\/9027","targetHints":{"allow":["GET"]}}],"collection":[{"href":"https:\/\/www.ottawahospital.on.ca\/fr\/wp-json\/wp\/v2\/pages"}],"about":[{"href":"https:\/\/www.ottawahospital.on.ca\/fr\/wp-json\/wp\/v2\/types\/page"}],"author":[{"embeddable":true,"href":"https:\/\/www.ottawahospital.on.ca\/fr\/wp-json\/wp\/v2\/users\/25"}],"replies":[{"embeddable":true,"href":"https:\/\/www.ottawahospital.on.ca\/fr\/wp-json\/wp\/v2\/comments?post=9027"}],"version-history":[{"count":0,"href":"https:\/\/www.ottawahospital.on.ca\/fr\/wp-json\/wp\/v2\/pages\/9027\/revisions"}],"up":[{"embeddable":true,"href":"https:\/\/www.ottawahospital.on.ca\/fr\/wp-json\/wp\/v2\/pages\/8992"}],"wp:attachment":[{"href":"https:\/\/www.ottawahospital.on.ca\/fr\/wp-json\/wp\/v2\/media?parent=9027"}],"curies":[{"name":"wp","href":"https:\/\/api.w.org\/{rel}","templated":true}]}}